{"id":7585,"date":"2019-12-08T06:07:56","date_gmt":"2019-12-08T06:07:56","guid":{"rendered":"https:\/\/demo.goodlayers.com\/mediz\/hospital\/?page_id=7585"},"modified":"2023-09-08T08:58:28","modified_gmt":"2023-09-08T08:58:28","slug":"addominoplastica","status":"publish","type":"page","link":"https:\/\/ayfaclinic.com\/it\/addominoplastica\/","title":{"rendered":"Addominoplastica"},"content":{"rendered":"<p>L&#8217;addominoplastica \u00e8 una soluzione per il rilassamento della pelle nell&#8217;addome e nella parte inferiore dell&#8217;addome, nonch\u00e9 per la rimozione del grasso che dieta ed esercizio fisico non<br \/>\nriescono ad eliminare. Il rilassamento cutaneo, le smagliature e i depositi di grasso causati da cesarei, gravidanze e costanti aumenti di peso possono essere facilmente risolti mediante un intervento estetico. Nel caso in cui, oltre agli interventi generali per correggere le deformit\u00e0 nell&#8217;area addominale e inferiore, l&#8217;accumulo di grasso e il rilassamento cutaneo si presentino solo nell&#8217;area sotto l&#8217;ombelico, potrebbe essere sufficiente una mini addominoplastica. La mini addominoplastica \u00e8 un intervento chirurgico pi\u00f9 semplice sia in termini di durata che di tempo di recupero ridotto. I tempi di recupero variano notevolmente da persona a persona, a seconda dello stile di vita e della struttura fisica. Oggi, le innovazioni nel campo medico rendono possibile eseguire questo tipo di intervento con maggior successo rispetto a molti altri tipi di chirurgia.<\/p>\n<div id=\"ez-toc-container\" class=\"ez-toc-v2_0_31_1 counter-hierarchy counter-decimal ez-toc-grey\">\n<div class=\"ez-toc-title-container\">\n<p class=\"ez-toc-title\">Contents<\/p>\n<span class=\"ez-toc-title-toggle\"><a href=\"#\" class=\"ez-toc-pull-right ez-toc-btn ez-toc-btn-xs ez-toc-btn-default ez-toc-toggle\" style=\"display: none;\"><label for=\"item\" aria-label=\"Table of Content\"><i class=\"ez-toc-glyphicon ez-toc-icon-toggle\"><\/i><\/label><input type=\"checkbox\" id=\"item\"><\/a><\/span><\/div>\n<nav><ul class=\"ez-toc-list ez-toc-list-level-1\"><li class=\"ez-toc-page-1 ez-toc-heading-level-2\"><a class=\"ez-toc-link ez-toc-heading-1\" href=\"https:\/\/ayfaclinic.com\/it\/addominoplastica\/#Chi_sono_i_candidati_piu_adatti\" title=\"Chi sono i candidati pi\u00f9 adatti?\">Chi sono i candidati pi\u00f9 adatti?<\/a><\/li><li class=\"ez-toc-page-1 ez-toc-heading-level-2\"><a class=\"ez-toc-link ez-toc-heading-2\" href=\"https:\/\/ayfaclinic.com\/it\/addominoplastica\/#Chi_non_dovrebbe_sottoporsi_a_unaddominoplastica\" title=\"Chi non dovrebbe sottoporsi a un&#8217;addominoplastica?\">Chi non dovrebbe sottoporsi a un&#8217;addominoplastica?<\/a><\/li><li class=\"ez-toc-page-1 ez-toc-heading-level-2\"><a class=\"ez-toc-link ez-toc-heading-3\" href=\"https:\/\/ayfaclinic.com\/it\/addominoplastica\/#Le_persone_che_stanno_considerando_di_avere_figli_possono_sottoporsi_a_questo_intervento\" title=\"Le persone che stanno considerando di avere figli possono sottoporsi a questo intervento?\">Le persone che stanno considerando di avere figli possono sottoporsi a questo intervento?<\/a><\/li><li class=\"ez-toc-page-1 ez-toc-heading-level-2\"><a class=\"ez-toc-link ez-toc-heading-4\" href=\"https:\/\/ayfaclinic.com\/it\/addominoplastica\/#Cosa_dovrebbe_essere_preso_in_considerazione_durante_lapreparazione_alloperazione\" title=\"Cosa dovrebbe essere preso in considerazione durante lapreparazione all&#8217;operazione?\">Cosa dovrebbe essere preso in considerazione durante lapreparazione all&#8217;operazione?<\/a><\/li><\/ul><\/nav><\/div>\n<h2><span class=\"ez-toc-section\" id=\"Chi_sono_i_candidati_piu_adatti\"><\/span>Chi sono i candidati pi\u00f9 adatti?<span class=\"ez-toc-section-end\"><\/span><\/h2>\n<p>Il gruppo di pazienti pi\u00f9 idoneo \u00e8 rappresentato dalle donne che si avvicinano al loro peso ideale, preferibilmente attraverso dieta ed esercizio fisico, ma che ancora devono risolvere il problema del rilassamento dell&#8217;addome. Le madri possono recuperare il loro aspetto prenatale con cicatrici e smagliature. Durante l&#8217;intervento, viene corretta la debolezza muscolare causata dalla gravidanza e vengono eliminate le smagliature. Questo intervento viene eseguito anche sugli uomini per eliminare il rilassamento dell&#8217;addome. Nei pazienti che hanno perso molto peso dopo l&#8217;installazione di una banda gastrica o altre procedure di chirurgia per la perdita di peso, la pelle dell&#8217;addome pu\u00f2 cedere in modo tale da interferire con le attivit\u00e0 quotidiane. Anche questo gruppo di pazienti \u00e8 tra i candidati pi\u00f9 idonei.<\/p>\n<h2><span class=\"ez-toc-section\" id=\"Chi_non_dovrebbe_sottoporsi_a_unaddominoplastica\"><\/span>Chi non dovrebbe sottoporsi a un&#8217;addominoplastica?<span class=\"ez-toc-section-end\"><\/span><\/h2>\n<p>La salute generale del paziente deve essere buona. I pazienti obesi non sono candidati adatti. I problemi di guarigione delle ferite sono pi\u00f9 comuni nelle persone con un indice di massa corporea superiore a 30. L&#8217;addominoplastica non \u00e8 una procedura per perdere peso. Questo intervento viene raccomandato dopo aver perso il maggior quantitativo di peso possibile.<\/p>\n<h2><span class=\"ez-toc-section\" id=\"Le_persone_che_stanno_considerando_di_avere_figli_possono_sottoporsi_a_questo_intervento\"><\/span>Le persone che stanno considerando di avere figli possono sottoporsi a questo intervento?<span class=\"ez-toc-section-end\"><\/span><\/h2>\n<p>Sconsigliamo questo intervento alle donne che desiderano avere figli. In realt\u00e0, l&#8217;operazione non comporta rischi per la salute della madre n\u00e9 del bambino. Tuttavia, molte delle correzioni apportate dall&#8217;intervento precedente, specialmente il rafforzamento dei muscoli addominali, andrebbero perse. Non ci sono invece problemi a sottoporsi a liposuzione tra una gravidanza e l&#8217;altra.<\/p>\n<h2><span class=\"ez-toc-section\" id=\"Cosa_dovrebbe_essere_preso_in_considerazione_durante_lapreparazione_alloperazione\"><\/span>Cosa dovrebbe essere preso in considerazione durante lapreparazione all&#8217;operazione?<span class=\"ez-toc-section-end\"><\/span><\/h2>\n<p>Per una guarigione migliore e pi\u00f9 rapida delle ferite, i pazienti dovrebbero almeno smettere di fumare. Il diabete e i disturbi della pressione arteriosa non impediscono l&#8217;intervento, ma queste patologie devono essere sotto controllo. Negli ultimi anni, abbiamo osservato che molti dei nostri pazienti utilizzano vari prodotti a base di erbe che possono rallentare la coagulazione del sangue. Sarebbe utile interrompere l&#8217;uso di tali prodotti, sotto forma di compresse o t\u00e8, prima dell&#8217;operazione. Nella mattina dell&#8217;intervento, il chirurgo pianifica e disegna le linee guida mentre il paziente \u00e8 in piedi. Durante questa fase, vengono determinate la posizione e la forma della cicatrice che si former\u00e0 al termine dell&#8217;operazione. L&#8217;intervento avviene sotto anestesia generale e prevede principalmente una liposuzione nella regione della schiena e della vita. Successivamente, il paziente si sdraia supino e la pelle tra la parte superiore della linea del bikini e l&#8217;ombelico viene rimossa insieme allo strato di grasso presente al centro. La tensione dei muscoli addominali viene ottenuta suturando insieme i due muscoli addominali separati nella linea mediana con fili robusti e spessi.<\/p>\n","protected":false},"excerpt":{"rendered":"<p>L&#8217;addominoplastica \u00e8 una soluzione per il rilassamento della pelle nell&#8217;addome e nella parte inferiore dell&#8217;addome, nonch\u00e9 per la rimozione del grasso che dieta ed esercizio fisico non riescono ad eliminare. Il rilassamento cutaneo, le smagliature e i depositi di grasso causati da cesarei, gravidanze e costanti aumenti di peso possono essere facilmente risolti mediante un [&hellip;]<\/p>\n","protected":false},"author":1,"featured_media":0,"parent":0,"menu_order":0,"comment_status":"closed","ping_status":"closed","template":"","meta":{"footnotes":""},"class_list":["post-7585","page","type-page","status-publish","hentry"],"yoast_head":"<!-- This site is optimized with the Yoast SEO plugin v19.5.1 - https:\/\/yoast.com\/wordpress\/plugins\/seo\/ -->\n<title>Addominoplastica - Ayfa Clinic Istanbul Turkey<\/title>\n<meta name=\"robots\" content=\"index, follow, max-snippet:-1, max-image-preview:large, max-video-preview:-1\" \/>\n<link rel=\"canonical\" href=\"https:\/\/ayfaclinic.com\/it\/addominoplastica\/\" \/>\n<meta property=\"og:locale\" content=\"tr_TR\" \/>\n<meta property=\"og:type\" content=\"article\" \/>\n<meta property=\"og:title\" content=\"Addominoplastica - Ayfa Clinic Istanbul Turkey\" \/>\n<meta property=\"og:description\" content=\"L&#8217;addominoplastica \u00e8 una soluzione per il rilassamento della pelle nell&#8217;addome e nella parte inferiore dell&#8217;addome, nonch\u00e9 per la rimozione del grasso che dieta ed esercizio fisico non riescono ad eliminare. Il rilassamento cutaneo, le smagliature e i depositi di grasso causati da cesarei, gravidanze e costanti aumenti di peso possono essere facilmente risolti mediante un [&hellip;]\" \/>\n<meta property=\"og:url\" content=\"https:\/\/ayfaclinic.com\/it\/addominoplastica\/\" \/>\n<meta property=\"og:site_name\" content=\"Ayfa Clinic - Health Starts Here\" \/>\n<meta property=\"article:modified_time\" content=\"2023-09-08T08:58:28+00:00\" \/>\n<meta name=\"twitter:card\" content=\"summary_large_image\" \/>\n<meta name=\"twitter:label1\" content=\"Tahmini okuma s\u00fcresi\" \/>\n\t<meta name=\"twitter:data1\" content=\"3 dakika\" \/>\n<script type=\"application\/ld+json\" class=\"yoast-schema-graph\">{\"@context\":\"https:\/\/schema.org\",\"@graph\":[{\"@type\":\"WebPage\",\"@id\":\"https:\/\/ayfaclinic.com\/it\/addominoplastica\/\",\"url\":\"https:\/\/ayfaclinic.com\/it\/addominoplastica\/\",\"name\":\"Addominoplastica - Ayfa Clinic Istanbul Turkey\",\"isPartOf\":{\"@id\":\"https:\/\/ayfaclinic.com\/it\/#website\"},\"datePublished\":\"2019-12-08T06:07:56+00:00\",\"dateModified\":\"2023-09-08T08:58:28+00:00\",\"breadcrumb\":{\"@id\":\"https:\/\/ayfaclinic.com\/it\/addominoplastica\/#breadcrumb\"},\"inLanguage\":\"tr\",\"potentialAction\":[{\"@type\":\"ReadAction\",\"target\":[\"https:\/\/ayfaclinic.com\/it\/addominoplastica\/\"]}]},{\"@type\":\"BreadcrumbList\",\"@id\":\"https:\/\/ayfaclinic.com\/it\/addominoplastica\/#breadcrumb\",\"itemListElement\":[{\"@type\":\"ListItem\",\"position\":1,\"name\":\"Anasayfa\",\"item\":\"https:\/\/ayfaclinic.com\/it\/\"},{\"@type\":\"ListItem\",\"position\":2,\"name\":\"Addominoplastica\"}]},{\"@type\":\"WebSite\",\"@id\":\"https:\/\/ayfaclinic.com\/it\/#website\",\"url\":\"https:\/\/ayfaclinic.com\/it\/\",\"name\":\"Ayfa Clinic - Health Starts Here\",\"description\":\"Ayfa Clinic - Health Starts Here\",\"potentialAction\":[{\"@type\":\"SearchAction\",\"target\":{\"@type\":\"EntryPoint\",\"urlTemplate\":\"https:\/\/ayfaclinic.com\/it\/?s={search_term_string}\"},\"query-input\":\"required name=search_term_string\"}],\"inLanguage\":\"tr\"}]}<\/script>\n<!-- \/ Yoast SEO plugin. -->","yoast_head_json":{"title":"Addominoplastica - Ayfa Clinic Istanbul Turkey","robots":{"index":"index","follow":"follow","max-snippet":"max-snippet:-1","max-image-preview":"max-image-preview:large","max-video-preview":"max-video-preview:-1"},"canonical":"https:\/\/ayfaclinic.com\/it\/addominoplastica\/","og_locale":"tr_TR","og_type":"article","og_title":"Addominoplastica - Ayfa Clinic Istanbul Turkey","og_description":"L&#8217;addominoplastica \u00e8 una soluzione per il rilassamento della pelle nell&#8217;addome e nella parte inferiore dell&#8217;addome, nonch\u00e9 per la rimozione del grasso che dieta ed esercizio fisico non riescono ad eliminare. Il rilassamento cutaneo, le smagliature e i depositi di grasso causati da cesarei, gravidanze e costanti aumenti di peso possono essere facilmente risolti mediante un [&hellip;]","og_url":"https:\/\/ayfaclinic.com\/it\/addominoplastica\/","og_site_name":"Ayfa Clinic - Health Starts Here","article_modified_time":"2023-09-08T08:58:28+00:00","twitter_card":"summary_large_image","twitter_misc":{"Tahmini okuma s\u00fcresi":"3 dakika"},"schema":{"@context":"https:\/\/schema.org","@graph":[{"@type":"WebPage","@id":"https:\/\/ayfaclinic.com\/it\/addominoplastica\/","url":"https:\/\/ayfaclinic.com\/it\/addominoplastica\/","name":"Addominoplastica - Ayfa Clinic Istanbul Turkey","isPartOf":{"@id":"https:\/\/ayfaclinic.com\/it\/#website"},"datePublished":"2019-12-08T06:07:56+00:00","dateModified":"2023-09-08T08:58:28+00:00","breadcrumb":{"@id":"https:\/\/ayfaclinic.com\/it\/addominoplastica\/#breadcrumb"},"inLanguage":"tr","potentialAction":[{"@type":"ReadAction","target":["https:\/\/ayfaclinic.com\/it\/addominoplastica\/"]}]},{"@type":"BreadcrumbList","@id":"https:\/\/ayfaclinic.com\/it\/addominoplastica\/#breadcrumb","itemListElement":[{"@type":"ListItem","position":1,"name":"Anasayfa","item":"https:\/\/ayfaclinic.com\/it\/"},{"@type":"ListItem","position":2,"name":"Addominoplastica"}]},{"@type":"WebSite","@id":"https:\/\/ayfaclinic.com\/it\/#website","url":"https:\/\/ayfaclinic.com\/it\/","name":"Ayfa Clinic - Health Starts Here","description":"Ayfa Clinic - Health Starts Here","potentialAction":[{"@type":"SearchAction","target":{"@type":"EntryPoint","urlTemplate":"https:\/\/ayfaclinic.com\/it\/?s={search_term_string}"},"query-input":"required name=search_term_string"}],"inLanguage":"tr"}]}},"_links":{"self":[{"href":"https:\/\/ayfaclinic.com\/it\/wp-json\/wp\/v2\/pages\/7585","targetHints":{"allow":["GET"]}}],"collection":[{"href":"https:\/\/ayfaclinic.com\/it\/wp-json\/wp\/v2\/pages"}],"about":[{"href":"https:\/\/ayfaclinic.com\/it\/wp-json\/wp\/v2\/types\/page"}],"author":[{"embeddable":true,"href":"https:\/\/ayfaclinic.com\/it\/wp-json\/wp\/v2\/users\/1"}],"replies":[{"embeddable":true,"href":"https:\/\/ayfaclinic.com\/it\/wp-json\/wp\/v2\/comments?post=7585"}],"version-history":[{"count":5,"href":"https:\/\/ayfaclinic.com\/it\/wp-json\/wp\/v2\/pages\/7585\/revisions"}],"predecessor-version":[{"id":8820,"href":"https:\/\/ayfaclinic.com\/it\/wp-json\/wp\/v2\/pages\/7585\/revisions\/8820"}],"wp:attachment":[{"href":"https:\/\/ayfaclinic.com\/it\/wp-json\/wp\/v2\/media?parent=7585"}],"curies":[{"name":"wp","href":"https:\/\/api.w.org\/{rel}","templated":true}]}}