{"id":8516,"date":"2022-06-20T12:07:07","date_gmt":"2022-06-20T12:07:07","guid":{"rendered":"https:\/\/ayfaclinic.com\/it\/?page_id=8516"},"modified":"2023-09-10T18:59:08","modified_gmt":"2023-09-10T18:59:08","slug":"aumento-del-seno","status":"publish","type":"page","link":"https:\/\/ayfaclinic.com\/it\/aumento-del-seno\/","title":{"rendered":"Aumento del seno"},"content":{"rendered":"<p>I seni sono organi estremamente importanti per l&#8217;aspetto estetico del corpo femminile. Il seno pu\u00f2 essere piccolo per diverse ragioni strutturali. Un seno pu\u00f2 essere pi\u00f9 piccolo dell&#8217;altro o asimmetrico. A volte il seno non c&#8217;\u00e8 fin dalla nascita. Oggi non esiste altro modo per regolare o aumentare il volume del seno se non le protesi al silicone<\/p>\n<div id=\"ez-toc-container\" class=\"ez-toc-v2_0_31_1 counter-hierarchy counter-decimal ez-toc-grey\">\n<div class=\"ez-toc-title-container\">\n<p class=\"ez-toc-title\">Contents<\/p>\n<span class=\"ez-toc-title-toggle\"><a href=\"#\" class=\"ez-toc-pull-right ez-toc-btn ez-toc-btn-xs ez-toc-btn-default ez-toc-toggle\" style=\"display: none;\"><label for=\"item\" aria-label=\"Table of Content\"><i class=\"ez-toc-glyphicon ez-toc-icon-toggle\"><\/i><\/label><input type=\"checkbox\" id=\"item\"><\/a><\/span><\/div>\n<nav><ul class=\"ez-toc-list ez-toc-list-level-1\"><li class=\"ez-toc-page-1 ez-toc-heading-level-2\"><a class=\"ez-toc-link ez-toc-heading-1\" href=\"https:\/\/ayfaclinic.com\/it\/aumento-del-seno\/#Qual_e_il_contenuto_della_protesi_mammaria\" title=\"Qual \u00e8 il contenuto della protesi mammaria?\">Qual \u00e8 il contenuto della protesi mammaria?<\/a><\/li><li class=\"ez-toc-page-1 ez-toc-heading-level-2\"><a class=\"ez-toc-link ez-toc-heading-2\" href=\"https:\/\/ayfaclinic.com\/it\/aumento-del-seno\/#Che_cose_una_protesi_mammaria_in_silicone\" title=\"Che cos&#8217;\u00e8 una protesi mammaria in silicone?\">Che cos&#8217;\u00e8 una protesi mammaria in silicone?<\/a><\/li><li class=\"ez-toc-page-1 ez-toc-heading-level-2\"><a class=\"ez-toc-link ez-toc-heading-3\" href=\"https:\/\/ayfaclinic.com\/it\/aumento-del-seno\/#Cosa_bisogna_considerare_prima_dellintervento\" title=\"Cosa bisogna considerare prima dell&#8217;intervento?\">Cosa bisogna considerare prima dell&#8217;intervento?<\/a><\/li><li class=\"ez-toc-page-1 ez-toc-heading-level-2\"><a class=\"ez-toc-link ez-toc-heading-4\" href=\"https:\/\/ayfaclinic.com\/it\/aumento-del-seno\/#Esistono_rischi_legati_alla_mastoplastica_additiva\" title=\"Esistono rischi legati alla mastoplastica additiva?\">Esistono rischi legati alla mastoplastica additiva?<\/a><\/li><li class=\"ez-toc-page-1 ez-toc-heading-level-2\"><a class=\"ez-toc-link ez-toc-heading-5\" href=\"https:\/\/ayfaclinic.com\/it\/aumento-del-seno\/#Qual_e_il_tipo_di_anestesia_Quanto_dura_lintervento\" title=\"Qual \u00e8 il tipo di anestesia? Quanto dura l&#8217;intervento?\">Qual \u00e8 il tipo di anestesia? Quanto dura l&#8217;intervento?<\/a><\/li><li class=\"ez-toc-page-1 ez-toc-heading-level-2\"><a class=\"ez-toc-link ez-toc-heading-6\" href=\"https:\/\/ayfaclinic.com\/it\/aumento-del-seno\/#Cosa_succede_dopo_loperazione\" title=\"Cosa succede dopo l&#8217;operazione?\">Cosa succede dopo l&#8217;operazione?<\/a><\/li><li class=\"ez-toc-page-1 ez-toc-heading-level-2\"><a class=\"ez-toc-link ez-toc-heading-7\" href=\"https:\/\/ayfaclinic.com\/it\/aumento-del-seno\/#Come_ci_si_sente_dopo_lintervento\" title=\"Come ci si sente dopo l&#8217;intervento?\">Come ci si sente dopo l&#8217;intervento?<\/a><\/li><\/ul><\/nav><\/div>\n<h2><span class=\"ez-toc-section\" id=\"Qual_e_il_contenuto_della_protesi_mammaria\"><\/span>Qual \u00e8 il contenuto della protesi mammaria?<span class=\"ez-toc-section-end\"><\/span><\/h2>\n<p>Le protesi mammarie sono costituite da una capsula solida di silicone e da un siero o gel di coesione di silicone riempito in questa capsula. Esistono forme a goccia o rotonde. Ogni protesi presenta vantaggi e svantaggi propri. Pertanto, \u00e8 necessario discuterne in dettaglio prima dell&#8217;intervento per decidere insieme quale utilizzare<\/p>\n<h2><span class=\"ez-toc-section\" id=\"Che_cose_una_protesi_mammaria_in_silicone\"><\/span>Che cos&#8217;\u00e8 una protesi mammaria in silicone?<span class=\"ez-toc-section-end\"><\/span><\/h2>\n<p>Le protesi in silicone, entrate in uso negli anni &#8217;60, sono ancora oggi ampiamente utilizzate. Negli ultimi 20 anni sono state apportate importanti innovazioni e la ricerca scientifica ha dimostrato che il silicone \u00e8 la sostanza meno dannosa per il corpo umano. I prodotti contenenti silicone sono utilizzati anche per altri scopi nell&#8217;industria cosmetica e in medicina<\/p>\n<p>Le protesi mammarie utilizzate oggi possono essere denominate come segue<\/p>\n<p>Riempite di gel: All&#8217;interno del palloncino, la cui superficie esterna \u00e8 in silicone, si trova anche un gel di silicone. Vengono prodotte pronte all&#8217;uso in diverse dimensioni<\/p>\n<p>Riempito di soluzione fisiologica: Il palloncino di silicone \u00e8 vuoto. Durante l&#8217;operazione, viene riempito con una &#8220;soluzione salina&#8221; fino a raggiungere il volume desiderato. Recentemente, questi palloncini sono stati resi pronti all&#8217;uso<\/p>\n<p>L&#8217;intervento di aumento del seno pu\u00f2 causare problemi legati alle protesi, in cui l&#8217;organismo reagisce all&#8217;ingrandimento del seno con una sostanza estranea al corpo. In questo caso si verifica una contrattura dovuta alla membrana che si forma intorno alla protesi, chiamata capsula (anche se questa membrana pu\u00f2 variare di spessore). La membrana sottile non causa alcun problema. Quando si forma una membrana di medio spessore, si pu\u00f2 notare una leggera durezza dei seni e una prominenza alla base dei seni. In rari casi, l&#8217;organismo pu\u00f2 non accettare questa sostanza estranea, formando una membrana spessa (capsula) intorno alla protesi e cercando di comprimerla, intrappolarla e talvolta espellerla dal corpo. In caso di formazione di una capsula spessa, si pu\u00f2 notare una durezza e talvolta un&#8217;asimmetria del seno. In caso di contrattura capsulare lieve e moderata, \u00e8 possibile eseguire un massaggio esterno e, se necessario, un ulteriore intervento chirurgico per rimuovere la capsula intorno alla protesi. In caso di contrattura capsulare grave, non c&#8217;\u00e8 altra scelta che rimuovere la protesi<\/p>\n<p>Sebbene la superficie esterna delle protesi in silicone sia molto sottile, esse sono molto resistenti alle influenze esterne. I massaggi normali e moderati non fanno male. La persona pu\u00f2 stare a pancia in gi\u00f9 2 mesi dopo l&#8217;intervento<\/p>\n<p>Occasionalmente, il contenuto della protesi pu\u00f2 fuoriuscire dal palloncino. Se si utilizza una protesi riempita di gel, queste sostanze che fuoriescono negli spazi tissutali possono causare la formazione di masse<\/p>\n<p>Se si utilizza una soluzione fisiologica, la soluzione fisiologica riempita nella protesi pu\u00f2 fuoriuscire dalla protesi nei tessuti interstiziali. In questo caso, il siero che fuoriesce viene rapidamente assorbito dai tessuti senza danneggiare l&#8217;organismo. Infatti, questa sostanza, che pu\u00f2 essere somministrata per via endovenosa e utilizzata per altri scopi terapeutici, non \u00e8 dannosa<\/p>\n<p>Le rotture delle protesi sono molto rare. Come nel caso degli incidenti stradali, possono verificarsi lesioni da pressione o gravi. In questo caso, il contenuto della protesi \u00e8 importante. Se \u00e8 riempita con una soluzione salina, non c&#8217;\u00e8 da preoccuparsi<\/p>\n<p>Se in un seno con protesi al silicone si sviluppa un tumore (il rischio di tumore \u00e8 uguale a quello dei seni senza protesi), l&#8217;intervento chirurgico e le altre forme di trattamento del tumore vengono eseguiti secondo la norma. Si raccomanda di far eseguire le mammografie di controllo in centri esperti nell&#8217;esame dei seni protesici<\/p>\n<p>Prima di decidere di sottoporsi a un intervento di mastoplastica additiva, \u00e8 necessario informare chiaramente il medico del difetto che vi preoccupa e delle vostre aspettative sull&#8217;intervento. Dovranno essere discussi la protesi da scegliere, l&#8217;incisione dove verr\u00e0 posizionata la protesi, il tipo di anestesia e le conseguenze precoci e tardive dell&#8217;intervento<\/p>\n<h2><span class=\"ez-toc-section\" id=\"Cosa_bisogna_considerare_prima_dellintervento\"><\/span>Cosa bisogna considerare prima dell&#8217;intervento?<span class=\"ez-toc-section-end\"><\/span><\/h2>\n<p>Prima dell&#8217;intervento, il tessuto mammario delle pazienti a cui viene applicata una protesi viene esaminato con esami radiologici chiamati mammografia e, se necessario, con un&#8217;ecografia<\/p>\n<h2><span class=\"ez-toc-section\" id=\"Esistono_rischi_legati_alla_mastoplastica_additiva\"><\/span>Esistono rischi legati alla mastoplastica additiva?<span class=\"ez-toc-section-end\"><\/span><\/h2>\n<p>Ogni intervento chirurgico presenta rischi comuni o unici. L&#8217;edema e il dolore toracico sono i disturbi post-operatori. Emorragie e infezioni dovute all&#8217;intervento sono condizioni rare. Alcune pazienti lamentano un aumento o una diminuzione della sensibilit\u00e0 dei capezzoli o un intorpidimento intorno all&#8217;incisione dopo l&#8217;intervento. In genere si tratta di un fenomeno temporaneo<\/p>\n<h2><span class=\"ez-toc-section\" id=\"Qual_e_il_tipo_di_anestesia_Quanto_dura_lintervento\"><\/span>Qual \u00e8 il tipo di anestesia? Quanto dura l&#8217;intervento?<span class=\"ez-toc-section-end\"><\/span><\/h2>\n<p>L&#8217;intervento viene eseguito in anestesia generale in condizioni ospedaliere, in sala operatoria. 1-1 La durata \u00e8 di 5 ore<\/p>\n<h2><span class=\"ez-toc-section\" id=\"Cosa_succede_dopo_loperazione\"><\/span>Cosa succede dopo l&#8217;operazione?<span class=\"ez-toc-section-end\"><\/span><\/h2>\n<p>L&#8217;intervento lascia una cicatrice nel punto in cui \u00e8 stata inserita la protesi. Pu\u00f2 essere nella piega sotto il seno, nell&#8217;ascella o sul bordo del capezzolo. Ovunque sia stato effettuato il taglio, lascer\u00e0 un segno sottile. All&#8217;inizio la cicatrice sar\u00e0 ben visibile, ma con il tempo diventer\u00e0 meno evidente. La protesi pu\u00f2 essere posizionata dietro il tessuto mammario o dietro il muscolo pettorale. Ogni applicazione presenta vantaggi e svantaggi. Anche questo dettaglio deve essere discusso prima dell&#8217;intervento<\/p>\n<h2><span class=\"ez-toc-section\" id=\"Come_ci_si_sente_dopo_lintervento\"><\/span>Come ci si sente dopo l&#8217;intervento?<span class=\"ez-toc-section-end\"><\/span><\/h2>\n<p>Dopo l&#8217;intervento, di solito non si avverte un grande dolore. Il dolore \u00e8 minimo. Se la protesi \u00e8 posizionata dietro il muscolo pettorale, i movimenti del braccio possono essere limitati per alcuni giorni. Il paziente indossa un reggiseno sportivo per 6 settimane e si raccomanda un massaggio. Nelle prime fasi pu\u00f2 verificarsi un gonfiore. Pu\u00f2 verificarsi un intorpidimento del capezzolo e una colorazione violacea della pelle. Entrambi scompaiono da soli dopo poco tempo. La paziente pu\u00f2 riprendere a lavorare dopo 3-4 giorni. Si raccomanda di non praticare attivit\u00e0 fisica pesante per 3 mesi.<\/p>\n","protected":false},"excerpt":{"rendered":"<p>I seni sono organi estremamente importanti per l&#8217;aspetto estetico del corpo femminile. Il seno pu\u00f2 essere piccolo per diverse ragioni strutturali. Un seno pu\u00f2 essere pi\u00f9 piccolo dell&#8217;altro o asimmetrico. A volte il seno non c&#8217;\u00e8 fin dalla nascita. Oggi non esiste altro modo per regolare o aumentare il volume del seno se non le [&hellip;]<\/p>\n","protected":false},"author":1,"featured_media":0,"parent":0,"menu_order":0,"comment_status":"closed","ping_status":"closed","template":"","meta":{"footnotes":""},"class_list":["post-8516","page","type-page","status-publish","hentry"],"yoast_head":"<!-- This site is optimized with the Yoast SEO plugin v19.5.1 - https:\/\/yoast.com\/wordpress\/plugins\/seo\/ -->\n<title>Aumento del seno - Ayfa Clinic Istanbul Turkey<\/title>\n<meta name=\"robots\" content=\"index, follow, max-snippet:-1, max-image-preview:large, max-video-preview:-1\" \/>\n<link rel=\"canonical\" href=\"https:\/\/ayfaclinic.com\/it\/aumento-del-seno\/\" \/>\n<meta property=\"og:locale\" content=\"tr_TR\" \/>\n<meta property=\"og:type\" content=\"article\" \/>\n<meta property=\"og:title\" content=\"Aumento del seno - Ayfa Clinic Istanbul Turkey\" \/>\n<meta property=\"og:description\" content=\"I seni sono organi estremamente importanti per l&#8217;aspetto estetico del corpo femminile. Il seno pu\u00f2 essere piccolo per diverse ragioni strutturali. Un seno pu\u00f2 essere pi\u00f9 piccolo dell&#8217;altro o asimmetrico. A volte il seno non c&#8217;\u00e8 fin dalla nascita. Oggi non esiste altro modo per regolare o aumentare il volume del seno se non le [&hellip;]\" \/>\n<meta property=\"og:url\" content=\"https:\/\/ayfaclinic.com\/it\/aumento-del-seno\/\" \/>\n<meta property=\"og:site_name\" content=\"Ayfa Clinic - Health Starts Here\" \/>\n<meta property=\"article:modified_time\" content=\"2023-09-10T18:59:08+00:00\" \/>\n<meta name=\"twitter:card\" content=\"summary_large_image\" \/>\n<meta name=\"twitter:label1\" content=\"Tahmini okuma s\u00fcresi\" \/>\n\t<meta name=\"twitter:data1\" content=\"5 dakika\" \/>\n<script type=\"application\/ld+json\" class=\"yoast-schema-graph\">{\"@context\":\"https:\/\/schema.org\",\"@graph\":[{\"@type\":\"WebPage\",\"@id\":\"https:\/\/ayfaclinic.com\/it\/aumento-del-seno\/\",\"url\":\"https:\/\/ayfaclinic.com\/it\/aumento-del-seno\/\",\"name\":\"Aumento del seno - Ayfa Clinic Istanbul Turkey\",\"isPartOf\":{\"@id\":\"https:\/\/ayfaclinic.com\/it\/#website\"},\"datePublished\":\"2022-06-20T12:07:07+00:00\",\"dateModified\":\"2023-09-10T18:59:08+00:00\",\"breadcrumb\":{\"@id\":\"https:\/\/ayfaclinic.com\/it\/aumento-del-seno\/#breadcrumb\"},\"inLanguage\":\"tr\",\"potentialAction\":[{\"@type\":\"ReadAction\",\"target\":[\"https:\/\/ayfaclinic.com\/it\/aumento-del-seno\/\"]}]},{\"@type\":\"BreadcrumbList\",\"@id\":\"https:\/\/ayfaclinic.com\/it\/aumento-del-seno\/#breadcrumb\",\"itemListElement\":[{\"@type\":\"ListItem\",\"position\":1,\"name\":\"Anasayfa\",\"item\":\"https:\/\/ayfaclinic.com\/it\/\"},{\"@type\":\"ListItem\",\"position\":2,\"name\":\"Aumento del seno\"}]},{\"@type\":\"WebSite\",\"@id\":\"https:\/\/ayfaclinic.com\/it\/#website\",\"url\":\"https:\/\/ayfaclinic.com\/it\/\",\"name\":\"Ayfa Clinic - Health Starts Here\",\"description\":\"Ayfa Clinic - Health Starts Here\",\"potentialAction\":[{\"@type\":\"SearchAction\",\"target\":{\"@type\":\"EntryPoint\",\"urlTemplate\":\"https:\/\/ayfaclinic.com\/it\/?s={search_term_string}\"},\"query-input\":\"required name=search_term_string\"}],\"inLanguage\":\"tr\"}]}<\/script>\n<!-- \/ Yoast SEO plugin. -->","yoast_head_json":{"title":"Aumento del seno - Ayfa Clinic Istanbul Turkey","robots":{"index":"index","follow":"follow","max-snippet":"max-snippet:-1","max-image-preview":"max-image-preview:large","max-video-preview":"max-video-preview:-1"},"canonical":"https:\/\/ayfaclinic.com\/it\/aumento-del-seno\/","og_locale":"tr_TR","og_type":"article","og_title":"Aumento del seno - Ayfa Clinic Istanbul Turkey","og_description":"I seni sono organi estremamente importanti per l&#8217;aspetto estetico del corpo femminile. Il seno pu\u00f2 essere piccolo per diverse ragioni strutturali. Un seno pu\u00f2 essere pi\u00f9 piccolo dell&#8217;altro o asimmetrico. A volte il seno non c&#8217;\u00e8 fin dalla nascita. Oggi non esiste altro modo per regolare o aumentare il volume del seno se non le [&hellip;]","og_url":"https:\/\/ayfaclinic.com\/it\/aumento-del-seno\/","og_site_name":"Ayfa Clinic - Health Starts Here","article_modified_time":"2023-09-10T18:59:08+00:00","twitter_card":"summary_large_image","twitter_misc":{"Tahmini okuma s\u00fcresi":"5 dakika"},"schema":{"@context":"https:\/\/schema.org","@graph":[{"@type":"WebPage","@id":"https:\/\/ayfaclinic.com\/it\/aumento-del-seno\/","url":"https:\/\/ayfaclinic.com\/it\/aumento-del-seno\/","name":"Aumento del seno - Ayfa Clinic Istanbul Turkey","isPartOf":{"@id":"https:\/\/ayfaclinic.com\/it\/#website"},"datePublished":"2022-06-20T12:07:07+00:00","dateModified":"2023-09-10T18:59:08+00:00","breadcrumb":{"@id":"https:\/\/ayfaclinic.com\/it\/aumento-del-seno\/#breadcrumb"},"inLanguage":"tr","potentialAction":[{"@type":"ReadAction","target":["https:\/\/ayfaclinic.com\/it\/aumento-del-seno\/"]}]},{"@type":"BreadcrumbList","@id":"https:\/\/ayfaclinic.com\/it\/aumento-del-seno\/#breadcrumb","itemListElement":[{"@type":"ListItem","position":1,"name":"Anasayfa","item":"https:\/\/ayfaclinic.com\/it\/"},{"@type":"ListItem","position":2,"name":"Aumento del seno"}]},{"@type":"WebSite","@id":"https:\/\/ayfaclinic.com\/it\/#website","url":"https:\/\/ayfaclinic.com\/it\/","name":"Ayfa Clinic - Health Starts Here","description":"Ayfa Clinic - Health Starts Here","potentialAction":[{"@type":"SearchAction","target":{"@type":"EntryPoint","urlTemplate":"https:\/\/ayfaclinic.com\/it\/?s={search_term_string}"},"query-input":"required name=search_term_string"}],"inLanguage":"tr"}]}},"_links":{"self":[{"href":"https:\/\/ayfaclinic.com\/it\/wp-json\/wp\/v2\/pages\/8516","targetHints":{"allow":["GET"]}}],"collection":[{"href":"https:\/\/ayfaclinic.com\/it\/wp-json\/wp\/v2\/pages"}],"about":[{"href":"https:\/\/ayfaclinic.com\/it\/wp-json\/wp\/v2\/types\/page"}],"author":[{"embeddable":true,"href":"https:\/\/ayfaclinic.com\/it\/wp-json\/wp\/v2\/users\/1"}],"replies":[{"embeddable":true,"href":"https:\/\/ayfaclinic.com\/it\/wp-json\/wp\/v2\/comments?post=8516"}],"version-history":[{"count":3,"href":"https:\/\/ayfaclinic.com\/it\/wp-json\/wp\/v2\/pages\/8516\/revisions"}],"predecessor-version":[{"id":8870,"href":"https:\/\/ayfaclinic.com\/it\/wp-json\/wp\/v2\/pages\/8516\/revisions\/8870"}],"wp:attachment":[{"href":"https:\/\/ayfaclinic.com\/it\/wp-json\/wp\/v2\/media?parent=8516"}],"curies":[{"name":"wp","href":"https:\/\/api.w.org\/{rel}","templated":true}]}}