{"id":8518,"date":"2022-06-20T12:08:15","date_gmt":"2022-06-20T12:08:15","guid":{"rendered":"https:\/\/ayfaclinic.com\/it\/?page_id=8518"},"modified":"2023-09-10T18:53:17","modified_gmt":"2023-09-10T18:53:17","slug":"lifting-del-seno","status":"publish","type":"page","link":"https:\/\/ayfaclinic.com\/it\/lifting-del-seno\/","title":{"rendered":"Lifting del seno"},"content":{"rendered":"<p>Il seno cadente, molle e deformato \u00e8 uno dei problemi pi\u00f9 sentiti dalle donne. Il tessuto mammario, che non contiene muscoli nella sua struttura ed \u00e8 costituito esclusivamente da ghiandole sebacee e mammarie, perde il suo vecchio aspetto fresco ed eretto a causa della gravit\u00e0, dell&#8217;invecchiamento, dei frequenti aumenti di peso, del parto, dell&#8217;allattamento, dell&#8217;utilizzo di reggiseni sbagliati<\/p>\n<p>Il seno si affloscia nel tempo a causa degli effetti della gravit\u00e0 e della perdita di elasticit\u00e0 della pelle dovuta all&#8217;et\u00e0. L&#8217;aumento e la perdita di peso frequenti, il parto e l&#8217;allattamento, cos\u00ec come le dimensioni eccessive del seno, portano al cedimento in et\u00e0 pi\u00f9 precoce<\/p>\n<div id=\"ez-toc-container\" class=\"ez-toc-v2_0_31_1 counter-hierarchy counter-decimal ez-toc-grey\">\n<div class=\"ez-toc-title-container\">\n<p class=\"ez-toc-title\">Contents<\/p>\n<span class=\"ez-toc-title-toggle\"><a href=\"#\" class=\"ez-toc-pull-right ez-toc-btn ez-toc-btn-xs ez-toc-btn-default ez-toc-toggle\" style=\"display: none;\"><label for=\"item\" aria-label=\"Table of Content\"><i class=\"ez-toc-glyphicon ez-toc-icon-toggle\"><\/i><\/label><input type=\"checkbox\" id=\"item\"><\/a><\/span><\/div>\n<nav><ul class=\"ez-toc-list ez-toc-list-level-1\"><li class=\"ez-toc-page-1 ez-toc-heading-level-2\"><a class=\"ez-toc-link ez-toc-heading-1\" href=\"https:\/\/ayfaclinic.com\/it\/lifting-del-seno\/#Qual_e_la_preparazione_pre-intervento\" title=\"Qual \u00e8 la preparazione pre-intervento?\">Qual \u00e8 la preparazione pre-intervento?<\/a><\/li><li class=\"ez-toc-page-1 ez-toc-heading-level-2\"><a class=\"ez-toc-link ez-toc-heading-2\" href=\"https:\/\/ayfaclinic.com\/it\/lifting-del-seno\/#Come_viene_eseguita_la_pianificazione_chirurgica\" title=\"Come viene eseguita la pianificazione chirurgica?\">Come viene eseguita la pianificazione chirurgica?<\/a><\/li><li class=\"ez-toc-page-1 ez-toc-heading-level-2\"><a class=\"ez-toc-link ez-toc-heading-3\" href=\"https:\/\/ayfaclinic.com\/it\/lifting-del-seno\/#Qual_e_il_tipo_di_anestesia_Quanto_dura_loperazione\" title=\"Qual \u00e8 il tipo di anestesia? Quanto dura l&#8217;operazione?\">Qual \u00e8 il tipo di anestesia? Quanto dura l&#8217;operazione?<\/a><\/li><li class=\"ez-toc-page-1 ez-toc-heading-level-2\"><a class=\"ez-toc-link ez-toc-heading-4\" href=\"https:\/\/ayfaclinic.com\/it\/lifting-del-seno\/#Cosa_posso_aspettarmi_dopo_lintervento\" title=\"Cosa posso aspettarmi dopo l&#8217;intervento?\">Cosa posso aspettarmi dopo l&#8217;intervento?<\/a><\/li><li class=\"ez-toc-page-1 ez-toc-heading-level-2\"><a class=\"ez-toc-link ez-toc-heading-5\" href=\"https:\/\/ayfaclinic.com\/it\/lifting-del-seno\/#Cosa_si_fa_dopo_lintervento\" title=\"Cosa si fa dopo l&#8217;intervento?\">Cosa si fa dopo l&#8217;intervento?<\/a><\/li><li class=\"ez-toc-page-1 ez-toc-heading-level-2\"><a class=\"ez-toc-link ez-toc-heading-6\" href=\"https:\/\/ayfaclinic.com\/it\/lifting-del-seno\/#Quando_tornare_alla_vita_normale\" title=\"Quando tornare alla vita normale?\">Quando tornare alla vita normale?<\/a><\/li><li class=\"ez-toc-page-1 ez-toc-heading-level-2\"><a class=\"ez-toc-link ez-toc-heading-7\" href=\"https:\/\/ayfaclinic.com\/it\/lifting-del-seno\/#Lintervento_presenta_dei_rischi\" title=\"L&#8217;intervento presenta dei rischi?\">L&#8217;intervento presenta dei rischi?<\/a><\/li><\/ul><\/nav><\/div>\n<h2><span class=\"ez-toc-section\" id=\"Qual_e_la_preparazione_pre-intervento\"><\/span>Qual \u00e8 la preparazione pre-intervento?<span class=\"ez-toc-section-end\"><\/span><\/h2>\n<p>Come per qualsiasi altro intervento chirurgico al seno, \u00e8 necessario discutere con il medico il motivo per cui si desidera l&#8217;intervento e cosa ci si aspetta dall&#8217;intervento. Informate il vostro medico se avete una storia familiare di malattie o tumori al seno, se fumate, se fate uso di droghe o se avete una qualsiasi condizione medica. Chiedere al medico informazioni sul tipo di intervento e sui possibili problemi<\/p>\n<h2><span class=\"ez-toc-section\" id=\"Come_viene_eseguita_la_pianificazione_chirurgica\"><\/span>Come viene eseguita la pianificazione chirurgica?<span class=\"ez-toc-section-end\"><\/span><\/h2>\n<p>In un lifting estetico del seno, il tessuto mammario cadente viene rimodellato e la pelle in eccesso viene rimossa. Il capezzolo viene posizionato dove dovrebbe essere<\/p>\n<h2><span class=\"ez-toc-section\" id=\"Qual_e_il_tipo_di_anestesia_Quanto_dura_loperazione\"><\/span>Qual \u00e8 il tipo di anestesia? Quanto dura l&#8217;operazione?<span class=\"ez-toc-section-end\"><\/span><\/h2>\n<p>L&#8217;intervento viene eseguito in anestesia generale in condizioni ospedaliere, in sala operatoria. La durata \u00e8 di 1,5-2 ore<\/p>\n<h2><span class=\"ez-toc-section\" id=\"Cosa_posso_aspettarmi_dopo_lintervento\"><\/span>Cosa posso aspettarmi dopo l&#8217;intervento?<span class=\"ez-toc-section-end\"><\/span><\/h2>\n<p>A seconda del grado di rilassamento, le cicatrici rimangono in modi diversi. Qualunque sia il metodo utilizzato, \u00e8 inevitabile che rimangano delle cicatrici intorno al capezzolo. Quando il lifting del seno viene eseguito attraverso un&#8217;incisione intorno al capezzolo, la cicatrice intorno al capezzolo pu\u00f2 diventare pi\u00f9 evidente. In altri interventi di lifting del seno, oltre alla cicatrice intorno al capezzolo, pu\u00f2 esserci una cicatrice di 4-5 cm che si estende dal centro del bordo inferiore dell&#8217;areola<\/p>\n<p>Nelle pazienti idonee, il cedimento pu\u00f2 essere eliminato solo inserendo una protesi mammaria. In questo caso, la cicatrice chirurgica \u00e8 nascosta e diventa minima solo al passaggio tra la pelle bruna del capezzolo e la pelle bianca del seno. Non esiste un lifting del seno senza cicatrici. Sebbene questi segni siano evidenti all&#8217;inizio, col tempo diventeranno difficili da vedere<\/p>\n<h2><span class=\"ez-toc-section\" id=\"Cosa_si_fa_dopo_lintervento\"><\/span>Cosa si fa dopo l&#8217;intervento?<span class=\"ez-toc-section-end\"><\/span><\/h2>\n<p>Dopo l&#8217;intervento, di solito non c&#8217;\u00e8 un grande dolore. Il dolore di solito non \u00e8 un problema. Se durante l&#8217;intervento \u00e8 stata utilizzata una protesi mammaria, i movimenti delle braccia possono essere limitati per alcuni giorni. Al seno viene applicato un bendaggio simile a un reggiseno. Sul capezzolo viene applicato un bendaggio separato. La paziente indossa un reggiseno sportivo per 6 settimane. Nelle prime fasi pu\u00f2 verificarsi gonfiore. Pu\u00f2 verificarsi un intorpidimento del capezzolo e una colorazione violacea della pelle. Questi fenomeni scompariranno da soli dopo poco tempo<\/p>\n<h2><span class=\"ez-toc-section\" id=\"Quando_tornare_alla_vita_normale\"><\/span>Quando tornare alla vita normale?<span class=\"ez-toc-section-end\"><\/span><\/h2>\n<p>La paziente pu\u00f2 tornare al lavoro dopo 3-4 giorni. Si raccomanda di non praticare sport pesanti per 3 mesi. Il lifting estetico del seno \u00e8 un intervento che generalmente d\u00e0 risultati buoni e duraturi, migliora la salute mentale della persona e del suo partner e la rende di nuovo pi\u00f9 felice<\/p>\n<p>Il seno appena formato \u00e8 duraturo. Tuttavia, le variazioni di peso, la gravidanza, l&#8217;allattamento e la forza di gravit\u00e0 possono causare nuovi cedimenti<\/p>\n<h2><span class=\"ez-toc-section\" id=\"Lintervento_presenta_dei_rischi\"><\/span>L&#8217;intervento presenta dei rischi?<span class=\"ez-toc-section-end\"><\/span><\/h2>\n<p>Qualsiasi intervento pu\u00f2 portare a situazioni indesiderate. Sarebbe utile discutere queste possibilit\u00e0 con il proprio medico. Possono verificarsi lievi asimmetrie nella forma e nelle dimensioni dei seni<\/p>\n<p>Il lifting del seno non impedisce alla madre di allattare.<\/p>\n","protected":false},"excerpt":{"rendered":"<p>Il seno cadente, molle e deformato \u00e8 uno dei problemi pi\u00f9 sentiti dalle donne. Il tessuto mammario, che non contiene muscoli nella sua struttura ed \u00e8 costituito esclusivamente da ghiandole sebacee e mammarie, perde il suo vecchio aspetto fresco ed eretto a causa della gravit\u00e0, dell&#8217;invecchiamento, dei frequenti aumenti di peso, del parto, dell&#8217;allattamento, dell&#8217;utilizzo [&hellip;]<\/p>\n","protected":false},"author":1,"featured_media":0,"parent":0,"menu_order":0,"comment_status":"closed","ping_status":"closed","template":"","meta":{"footnotes":""},"class_list":["post-8518","page","type-page","status-publish","hentry"],"yoast_head":"<!-- This site is optimized with the Yoast SEO plugin v19.5.1 - https:\/\/yoast.com\/wordpress\/plugins\/seo\/ -->\n<title>Lifting del seno - Ayfa Clinic Istanbul Turkey<\/title>\n<meta name=\"robots\" content=\"index, follow, max-snippet:-1, max-image-preview:large, max-video-preview:-1\" \/>\n<link rel=\"canonical\" href=\"https:\/\/ayfaclinic.com\/it\/lifting-del-seno\/\" \/>\n<meta property=\"og:locale\" content=\"tr_TR\" \/>\n<meta property=\"og:type\" content=\"article\" \/>\n<meta property=\"og:title\" content=\"Lifting del seno - Ayfa Clinic Istanbul Turkey\" \/>\n<meta property=\"og:description\" content=\"Il seno cadente, molle e deformato \u00e8 uno dei problemi pi\u00f9 sentiti dalle donne. Il tessuto mammario, che non contiene muscoli nella sua struttura ed \u00e8 costituito esclusivamente da ghiandole sebacee e mammarie, perde il suo vecchio aspetto fresco ed eretto a causa della gravit\u00e0, dell&#8217;invecchiamento, dei frequenti aumenti di peso, del parto, dell&#8217;allattamento, dell&#8217;utilizzo [&hellip;]\" \/>\n<meta property=\"og:url\" content=\"https:\/\/ayfaclinic.com\/it\/lifting-del-seno\/\" \/>\n<meta property=\"og:site_name\" content=\"Ayfa Clinic - Health Starts Here\" \/>\n<meta property=\"article:modified_time\" content=\"2023-09-10T18:53:17+00:00\" \/>\n<meta name=\"twitter:card\" content=\"summary_large_image\" \/>\n<meta name=\"twitter:label1\" content=\"Tahmini okuma s\u00fcresi\" \/>\n\t<meta name=\"twitter:data1\" content=\"3 dakika\" \/>\n<script type=\"application\/ld+json\" class=\"yoast-schema-graph\">{\"@context\":\"https:\/\/schema.org\",\"@graph\":[{\"@type\":\"WebPage\",\"@id\":\"https:\/\/ayfaclinic.com\/it\/lifting-del-seno\/\",\"url\":\"https:\/\/ayfaclinic.com\/it\/lifting-del-seno\/\",\"name\":\"Lifting del seno - Ayfa Clinic Istanbul Turkey\",\"isPartOf\":{\"@id\":\"https:\/\/ayfaclinic.com\/it\/#website\"},\"datePublished\":\"2022-06-20T12:08:15+00:00\",\"dateModified\":\"2023-09-10T18:53:17+00:00\",\"breadcrumb\":{\"@id\":\"https:\/\/ayfaclinic.com\/it\/lifting-del-seno\/#breadcrumb\"},\"inLanguage\":\"tr\",\"potentialAction\":[{\"@type\":\"ReadAction\",\"target\":[\"https:\/\/ayfaclinic.com\/it\/lifting-del-seno\/\"]}]},{\"@type\":\"BreadcrumbList\",\"@id\":\"https:\/\/ayfaclinic.com\/it\/lifting-del-seno\/#breadcrumb\",\"itemListElement\":[{\"@type\":\"ListItem\",\"position\":1,\"name\":\"Anasayfa\",\"item\":\"https:\/\/ayfaclinic.com\/it\/\"},{\"@type\":\"ListItem\",\"position\":2,\"name\":\"Lifting del seno\"}]},{\"@type\":\"WebSite\",\"@id\":\"https:\/\/ayfaclinic.com\/it\/#website\",\"url\":\"https:\/\/ayfaclinic.com\/it\/\",\"name\":\"Ayfa Clinic - Health Starts Here\",\"description\":\"Ayfa Clinic - Health Starts Here\",\"potentialAction\":[{\"@type\":\"SearchAction\",\"target\":{\"@type\":\"EntryPoint\",\"urlTemplate\":\"https:\/\/ayfaclinic.com\/it\/?s={search_term_string}\"},\"query-input\":\"required name=search_term_string\"}],\"inLanguage\":\"tr\"}]}<\/script>\n<!-- \/ Yoast SEO plugin. -->","yoast_head_json":{"title":"Lifting del seno - Ayfa Clinic Istanbul Turkey","robots":{"index":"index","follow":"follow","max-snippet":"max-snippet:-1","max-image-preview":"max-image-preview:large","max-video-preview":"max-video-preview:-1"},"canonical":"https:\/\/ayfaclinic.com\/it\/lifting-del-seno\/","og_locale":"tr_TR","og_type":"article","og_title":"Lifting del seno - Ayfa Clinic Istanbul Turkey","og_description":"Il seno cadente, molle e deformato \u00e8 uno dei problemi pi\u00f9 sentiti dalle donne. Il tessuto mammario, che non contiene muscoli nella sua struttura ed \u00e8 costituito esclusivamente da ghiandole sebacee e mammarie, perde il suo vecchio aspetto fresco ed eretto a causa della gravit\u00e0, dell&#8217;invecchiamento, dei frequenti aumenti di peso, del parto, dell&#8217;allattamento, dell&#8217;utilizzo [&hellip;]","og_url":"https:\/\/ayfaclinic.com\/it\/lifting-del-seno\/","og_site_name":"Ayfa Clinic - Health Starts Here","article_modified_time":"2023-09-10T18:53:17+00:00","twitter_card":"summary_large_image","twitter_misc":{"Tahmini okuma s\u00fcresi":"3 dakika"},"schema":{"@context":"https:\/\/schema.org","@graph":[{"@type":"WebPage","@id":"https:\/\/ayfaclinic.com\/it\/lifting-del-seno\/","url":"https:\/\/ayfaclinic.com\/it\/lifting-del-seno\/","name":"Lifting del seno - Ayfa Clinic Istanbul Turkey","isPartOf":{"@id":"https:\/\/ayfaclinic.com\/it\/#website"},"datePublished":"2022-06-20T12:08:15+00:00","dateModified":"2023-09-10T18:53:17+00:00","breadcrumb":{"@id":"https:\/\/ayfaclinic.com\/it\/lifting-del-seno\/#breadcrumb"},"inLanguage":"tr","potentialAction":[{"@type":"ReadAction","target":["https:\/\/ayfaclinic.com\/it\/lifting-del-seno\/"]}]},{"@type":"BreadcrumbList","@id":"https:\/\/ayfaclinic.com\/it\/lifting-del-seno\/#breadcrumb","itemListElement":[{"@type":"ListItem","position":1,"name":"Anasayfa","item":"https:\/\/ayfaclinic.com\/it\/"},{"@type":"ListItem","position":2,"name":"Lifting del seno"}]},{"@type":"WebSite","@id":"https:\/\/ayfaclinic.com\/it\/#website","url":"https:\/\/ayfaclinic.com\/it\/","name":"Ayfa Clinic - Health Starts Here","description":"Ayfa Clinic - Health Starts Here","potentialAction":[{"@type":"SearchAction","target":{"@type":"EntryPoint","urlTemplate":"https:\/\/ayfaclinic.com\/it\/?s={search_term_string}"},"query-input":"required name=search_term_string"}],"inLanguage":"tr"}]}},"_links":{"self":[{"href":"https:\/\/ayfaclinic.com\/it\/wp-json\/wp\/v2\/pages\/8518","targetHints":{"allow":["GET"]}}],"collection":[{"href":"https:\/\/ayfaclinic.com\/it\/wp-json\/wp\/v2\/pages"}],"about":[{"href":"https:\/\/ayfaclinic.com\/it\/wp-json\/wp\/v2\/types\/page"}],"author":[{"embeddable":true,"href":"https:\/\/ayfaclinic.com\/it\/wp-json\/wp\/v2\/users\/1"}],"replies":[{"embeddable":true,"href":"https:\/\/ayfaclinic.com\/it\/wp-json\/wp\/v2\/comments?post=8518"}],"version-history":[{"count":3,"href":"https:\/\/ayfaclinic.com\/it\/wp-json\/wp\/v2\/pages\/8518\/revisions"}],"predecessor-version":[{"id":8832,"href":"https:\/\/ayfaclinic.com\/it\/wp-json\/wp\/v2\/pages\/8518\/revisions\/8832"}],"wp:attachment":[{"href":"https:\/\/ayfaclinic.com\/it\/wp-json\/wp\/v2\/media?parent=8518"}],"curies":[{"name":"wp","href":"https:\/\/api.w.org\/{rel}","templated":true}]}}