{"id":8526,"date":"2022-06-20T12:18:56","date_gmt":"2022-06-20T12:18:56","guid":{"rendered":"https:\/\/ayfaclinic.com\/it\/?page_id=8526"},"modified":"2023-09-08T09:05:46","modified_gmt":"2023-09-08T09:05:46","slug":"estetica-delle-palpebre-blefaroplastica","status":"publish","type":"page","link":"https:\/\/ayfaclinic.com\/it\/estetica-delle-palpebre-blefaroplastica\/","title":{"rendered":"Estetica delle Palpebre (Blefaroplastica)"},"content":{"rendered":"<p>L&#8217;estetica delle palpebre, o blefaroplastica, comprende una serie di interventi chirurgici eseguiti da un chirurgo plastico per rimuovere la pelle flaccida e l&#8217;eccesso di tessuto muscolare e per ridare tonicit\u00e0 ai tessuti intorno agli occhi, che ricoprono le palpebre superiori e inferiori.<\/p>\n<p>Con l&#8217;avanzare dell&#8217;et\u00e0, la pelle tende naturalmente a cedere a causa degli effetti della gravit\u00e0. Allo stesso tempo, possono verificarsi segni come borse sotto gli occhi, pelle rilassata, discromie, flaccidit\u00e0 e rughe. Fattori come l&#8217;esposizione al sole, l&#8217;inquinamento dell&#8217;aria, il sonno irregolare, il consumo eccessivo di tabacco e alcol accelerano il processo di invecchiamento della pelle.<\/p>\n<div id=\"ez-toc-container\" class=\"ez-toc-v2_0_31_1 counter-hierarchy counter-decimal ez-toc-grey\">\n<div class=\"ez-toc-title-container\">\n<p class=\"ez-toc-title\">Contents<\/p>\n<span class=\"ez-toc-title-toggle\"><a href=\"#\" class=\"ez-toc-pull-right ez-toc-btn ez-toc-btn-xs ez-toc-btn-default ez-toc-toggle\" style=\"display: none;\"><label for=\"item\" aria-label=\"Table of Content\"><i class=\"ez-toc-glyphicon ez-toc-icon-toggle\"><\/i><\/label><input type=\"checkbox\" id=\"item\"><\/a><\/span><\/div>\n<nav><ul class=\"ez-toc-list ez-toc-list-level-1\"><li class=\"ez-toc-page-1 ez-toc-heading-level-2\"><a class=\"ez-toc-link ez-toc-heading-1\" href=\"https:\/\/ayfaclinic.com\/it\/estetica-delle-palpebre-blefaroplastica\/#Cose_una_correzione_estetica_delle_palpebre\" title=\"Cos&#8217;\u00e8 una correzione estetica delle palpebre?\">Cos&#8217;\u00e8 una correzione estetica delle palpebre?<\/a><\/li><li class=\"ez-toc-page-1 ez-toc-heading-level-2\"><a class=\"ez-toc-link ez-toc-heading-2\" href=\"https:\/\/ayfaclinic.com\/it\/estetica-delle-palpebre-blefaroplastica\/#Chi_e_idoneo_per_questo_intervento\" title=\"Chi \u00e8 idoneo per questo intervento?\">Chi \u00e8 idoneo per questo intervento?<\/a><\/li><li class=\"ez-toc-page-1 ez-toc-heading-level-2\"><a class=\"ez-toc-link ez-toc-heading-3\" href=\"https:\/\/ayfaclinic.com\/it\/estetica-delle-palpebre-blefaroplastica\/#Cosa_succede_dopo_lintervento\" title=\"Cosa succede dopo l&#8217;intervento?\">Cosa succede dopo l&#8217;intervento?<\/a><\/li><li class=\"ez-toc-page-1 ez-toc-heading-level-2\"><a class=\"ez-toc-link ez-toc-heading-4\" href=\"https:\/\/ayfaclinic.com\/it\/estetica-delle-palpebre-blefaroplastica\/#Quando_tornerete_alla_vita_normale\" title=\"Quando tornerete alla vita normale?\">Quando tornerete alla vita normale?<\/a><\/li><\/ul><\/nav><\/div>\n<h2><span class=\"ez-toc-section\" id=\"Cose_una_correzione_estetica_delle_palpebre\"><\/span>Cos&#8217;\u00e8 una correzione estetica delle palpebre?<span class=\"ez-toc-section-end\"><\/span><\/h2>\n<p>Durante una correzione estetica delle palpebre, vengono rimossi l&#8217;eccesso di pelle, muscoli e tessuto adiposo cadente. In questo modo si ottiene un aspetto pi\u00f9 giovane e<br \/>\nsano. Una cicatrice viene lasciata lungo la palpebra superiore. Tuttavia, poich\u00e9 questa cicatrice segue il solco della palpebra, \u00e8 visibile solo se si guarda molto da vicino. Viene lasciata una cicatrice sulla palpebra inferiore proprio sotto le ciglia, il resto della cicatrice appare come una normale linea cutanea sul lato. Poich\u00e9 la pelle delle palpebre \u00e8 molto sottile, \u00e8 la parte del corpo umano con meno cicatrici.<\/p>\n<h2><span class=\"ez-toc-section\" id=\"Chi_e_idoneo_per_questo_intervento\"><\/span>Chi \u00e8 idoneo per questo intervento?<span class=\"ez-toc-section-end\"><\/span><\/h2>\n<p>In generale, le persone di et\u00e0 superiore ai 30 anni sono candidati idonei quando le loro palpebre superiori e inferiori hanno iniziato a cadere e a rilassarsi e non presentano ulteriori problemi di salute.<\/p>\n<h2><span class=\"ez-toc-section\" id=\"Cosa_succede_dopo_lintervento\"><\/span>Cosa succede dopo l&#8217;intervento?<span class=\"ez-toc-section-end\"><\/span><\/h2>\n<p>Il periodo immediatamente successivo all&#8217;intervento di solito si svolge senza problemi. Possono comparire gonfiore e lividi intorno agli occhi. Occhi secchi, bruciore e visione offuscata sono sintomi normali in questo momento. \u00c8 possibile che gli occhi lacrimino o che si sia sensibili alla luce. Nei primi giorni, il paziente potrebbe non essere in grado di chiudere completamente gli occhi. Queste sono condizioni che si prevede scompariranno da sole nella prima settimana. I punti vengono rimossi dopo 5 giorni.<\/p>\n<h2><span class=\"ez-toc-section\" id=\"Quando_tornerete_alla_vita_normale\"><\/span>Quando tornerete alla vita normale?<span class=\"ez-toc-section-end\"><\/span><\/h2>\n<p>Di solito, l&#8217;intervento ha buoni risultati. In casi rari, possono essere necessari ritocchi<\/p>\n","protected":false},"excerpt":{"rendered":"<p>L&#8217;estetica delle palpebre, o blefaroplastica, comprende una serie di interventi chirurgici eseguiti da un chirurgo plastico per rimuovere la pelle flaccida e l&#8217;eccesso di tessuto muscolare e per ridare tonicit\u00e0 ai tessuti intorno agli occhi, che ricoprono le palpebre superiori e inferiori. Con l&#8217;avanzare dell&#8217;et\u00e0, la pelle tende naturalmente a cedere a causa degli effetti [&hellip;]<\/p>\n","protected":false},"author":1,"featured_media":0,"parent":0,"menu_order":0,"comment_status":"closed","ping_status":"closed","template":"","meta":{"footnotes":""},"class_list":["post-8526","page","type-page","status-publish","hentry"],"yoast_head":"<!-- This site is optimized with the Yoast SEO plugin v19.5.1 - https:\/\/yoast.com\/wordpress\/plugins\/seo\/ -->\n<title>Estetica delle Palpebre (Blefaroplastica) - Ayfa Clinic Istanbul Turkey<\/title>\n<meta name=\"robots\" content=\"index, follow, max-snippet:-1, max-image-preview:large, max-video-preview:-1\" \/>\n<link rel=\"canonical\" href=\"https:\/\/ayfaclinic.com\/it\/estetica-delle-palpebre-blefaroplastica\/\" \/>\n<meta property=\"og:locale\" content=\"tr_TR\" \/>\n<meta property=\"og:type\" content=\"article\" \/>\n<meta property=\"og:title\" content=\"Estetica delle Palpebre (Blefaroplastica) - Ayfa Clinic Istanbul Turkey\" \/>\n<meta property=\"og:description\" content=\"L&#8217;estetica delle palpebre, o blefaroplastica, comprende una serie di interventi chirurgici eseguiti da un chirurgo plastico per rimuovere la pelle flaccida e l&#8217;eccesso di tessuto muscolare e per ridare tonicit\u00e0 ai tessuti intorno agli occhi, che ricoprono le palpebre superiori e inferiori. Con l&#8217;avanzare dell&#8217;et\u00e0, la pelle tende naturalmente a cedere a causa degli effetti [&hellip;]\" \/>\n<meta property=\"og:url\" content=\"https:\/\/ayfaclinic.com\/it\/estetica-delle-palpebre-blefaroplastica\/\" \/>\n<meta property=\"og:site_name\" content=\"Ayfa Clinic - Health Starts Here\" \/>\n<meta property=\"article:modified_time\" content=\"2023-09-08T09:05:46+00:00\" \/>\n<meta name=\"twitter:card\" content=\"summary_large_image\" \/>\n<meta name=\"twitter:label1\" content=\"Tahmini okuma s\u00fcresi\" \/>\n\t<meta name=\"twitter:data1\" content=\"2 dakika\" \/>\n<script type=\"application\/ld+json\" class=\"yoast-schema-graph\">{\"@context\":\"https:\/\/schema.org\",\"@graph\":[{\"@type\":\"WebPage\",\"@id\":\"https:\/\/ayfaclinic.com\/it\/estetica-delle-palpebre-blefaroplastica\/\",\"url\":\"https:\/\/ayfaclinic.com\/it\/estetica-delle-palpebre-blefaroplastica\/\",\"name\":\"Estetica delle Palpebre (Blefaroplastica) - Ayfa Clinic Istanbul Turkey\",\"isPartOf\":{\"@id\":\"https:\/\/ayfaclinic.com\/it\/#website\"},\"datePublished\":\"2022-06-20T12:18:56+00:00\",\"dateModified\":\"2023-09-08T09:05:46+00:00\",\"breadcrumb\":{\"@id\":\"https:\/\/ayfaclinic.com\/it\/estetica-delle-palpebre-blefaroplastica\/#breadcrumb\"},\"inLanguage\":\"tr\",\"potentialAction\":[{\"@type\":\"ReadAction\",\"target\":[\"https:\/\/ayfaclinic.com\/it\/estetica-delle-palpebre-blefaroplastica\/\"]}]},{\"@type\":\"BreadcrumbList\",\"@id\":\"https:\/\/ayfaclinic.com\/it\/estetica-delle-palpebre-blefaroplastica\/#breadcrumb\",\"itemListElement\":[{\"@type\":\"ListItem\",\"position\":1,\"name\":\"Anasayfa\",\"item\":\"https:\/\/ayfaclinic.com\/it\/\"},{\"@type\":\"ListItem\",\"position\":2,\"name\":\"Estetica delle Palpebre (Blefaroplastica)\"}]},{\"@type\":\"WebSite\",\"@id\":\"https:\/\/ayfaclinic.com\/it\/#website\",\"url\":\"https:\/\/ayfaclinic.com\/it\/\",\"name\":\"Ayfa Clinic - Health Starts Here\",\"description\":\"Ayfa Clinic - Health Starts Here\",\"potentialAction\":[{\"@type\":\"SearchAction\",\"target\":{\"@type\":\"EntryPoint\",\"urlTemplate\":\"https:\/\/ayfaclinic.com\/it\/?s={search_term_string}\"},\"query-input\":\"required name=search_term_string\"}],\"inLanguage\":\"tr\"}]}<\/script>\n<!-- \/ Yoast SEO plugin. -->","yoast_head_json":{"title":"Estetica delle Palpebre (Blefaroplastica) - Ayfa Clinic Istanbul Turkey","robots":{"index":"index","follow":"follow","max-snippet":"max-snippet:-1","max-image-preview":"max-image-preview:large","max-video-preview":"max-video-preview:-1"},"canonical":"https:\/\/ayfaclinic.com\/it\/estetica-delle-palpebre-blefaroplastica\/","og_locale":"tr_TR","og_type":"article","og_title":"Estetica delle Palpebre (Blefaroplastica) - Ayfa Clinic Istanbul Turkey","og_description":"L&#8217;estetica delle palpebre, o blefaroplastica, comprende una serie di interventi chirurgici eseguiti da un chirurgo plastico per rimuovere la pelle flaccida e l&#8217;eccesso di tessuto muscolare e per ridare tonicit\u00e0 ai tessuti intorno agli occhi, che ricoprono le palpebre superiori e inferiori. Con l&#8217;avanzare dell&#8217;et\u00e0, la pelle tende naturalmente a cedere a causa degli effetti [&hellip;]","og_url":"https:\/\/ayfaclinic.com\/it\/estetica-delle-palpebre-blefaroplastica\/","og_site_name":"Ayfa Clinic - Health Starts Here","article_modified_time":"2023-09-08T09:05:46+00:00","twitter_card":"summary_large_image","twitter_misc":{"Tahmini okuma s\u00fcresi":"2 dakika"},"schema":{"@context":"https:\/\/schema.org","@graph":[{"@type":"WebPage","@id":"https:\/\/ayfaclinic.com\/it\/estetica-delle-palpebre-blefaroplastica\/","url":"https:\/\/ayfaclinic.com\/it\/estetica-delle-palpebre-blefaroplastica\/","name":"Estetica delle Palpebre (Blefaroplastica) - Ayfa Clinic Istanbul Turkey","isPartOf":{"@id":"https:\/\/ayfaclinic.com\/it\/#website"},"datePublished":"2022-06-20T12:18:56+00:00","dateModified":"2023-09-08T09:05:46+00:00","breadcrumb":{"@id":"https:\/\/ayfaclinic.com\/it\/estetica-delle-palpebre-blefaroplastica\/#breadcrumb"},"inLanguage":"tr","potentialAction":[{"@type":"ReadAction","target":["https:\/\/ayfaclinic.com\/it\/estetica-delle-palpebre-blefaroplastica\/"]}]},{"@type":"BreadcrumbList","@id":"https:\/\/ayfaclinic.com\/it\/estetica-delle-palpebre-blefaroplastica\/#breadcrumb","itemListElement":[{"@type":"ListItem","position":1,"name":"Anasayfa","item":"https:\/\/ayfaclinic.com\/it\/"},{"@type":"ListItem","position":2,"name":"Estetica delle Palpebre (Blefaroplastica)"}]},{"@type":"WebSite","@id":"https:\/\/ayfaclinic.com\/it\/#website","url":"https:\/\/ayfaclinic.com\/it\/","name":"Ayfa Clinic - Health Starts Here","description":"Ayfa Clinic - Health Starts Here","potentialAction":[{"@type":"SearchAction","target":{"@type":"EntryPoint","urlTemplate":"https:\/\/ayfaclinic.com\/it\/?s={search_term_string}"},"query-input":"required name=search_term_string"}],"inLanguage":"tr"}]}},"_links":{"self":[{"href":"https:\/\/ayfaclinic.com\/it\/wp-json\/wp\/v2\/pages\/8526","targetHints":{"allow":["GET"]}}],"collection":[{"href":"https:\/\/ayfaclinic.com\/it\/wp-json\/wp\/v2\/pages"}],"about":[{"href":"https:\/\/ayfaclinic.com\/it\/wp-json\/wp\/v2\/types\/page"}],"author":[{"embeddable":true,"href":"https:\/\/ayfaclinic.com\/it\/wp-json\/wp\/v2\/users\/1"}],"replies":[{"embeddable":true,"href":"https:\/\/ayfaclinic.com\/it\/wp-json\/wp\/v2\/comments?post=8526"}],"version-history":[{"count":3,"href":"https:\/\/ayfaclinic.com\/it\/wp-json\/wp\/v2\/pages\/8526\/revisions"}],"predecessor-version":[{"id":8824,"href":"https:\/\/ayfaclinic.com\/it\/wp-json\/wp\/v2\/pages\/8526\/revisions\/8824"}],"wp:attachment":[{"href":"https:\/\/ayfaclinic.com\/it\/wp-json\/wp\/v2\/media?parent=8526"}],"curies":[{"name":"wp","href":"https:\/\/api.w.org\/{rel}","templated":true}]}}