{"id":8536,"date":"2022-06-20T12:23:27","date_gmt":"2022-06-20T12:23:27","guid":{"rendered":"https:\/\/ayfaclinic.com\/it\/?page_id=8536"},"modified":"2023-09-10T18:55:51","modified_gmt":"2023-09-10T18:55:51","slug":"liposuzione","status":"publish","type":"page","link":"https:\/\/ayfaclinic.com\/it\/liposuzione\/","title":{"rendered":"Liposuzione"},"content":{"rendered":"<p>Le persone che non sono obese ma hanno depositi di grasso in alcune zone del corpo che non sono riuscite a ridurre con l&#8217;esercizio fisico o la dieta, possono prendere in considerazione la liposuzione, un metodo chirurgico utilizzato molto spesso. In questo modo il loro corpo acquista una forma migliore. La liposuzione \u00e8 uno degli interventi di chirurgia estetica pi\u00f9 utilizzati negli ultimi anni. Questa applicazione viene utilizzata soprattutto nei punti in cui si notano accumuli ostinati di grasso, come fianchi, addome, vita, ginocchia<\/p>\n<p>La liposuzione viene generalmente eseguita aspirando e rimuovendo il tessuto adiposo, reso pi\u00f9 liquido con vari metodi, attraverso incisioni di 1-2 mm utilizzando cannule sottili e lunghe con un diametro di 2-3 mm<\/p>\n<div id=\"ez-toc-container\" class=\"ez-toc-v2_0_31_1 counter-hierarchy counter-decimal ez-toc-grey\">\n<div class=\"ez-toc-title-container\">\n<p class=\"ez-toc-title\">Contents<\/p>\n<span class=\"ez-toc-title-toggle\"><a href=\"#\" class=\"ez-toc-pull-right ez-toc-btn ez-toc-btn-xs ez-toc-btn-default ez-toc-toggle\" style=\"display: none;\"><label for=\"item\" aria-label=\"Table of Content\"><i class=\"ez-toc-glyphicon ez-toc-icon-toggle\"><\/i><\/label><input type=\"checkbox\" id=\"item\"><\/a><\/span><\/div>\n<nav><ul class=\"ez-toc-list ez-toc-list-level-1\"><li class=\"ez-toc-page-1 ez-toc-heading-level-2\"><a class=\"ez-toc-link ez-toc-heading-1\" href=\"https:\/\/ayfaclinic.com\/it\/liposuzione\/#Liposuzione_per_chi\" title=\"Liposuzione per chi?\">Liposuzione per chi?<\/a><\/li><li class=\"ez-toc-page-1 ez-toc-heading-level-2\"><a class=\"ez-toc-link ez-toc-heading-2\" href=\"https:\/\/ayfaclinic.com\/it\/liposuzione\/#Perche_e_importante_il_primo_incontro\" title=\"Perch\u00e9 \u00e8 importante il primo incontro?\">Perch\u00e9 \u00e8 importante il primo incontro?<\/a><\/li><li class=\"ez-toc-page-1 ez-toc-heading-level-2\"><a class=\"ez-toc-link ez-toc-heading-3\" href=\"https:\/\/ayfaclinic.com\/it\/liposuzione\/#Come_ci_si_prepara_alloperazione_prima_dellintervento\" title=\"Come ci si prepara all&#8217;operazione prima dell&#8217;intervento?\">Come ci si prepara all&#8217;operazione prima dell&#8217;intervento?<\/a><\/li><li class=\"ez-toc-page-1 ez-toc-heading-level-2\"><a class=\"ez-toc-link ez-toc-heading-4\" href=\"https:\/\/ayfaclinic.com\/it\/liposuzione\/#Qual_e_la_procedura_Quanto_dura_lintervento\" title=\"Qual \u00e8 la procedura? Quanto dura l&#8217;intervento?\">Qual \u00e8 la procedura? Quanto dura l&#8217;intervento?<\/a><\/li><li class=\"ez-toc-page-1 ez-toc-heading-level-2\"><a class=\"ez-toc-link ez-toc-heading-5\" href=\"https:\/\/ayfaclinic.com\/it\/liposuzione\/#Quale_tipo_di_liposuzione_e_da_preferire\" title=\"Quale tipo di liposuzione \u00e8 da preferire?\">Quale tipo di liposuzione \u00e8 da preferire?<\/a><\/li><li class=\"ez-toc-page-1 ez-toc-heading-level-2\"><a class=\"ez-toc-link ez-toc-heading-6\" href=\"https:\/\/ayfaclinic.com\/it\/liposuzione\/#La_cellulite_puo_essere_trattata_con_la_liposuzione\" title=\"La cellulite pu\u00f2 essere trattata con la liposuzione?\">La cellulite pu\u00f2 essere trattata con la liposuzione?<\/a><\/li><li class=\"ez-toc-page-1 ez-toc-heading-level-2\"><a class=\"ez-toc-link ez-toc-heading-7\" href=\"https:\/\/ayfaclinic.com\/it\/liposuzione\/#Come_si_esegue_la_liposuzione_addominale\" title=\"Come si esegue la liposuzione addominale?\">Come si esegue la liposuzione addominale?<\/a><\/li><li class=\"ez-toc-page-1 ez-toc-heading-level-2\"><a class=\"ez-toc-link ez-toc-heading-8\" href=\"https:\/\/ayfaclinic.com\/it\/liposuzione\/#Cosa_bisogna_considerare_durante_la_fase_di_recupero\" title=\"Cosa bisogna considerare durante la fase di recupero?\">Cosa bisogna considerare durante la fase di recupero?<\/a><\/li><li class=\"ez-toc-page-1 ez-toc-heading-level-2\"><a class=\"ez-toc-link ez-toc-heading-9\" href=\"https:\/\/ayfaclinic.com\/it\/liposuzione\/#E_possibile_accelerare_il_processo_di_guarigione\" title=\"\u00c8 possibile accelerare il processo di guarigione?\">\u00c8 possibile accelerare il processo di guarigione?<\/a><\/li><li class=\"ez-toc-page-1 ez-toc-heading-level-2\"><a class=\"ez-toc-link ez-toc-heading-10\" href=\"https:\/\/ayfaclinic.com\/it\/liposuzione\/#Possibili_rischi_e_complicazioni\" title=\"Possibili rischi e complicazioni\">Possibili rischi e complicazioni<\/a><\/li><\/ul><\/nav><\/div>\n<h2><span class=\"ez-toc-section\" id=\"Liposuzione_per_chi\"><\/span>Liposuzione per chi?<span class=\"ez-toc-section-end\"><\/span><\/h2>\n<p>&#8211; Persone il cui peso \u00e8 prossimo al peso corporeo normale<br \/>\n&#8211; Chi desidera rimuovere i depositi di grasso in aree resistenti alla dieta e all&#8217;esercizio fisico, come lo stomaco, la vita, l&#8217;interno e l&#8217;esterno cosce, le braccia, le ginocchia e il collo<br \/>\n&#8211; Persone il cui peso \u00e8 stabile da almeno 6 mesi<br \/>\n&#8211; Persone con una buona tonicit\u00e0 ed elasticit\u00e0 della pelle<br \/>\n&#8211; Chi non ha pelle flaccida e cadente<br \/>\n&#8211; Persone che non presentano screpolature della pelle<br \/>\n&#8211; Persone con aspettative realistiche<br \/>\n&#8211; Persone che non hanno problemi di salute mentale<br \/>\n&#8211; Persone consapevoli dei rischi di un intervento chirurgico<\/p>\n<p>Anche se soddisfate solo alcuni di questi criteri, potreste essere un buon candidato per la liposuzione. La liposuzione \u00e8 molto adatta a chi ha un peso corporeo quasi normale e presenta un eccesso di grasso in aree isolate. La liposuzione non \u00e8 un trattamento dell&#8217;obesit\u00e0. Pertanto, il metodo non deve essere considerato come una perdita di peso. Se il tono della pelle \u00e8 buono, il risultato dell&#8217;intervento sar\u00e0 buono. Tuttavia, se la pelle \u00e8 screpolata e cadente, pu\u00f2 essere pi\u00f9 appropriato un addominale o un lifting delle cosce, a seconda della localizzazione del problema. Anche la durata della degenza in ospedale per i pazienti che hanno pi\u00f9 di cinque litri di grasso sar\u00e0 maggiore<\/p>\n<h2><span class=\"ez-toc-section\" id=\"Perche_e_importante_il_primo_incontro\"><\/span>Perch\u00e9 \u00e8 importante il primo incontro?<span class=\"ez-toc-section-end\"><\/span><\/h2>\n<p>Durante il primo incontro, il medico vi chieder\u00e0 che tipo di miglioramento desiderate. Siate chiari su ci\u00f2 che desiderate. Quando il chirurgo comprende appieno le vostre aspettative, sar\u00e0 in grado di capire se la vostra richiesta \u00e8 realistica<\/p>\n<p>Se soffrite di condizioni quali diabete, cattiva circolazione, malattie cardiache, polmonari o epatiche, abitudine al fumo, storia familiare di embolia o assunzione di determinati farmaci, il rischio di complicazioni aumenta<\/p>\n<h2><span class=\"ez-toc-section\" id=\"Come_ci_si_prepara_alloperazione_prima_dellintervento\"><\/span>Come ci si prepara all&#8217;operazione prima dell&#8217;intervento?<span class=\"ez-toc-section-end\"><\/span><\/h2>\n<p>&#8211; Smettere di fumare almeno due settimane prima dell&#8217;intervento. Il fumo aumenta notevolmente il rischio di complicazioni<br \/>\n&#8211; Chiedete al vostro medico un foglio informativo<br \/>\n&#8211; Organizzate una persona che vi assista nel trasporto post-operatorio<br \/>\n&#8211; Predisporre una persona che vi assista nelle prime 24-72 ore dopo l&#8217;intervento<br \/>\n&#8211; Preparare un ambiente confortevole a casa (ad es. cuscini, libri, riviste, TV, telecomando)<br \/>\n&#8211; In accordo con il medico, preparare una dieta povera di sodio per non aumentare l&#8217;edema postoperatorio<br \/>\n&#8211; Il giorno dell&#8217;intervento, indossare abiti comodi, facili da togliere e con i bottoni davanti<\/p>\n<h2><span class=\"ez-toc-section\" id=\"Qual_e_la_procedura_Quanto_dura_lintervento\"><\/span>Qual \u00e8 la procedura? Quanto dura l&#8217;intervento?<span class=\"ez-toc-section-end\"><\/span><\/h2>\n<p>Anestesia: Generale o con sedazione<br \/>\nLuogo: ospedale, sala operatoria. Se si esegue una liposuzione ad alto volume (oltre 5 litri), sarebbe opportuno rimanere in ospedale per la notte<\/p>\n<h2><span class=\"ez-toc-section\" id=\"Quale_tipo_di_liposuzione_e_da_preferire\"><\/span>Quale tipo di liposuzione \u00e8 da preferire?<span class=\"ez-toc-section-end\"><\/span><\/h2>\n<p>Liposuzione standard: Pu\u00f2 essere chiamata in diversi modi come: B. Liposuzione, lipoplastica, liposcultura, liposcultura e lipoplastica assistita da aspirazione. \u00c8 un metodo utilizzato dal 1982. In primo luogo, il tessuto adiposo viene riempito con il liquido tumescente preparato (siero, adrenalina, ecc.). Quindi il grasso viene aspirato con cannule lunghe e sottili. Per il processo di aspirazione vengono praticate alcune piccole incisioni, che possono essere nascoste nelle linee naturali del corpo. La tecnica tumescente riduce la perdita di sangue. Pu\u00f2 essere eseguita in anestesia generale o locale con sedazione endovenosa<\/p>\n<p>Liposuzione a ultrasuoni (liposuzione VASER): Il processo inizia con il riempimento del tessuto adiposo con liquido tumescente. Il grasso viene quindi reso pi\u00f9 liquido e assorbibile utilizzando energia ad ultrasuoni ad alta frequenza. Liposuzione assistita da VASER: L&#8217;energia a ultrasuoni intermittente o continua liquefa il tessuto adiposo. Con la liposuzione a ultrasuoni, la perdita di sangue \u00e8 minore e il grasso pu\u00f2 essere aspirato pi\u00f9 facilmente in punti difficili. Tuttavia, complicazioni come ustioni cutanee, edema e sieroma sono pi\u00f9 comuni rispetto alla liposuzione tumescente<\/p>\n<h2><span class=\"ez-toc-section\" id=\"La_cellulite_puo_essere_trattata_con_la_liposuzione\"><\/span>La cellulite pu\u00f2 essere trattata con la liposuzione?<span class=\"ez-toc-section-end\"><\/span><\/h2>\n<p>La liposuzione non risolve la cellulite, ma pu\u00f2 peggiorarla. Perch\u00e9 la cellulite \u00e8 legata al tessuto adiposo superficiale. Nella liposuzione viene rimosso il tessuto adiposo profondo<\/p>\n<h2><span class=\"ez-toc-section\" id=\"Come_si_esegue_la_liposuzione_addominale\"><\/span>Come si esegue la liposuzione addominale?<span class=\"ez-toc-section-end\"><\/span><\/h2>\n<p>L&#8217;assenza di tessuto adiposo in eccesso e di fessure nell&#8217;addome, cos\u00ec come un buon tono della pelle, indicano che la persona \u00e8 un buon candidato per la liposuzione. L&#8217;addominoplastica \u00e8 necessaria in caso di allentamento, cedimento e screpolature della pelle<\/p>\n<h2><span class=\"ez-toc-section\" id=\"Cosa_bisogna_considerare_durante_la_fase_di_recupero\"><\/span>Cosa bisogna considerare durante la fase di recupero?<span class=\"ez-toc-section-end\"><\/span><\/h2>\n<p>Livello di dolore: Varia a seconda dell&#8217;intervento, possono essere necessari 3-14 giorni di trattamento del dolore<br \/>\nEdema: Pu\u00f2 durare da 2 settimane a 2 mesi o pi\u00f9. \u00c8 necessario indossare un corsetto 3-4 settimane dopo l&#8217;intervento<br \/>\nEcchimosi: Possono durare da 2 giorni a 2 settimane<br \/>\nIntorpidimento: Pu\u00f2 durare diversi mesi<br \/>\nFerita: Cambiare la medicazione ogni 1-2 giorni. I punti di sutura vengono rimossi alla fine della prima settimana<br \/>\nLavoro: Pu\u00f2 essere iniziato in 1-3 settimane<br \/>\nEsercizio fisico: Si pu\u00f2 ricominciare a fare attivit\u00e0 fisica (tranne la corsa) dopo 2-4 settimane<br \/>\nRisultato: Appare in 1-6 mesi<\/p>\n<h2><span class=\"ez-toc-section\" id=\"E_possibile_accelerare_il_processo_di_guarigione\"><\/span>\u00c8 possibile accelerare il processo di guarigione?<span class=\"ez-toc-section-end\"><\/span><\/h2>\n<p>&#8211; \u00c8 necessario consumare una quantit\u00e0 sufficiente di liquidi per evitare la disidratazione<br \/>\n&#8211; L&#8217;alcol deve essere evitato 48 ore prima e dopo l&#8217;intervento<br \/>\n&#8211; Gli indumenti compressivi devono essere indossati per la durata raccomandata<br \/>\n&#8211; Per ridurre il rischio di infezione, astenersi da bagni, idromassaggi, saune e piscine per almeno 7 giorni<br \/>\n&#8211; Per evitare il rischio di svenimento a casa, \u00e8 necessario alzarsi lentamente dopo aver usato la toilette, togliere lentamente la biancheria intima compressiva, farsi aiutare la prima volta che si fa il bagno e sedersi immediatamente in caso di vertigini<br \/>\n&#8211; La nuova forma del corpo apparir\u00e0 dopo alcune settimane e ci vorr\u00e0 lo stesso tempo perch\u00e9 l&#8217;edema scompaia completamente. Un aumento o una perdita di peso significativi possono causare irregolarit\u00e0 sulla superficie della pelle dopo la liposuzione<br \/>\n&#8211; Gli adulti hanno un certo numero di cellule adipose, alcune delle quali vengono rimosse durante la liposuzione. Se si aumenta di peso dopo l&#8217;intervento, le cellule adipose rimanenti si gonfieranno nuovamente<\/p>\n<h2><span class=\"ez-toc-section\" id=\"Possibili_rischi_e_complicazioni\"><\/span>Possibili rischi e complicazioni<span class=\"ez-toc-section-end\"><\/span><\/h2>\n<p>&#8211; Contorno anomalo del corpo<br \/>\n&#8211; Reazione anestetica<br \/>\n&#8211; Sanguinamento, irregolarit\u00e0 della pelle, necrosi cutanea, ematoma, sieroma (accumulo di liquido sotto la pelle)<br \/>\n&#8211; Ustione<br \/>\n&#8211; Cambiamenti di colore<br \/>\n&#8211; Embolia (trombosi venosa profonda), embolia grassa (meno dello 0,1%)<br \/>\n&#8211; Infezione<br \/>\n&#8211; Perforazione intestinale<br \/>\n&#8211; Sordit\u00e0 persistente (meno dell&#8217;1%)<br \/>\n&#8211; Depressioni, fossette, pieghe cutanee, ematomi<br \/>\nCicatrice visibile, cheloide<\/p>\n<p>Le cicatrici chirurgiche sono permanenti. Durante la liposuzione vengono praticate in media due piccole incisioni per regione<br \/>\nLe incisioni sono solitamente posizionate nelle pieghe naturali della pelle. Oppure sono nascoste in aree come tra i peli pubici e l&#8217;ombelico. Tuttavia, se si guarda molto da vicino, \u00e8 possibile vederle. Per garantire che le cicatrici siano minimamente visibili, \u00e8 necessario massaggiarle e proteggerle dal sole.<\/p>\n","protected":false},"excerpt":{"rendered":"<p>Le persone che non sono obese ma hanno depositi di grasso in alcune zone del corpo che non sono riuscite a ridurre con l&#8217;esercizio fisico o la dieta, possono prendere in considerazione la liposuzione, un metodo chirurgico utilizzato molto spesso. In questo modo il loro corpo acquista una forma migliore. La liposuzione \u00e8 uno degli [&hellip;]<\/p>\n","protected":false},"author":1,"featured_media":0,"parent":0,"menu_order":0,"comment_status":"closed","ping_status":"closed","template":"","meta":{"footnotes":""},"class_list":["post-8536","page","type-page","status-publish","hentry"],"yoast_head":"<!-- This site is optimized with the Yoast SEO plugin v19.5.1 - https:\/\/yoast.com\/wordpress\/plugins\/seo\/ -->\n<title>Liposuzione - Ayfa Clinic Istanbul Turkey<\/title>\n<meta name=\"robots\" content=\"index, follow, max-snippet:-1, max-image-preview:large, max-video-preview:-1\" \/>\n<link rel=\"canonical\" href=\"https:\/\/ayfaclinic.com\/it\/liposuzione\/\" \/>\n<meta property=\"og:locale\" content=\"tr_TR\" \/>\n<meta property=\"og:type\" content=\"article\" \/>\n<meta property=\"og:title\" content=\"Liposuzione - Ayfa Clinic Istanbul Turkey\" \/>\n<meta property=\"og:description\" content=\"Le persone che non sono obese ma hanno depositi di grasso in alcune zone del corpo che non sono riuscite a ridurre con l&#8217;esercizio fisico o la dieta, possono prendere in considerazione la liposuzione, un metodo chirurgico utilizzato molto spesso. In questo modo il loro corpo acquista una forma migliore. La liposuzione \u00e8 uno degli [&hellip;]\" \/>\n<meta property=\"og:url\" content=\"https:\/\/ayfaclinic.com\/it\/liposuzione\/\" \/>\n<meta property=\"og:site_name\" content=\"Ayfa Clinic - Health Starts Here\" \/>\n<meta property=\"article:modified_time\" content=\"2023-09-10T18:55:51+00:00\" \/>\n<meta name=\"twitter:card\" content=\"summary_large_image\" \/>\n<meta name=\"twitter:label1\" content=\"Tahmini okuma s\u00fcresi\" \/>\n\t<meta name=\"twitter:data1\" content=\"6 dakika\" \/>\n<script type=\"application\/ld+json\" class=\"yoast-schema-graph\">{\"@context\":\"https:\/\/schema.org\",\"@graph\":[{\"@type\":\"WebPage\",\"@id\":\"https:\/\/ayfaclinic.com\/it\/liposuzione\/\",\"url\":\"https:\/\/ayfaclinic.com\/it\/liposuzione\/\",\"name\":\"Liposuzione - Ayfa Clinic Istanbul Turkey\",\"isPartOf\":{\"@id\":\"https:\/\/ayfaclinic.com\/it\/#website\"},\"datePublished\":\"2022-06-20T12:23:27+00:00\",\"dateModified\":\"2023-09-10T18:55:51+00:00\",\"breadcrumb\":{\"@id\":\"https:\/\/ayfaclinic.com\/it\/liposuzione\/#breadcrumb\"},\"inLanguage\":\"tr\",\"potentialAction\":[{\"@type\":\"ReadAction\",\"target\":[\"https:\/\/ayfaclinic.com\/it\/liposuzione\/\"]}]},{\"@type\":\"BreadcrumbList\",\"@id\":\"https:\/\/ayfaclinic.com\/it\/liposuzione\/#breadcrumb\",\"itemListElement\":[{\"@type\":\"ListItem\",\"position\":1,\"name\":\"Anasayfa\",\"item\":\"https:\/\/ayfaclinic.com\/it\/\"},{\"@type\":\"ListItem\",\"position\":2,\"name\":\"Liposuzione\"}]},{\"@type\":\"WebSite\",\"@id\":\"https:\/\/ayfaclinic.com\/it\/#website\",\"url\":\"https:\/\/ayfaclinic.com\/it\/\",\"name\":\"Ayfa Clinic - Health Starts Here\",\"description\":\"Ayfa Clinic - Health Starts Here\",\"potentialAction\":[{\"@type\":\"SearchAction\",\"target\":{\"@type\":\"EntryPoint\",\"urlTemplate\":\"https:\/\/ayfaclinic.com\/it\/?s={search_term_string}\"},\"query-input\":\"required name=search_term_string\"}],\"inLanguage\":\"tr\"}]}<\/script>\n<!-- \/ Yoast SEO plugin. -->","yoast_head_json":{"title":"Liposuzione - Ayfa Clinic Istanbul Turkey","robots":{"index":"index","follow":"follow","max-snippet":"max-snippet:-1","max-image-preview":"max-image-preview:large","max-video-preview":"max-video-preview:-1"},"canonical":"https:\/\/ayfaclinic.com\/it\/liposuzione\/","og_locale":"tr_TR","og_type":"article","og_title":"Liposuzione - Ayfa Clinic Istanbul Turkey","og_description":"Le persone che non sono obese ma hanno depositi di grasso in alcune zone del corpo che non sono riuscite a ridurre con l&#8217;esercizio fisico o la dieta, possono prendere in considerazione la liposuzione, un metodo chirurgico utilizzato molto spesso. In questo modo il loro corpo acquista una forma migliore. La liposuzione \u00e8 uno degli [&hellip;]","og_url":"https:\/\/ayfaclinic.com\/it\/liposuzione\/","og_site_name":"Ayfa Clinic - Health Starts Here","article_modified_time":"2023-09-10T18:55:51+00:00","twitter_card":"summary_large_image","twitter_misc":{"Tahmini okuma s\u00fcresi":"6 dakika"},"schema":{"@context":"https:\/\/schema.org","@graph":[{"@type":"WebPage","@id":"https:\/\/ayfaclinic.com\/it\/liposuzione\/","url":"https:\/\/ayfaclinic.com\/it\/liposuzione\/","name":"Liposuzione - Ayfa Clinic Istanbul Turkey","isPartOf":{"@id":"https:\/\/ayfaclinic.com\/it\/#website"},"datePublished":"2022-06-20T12:23:27+00:00","dateModified":"2023-09-10T18:55:51+00:00","breadcrumb":{"@id":"https:\/\/ayfaclinic.com\/it\/liposuzione\/#breadcrumb"},"inLanguage":"tr","potentialAction":[{"@type":"ReadAction","target":["https:\/\/ayfaclinic.com\/it\/liposuzione\/"]}]},{"@type":"BreadcrumbList","@id":"https:\/\/ayfaclinic.com\/it\/liposuzione\/#breadcrumb","itemListElement":[{"@type":"ListItem","position":1,"name":"Anasayfa","item":"https:\/\/ayfaclinic.com\/it\/"},{"@type":"ListItem","position":2,"name":"Liposuzione"}]},{"@type":"WebSite","@id":"https:\/\/ayfaclinic.com\/it\/#website","url":"https:\/\/ayfaclinic.com\/it\/","name":"Ayfa Clinic - Health Starts Here","description":"Ayfa Clinic - Health Starts Here","potentialAction":[{"@type":"SearchAction","target":{"@type":"EntryPoint","urlTemplate":"https:\/\/ayfaclinic.com\/it\/?s={search_term_string}"},"query-input":"required name=search_term_string"}],"inLanguage":"tr"}]}},"_links":{"self":[{"href":"https:\/\/ayfaclinic.com\/it\/wp-json\/wp\/v2\/pages\/8536","targetHints":{"allow":["GET"]}}],"collection":[{"href":"https:\/\/ayfaclinic.com\/it\/wp-json\/wp\/v2\/pages"}],"about":[{"href":"https:\/\/ayfaclinic.com\/it\/wp-json\/wp\/v2\/types\/page"}],"author":[{"embeddable":true,"href":"https:\/\/ayfaclinic.com\/it\/wp-json\/wp\/v2\/users\/1"}],"replies":[{"embeddable":true,"href":"https:\/\/ayfaclinic.com\/it\/wp-json\/wp\/v2\/comments?post=8536"}],"version-history":[{"count":3,"href":"https:\/\/ayfaclinic.com\/it\/wp-json\/wp\/v2\/pages\/8536\/revisions"}],"predecessor-version":[{"id":8836,"href":"https:\/\/ayfaclinic.com\/it\/wp-json\/wp\/v2\/pages\/8536\/revisions\/8836"}],"wp:attachment":[{"href":"https:\/\/ayfaclinic.com\/it\/wp-json\/wp\/v2\/media?parent=8536"}],"curies":[{"name":"wp","href":"https:\/\/api.w.org\/{rel}","templated":true}]}}