{"id":8543,"date":"2022-06-20T12:26:00","date_gmt":"2022-06-20T12:26:00","guid":{"rendered":"https:\/\/ayfaclinic.com\/it\/?page_id=8543"},"modified":"2023-09-08T08:56:09","modified_gmt":"2023-09-08T08:56:09","slug":"chirurgia-dellobesita-chirurgia-bariatrica","status":"publish","type":"page","link":"https:\/\/ayfaclinic.com\/it\/chirurgia-dellobesita-chirurgia-bariatrica\/","title":{"rendered":"Chirurgia dell&#8217;Obesit\u00e0 \u2013 Chirurgia Bariatrica"},"content":{"rendered":"<p>La chirurgia dell&#8217;obesit\u00e0, nota anche come chirurgia bariatrica, \u00e8 rivolta a pazienti che lottano per perdere peso in modo permanente e\/o che hanno riacquistato peso nonostante ripetuti<br \/>\ntentativi di dieta ed esercizio. \u00c8 importante sottolineare che la chirurgia dell&#8217;obesit\u00e0 non \u00e8 adatta a tutti i pazienti, e esistono determinati criteri di idoneit\u00e0. I pi\u00f9 significativi includono la presenza di comorbilit\u00e0 croniche che si prevede migliorino dopo l&#8217;intervento chirurgico, oltre a un indice di massa corporea (IMC) di 35 o superiore. I pazienti con un IMC di 35 o pi\u00f9 possono essere candidati diretti per la chirurgia, mentre quelli con un IMC compreso tra 30 e 35 vengono valutati in base alle loro comorbilit\u00e0 croniche. Per coloro con un IMC inferiore a 30, possono essere prese in considerazione alternative come l&#8217;utilizzo di un palloncino gastrico per la perdita di peso non chirurgica.<br \/>\n\u00c8 fondamentale sottolineare che la chirurgia bariatrica deve essere eseguita in strutture ospedaliere dotate di adeguate infrastrutture e di un&#8217;unit\u00e0 di terapia intensiva di alto livello, sotto la supervisione di medici esperti. La chirurgia dell&#8217;obesit\u00e0 \u00e8 praticata in tutto il mondo da oltre tre decenni, il che ha portato a una diversificazione degli approcci chirurgici in questo campo. Nella nostra clinica, offriamo una variet\u00e0 di metodi chirurgici alternativi in base alle patologie metaboliche dei pazienti e alla loro gravit\u00e0.<br \/>\nAnche se la chirurgia dell&#8217;obesit\u00e0, come qualsiasi procedura chirurgica, comporta certi rischi, \u00e8 importante sottolineare che questi rischi sono relativamente bassi. Il tasso di complicazioni varia in media tra lo 0,7% e il 3%.<\/p>\n","protected":false},"excerpt":{"rendered":"<p>La chirurgia dell&#8217;obesit\u00e0, nota anche come chirurgia bariatrica, \u00e8 rivolta a pazienti che lottano per perdere peso in modo permanente e\/o che hanno riacquistato peso nonostante ripetuti tentativi di dieta ed esercizio. \u00c8 importante sottolineare che la chirurgia dell&#8217;obesit\u00e0 non \u00e8 adatta a tutti i pazienti, e esistono determinati criteri di idoneit\u00e0. I pi\u00f9 significativi [&hellip;]<\/p>\n","protected":false},"author":1,"featured_media":0,"parent":0,"menu_order":0,"comment_status":"closed","ping_status":"closed","template":"","meta":{"footnotes":""},"class_list":["post-8543","page","type-page","status-publish","hentry"],"yoast_head":"<!-- This site is optimized with the Yoast SEO plugin v19.5.1 - https:\/\/yoast.com\/wordpress\/plugins\/seo\/ -->\n<title>Chirurgia dell&#039;Obesit\u00e0 \u2013 Chirurgia Bariatrica - Ayfa Clinic Istanbul Turkey<\/title>\n<meta name=\"robots\" content=\"index, follow, max-snippet:-1, max-image-preview:large, max-video-preview:-1\" \/>\n<link rel=\"canonical\" href=\"https:\/\/ayfaclinic.com\/it\/chirurgia-dellobesita-chirurgia-bariatrica\/\" \/>\n<meta property=\"og:locale\" content=\"tr_TR\" \/>\n<meta property=\"og:type\" content=\"article\" \/>\n<meta property=\"og:title\" content=\"Chirurgia dell&#039;Obesit\u00e0 \u2013 Chirurgia Bariatrica - Ayfa Clinic Istanbul Turkey\" \/>\n<meta property=\"og:description\" content=\"La chirurgia dell&#8217;obesit\u00e0, nota anche come chirurgia bariatrica, \u00e8 rivolta a pazienti che lottano per perdere peso in modo permanente e\/o che hanno riacquistato peso nonostante ripetuti tentativi di dieta ed esercizio. \u00c8 importante sottolineare che la chirurgia dell&#8217;obesit\u00e0 non \u00e8 adatta a tutti i pazienti, e esistono determinati criteri di idoneit\u00e0. I pi\u00f9 significativi [&hellip;]\" \/>\n<meta property=\"og:url\" content=\"https:\/\/ayfaclinic.com\/it\/chirurgia-dellobesita-chirurgia-bariatrica\/\" \/>\n<meta property=\"og:site_name\" content=\"Ayfa Clinic - Health Starts Here\" \/>\n<meta property=\"article:modified_time\" content=\"2023-09-08T08:56:09+00:00\" \/>\n<meta name=\"twitter:card\" content=\"summary_large_image\" \/>\n<meta name=\"twitter:label1\" content=\"Tahmini okuma s\u00fcresi\" \/>\n\t<meta name=\"twitter:data1\" content=\"1 dakika\" \/>\n<script type=\"application\/ld+json\" class=\"yoast-schema-graph\">{\"@context\":\"https:\/\/schema.org\",\"@graph\":[{\"@type\":\"WebPage\",\"@id\":\"https:\/\/ayfaclinic.com\/it\/chirurgia-dellobesita-chirurgia-bariatrica\/\",\"url\":\"https:\/\/ayfaclinic.com\/it\/chirurgia-dellobesita-chirurgia-bariatrica\/\",\"name\":\"Chirurgia dell'Obesit\u00e0 \u2013 Chirurgia Bariatrica - Ayfa Clinic Istanbul Turkey\",\"isPartOf\":{\"@id\":\"https:\/\/ayfaclinic.com\/it\/#website\"},\"datePublished\":\"2022-06-20T12:26:00+00:00\",\"dateModified\":\"2023-09-08T08:56:09+00:00\",\"breadcrumb\":{\"@id\":\"https:\/\/ayfaclinic.com\/it\/chirurgia-dellobesita-chirurgia-bariatrica\/#breadcrumb\"},\"inLanguage\":\"tr\",\"potentialAction\":[{\"@type\":\"ReadAction\",\"target\":[\"https:\/\/ayfaclinic.com\/it\/chirurgia-dellobesita-chirurgia-bariatrica\/\"]}]},{\"@type\":\"BreadcrumbList\",\"@id\":\"https:\/\/ayfaclinic.com\/it\/chirurgia-dellobesita-chirurgia-bariatrica\/#breadcrumb\",\"itemListElement\":[{\"@type\":\"ListItem\",\"position\":1,\"name\":\"Anasayfa\",\"item\":\"https:\/\/ayfaclinic.com\/it\/\"},{\"@type\":\"ListItem\",\"position\":2,\"name\":\"Chirurgia dell&#8217;Obesit\u00e0 \u2013 Chirurgia Bariatrica\"}]},{\"@type\":\"WebSite\",\"@id\":\"https:\/\/ayfaclinic.com\/it\/#website\",\"url\":\"https:\/\/ayfaclinic.com\/it\/\",\"name\":\"Ayfa Clinic - Health Starts Here\",\"description\":\"Ayfa Clinic - Health Starts Here\",\"potentialAction\":[{\"@type\":\"SearchAction\",\"target\":{\"@type\":\"EntryPoint\",\"urlTemplate\":\"https:\/\/ayfaclinic.com\/it\/?s={search_term_string}\"},\"query-input\":\"required name=search_term_string\"}],\"inLanguage\":\"tr\"}]}<\/script>\n<!-- \/ Yoast SEO plugin. -->","yoast_head_json":{"title":"Chirurgia dell'Obesit\u00e0 \u2013 Chirurgia Bariatrica - Ayfa Clinic Istanbul Turkey","robots":{"index":"index","follow":"follow","max-snippet":"max-snippet:-1","max-image-preview":"max-image-preview:large","max-video-preview":"max-video-preview:-1"},"canonical":"https:\/\/ayfaclinic.com\/it\/chirurgia-dellobesita-chirurgia-bariatrica\/","og_locale":"tr_TR","og_type":"article","og_title":"Chirurgia dell'Obesit\u00e0 \u2013 Chirurgia Bariatrica - Ayfa Clinic Istanbul Turkey","og_description":"La chirurgia dell&#8217;obesit\u00e0, nota anche come chirurgia bariatrica, \u00e8 rivolta a pazienti che lottano per perdere peso in modo permanente e\/o che hanno riacquistato peso nonostante ripetuti tentativi di dieta ed esercizio. \u00c8 importante sottolineare che la chirurgia dell&#8217;obesit\u00e0 non \u00e8 adatta a tutti i pazienti, e esistono determinati criteri di idoneit\u00e0. I pi\u00f9 significativi [&hellip;]","og_url":"https:\/\/ayfaclinic.com\/it\/chirurgia-dellobesita-chirurgia-bariatrica\/","og_site_name":"Ayfa Clinic - Health Starts Here","article_modified_time":"2023-09-08T08:56:09+00:00","twitter_card":"summary_large_image","twitter_misc":{"Tahmini okuma s\u00fcresi":"1 dakika"},"schema":{"@context":"https:\/\/schema.org","@graph":[{"@type":"WebPage","@id":"https:\/\/ayfaclinic.com\/it\/chirurgia-dellobesita-chirurgia-bariatrica\/","url":"https:\/\/ayfaclinic.com\/it\/chirurgia-dellobesita-chirurgia-bariatrica\/","name":"Chirurgia dell'Obesit\u00e0 \u2013 Chirurgia Bariatrica - Ayfa Clinic Istanbul Turkey","isPartOf":{"@id":"https:\/\/ayfaclinic.com\/it\/#website"},"datePublished":"2022-06-20T12:26:00+00:00","dateModified":"2023-09-08T08:56:09+00:00","breadcrumb":{"@id":"https:\/\/ayfaclinic.com\/it\/chirurgia-dellobesita-chirurgia-bariatrica\/#breadcrumb"},"inLanguage":"tr","potentialAction":[{"@type":"ReadAction","target":["https:\/\/ayfaclinic.com\/it\/chirurgia-dellobesita-chirurgia-bariatrica\/"]}]},{"@type":"BreadcrumbList","@id":"https:\/\/ayfaclinic.com\/it\/chirurgia-dellobesita-chirurgia-bariatrica\/#breadcrumb","itemListElement":[{"@type":"ListItem","position":1,"name":"Anasayfa","item":"https:\/\/ayfaclinic.com\/it\/"},{"@type":"ListItem","position":2,"name":"Chirurgia dell&#8217;Obesit\u00e0 \u2013 Chirurgia Bariatrica"}]},{"@type":"WebSite","@id":"https:\/\/ayfaclinic.com\/it\/#website","url":"https:\/\/ayfaclinic.com\/it\/","name":"Ayfa Clinic - Health Starts Here","description":"Ayfa Clinic - Health Starts Here","potentialAction":[{"@type":"SearchAction","target":{"@type":"EntryPoint","urlTemplate":"https:\/\/ayfaclinic.com\/it\/?s={search_term_string}"},"query-input":"required name=search_term_string"}],"inLanguage":"tr"}]}},"_links":{"self":[{"href":"https:\/\/ayfaclinic.com\/it\/wp-json\/wp\/v2\/pages\/8543","targetHints":{"allow":["GET"]}}],"collection":[{"href":"https:\/\/ayfaclinic.com\/it\/wp-json\/wp\/v2\/pages"}],"about":[{"href":"https:\/\/ayfaclinic.com\/it\/wp-json\/wp\/v2\/types\/page"}],"author":[{"embeddable":true,"href":"https:\/\/ayfaclinic.com\/it\/wp-json\/wp\/v2\/users\/1"}],"replies":[{"embeddable":true,"href":"https:\/\/ayfaclinic.com\/it\/wp-json\/wp\/v2\/comments?post=8543"}],"version-history":[{"count":4,"href":"https:\/\/ayfaclinic.com\/it\/wp-json\/wp\/v2\/pages\/8543\/revisions"}],"predecessor-version":[{"id":8819,"href":"https:\/\/ayfaclinic.com\/it\/wp-json\/wp\/v2\/pages\/8543\/revisions\/8819"}],"wp:attachment":[{"href":"https:\/\/ayfaclinic.com\/it\/wp-json\/wp\/v2\/media?parent=8543"}],"curies":[{"name":"wp","href":"https:\/\/api.w.org\/{rel}","templated":true}]}}