{"id":8545,"date":"2022-06-20T12:26:37","date_gmt":"2022-06-20T12:26:37","guid":{"rendered":"https:\/\/ayfaclinic.com\/it\/?page_id=8545"},"modified":"2023-09-10T18:57:00","modified_gmt":"2023-09-10T18:57:00","slug":"manicotto-gastrico","status":"publish","type":"page","link":"https:\/\/ayfaclinic.com\/it\/manicotto-gastrico\/","title":{"rendered":"Manicotto gastrico"},"content":{"rendered":"<p>L&#8217;intervento di manica gastrica \u00e8 l&#8217;operazione di base della chirurgia dell&#8217;obesit\u00e0. La perdita di peso con questo intervento, facile da eseguire, \u00e8 molto confortevole e di successo<\/p>\n<p>Nella gastrectomia a manica, lo stomaco viene trasformato in un tubo sottile e lungo. l&#8217;80% dello stomaco viene tagliato per via laparoscopica, in altre parole con un intervento chirurgico chiuso. In questo modo, l&#8217;assunzione di cibo dallo stomaco \u00e8 limitata. Poich\u00e9 con questo intervento viene rimossa la parte del fondo dello stomaco che secerne la grelina (ormone dell&#8217;appetito), l&#8217;appetito diminuisce nei pazienti post-operatori<\/p>\n<p>Con l&#8217;intervento di manica gastrica, il paziente perde il 70% del peso in eccesso. Se l&#8217;intervento \u00e8 supportato dall&#8217;esercizio fisico e da abitudini alimentari corrette, \u00e8 possibile perdere tutto il peso in eccesso<\/p>\n<p>L&#8217;intervento di manica gastrica viene eseguito da persone di et\u00e0 compresa tra i 18 e i 65 anni. Per le persone di et\u00e0 inferiore ai 18 anni, il grado di obesit\u00e0 e la presenza di malattie concomitanti sono importanti e, insieme alla decisione del medico, \u00e8 necessario il consenso dei genitori. Per le persone di et\u00e0 superiore ai 65 anni, si valutano lo stato di salute e la necessit\u00e0 dell&#8217;intervento (problemi legati al peso della persona)<\/p>\n<p>Preferiamo spiegare il processo dell&#8217;intervento di manica gastrica nella nostra clinica esemplificando<\/p>\n<h2>PERIODO DI UNA SETTIMANA DEL PAZIENTE A ISTANBUL, IL CUI GIORNO DI INTERVENTO \u00c8 IL LUNED\u00cc<\/h2>\n<p>Il paziente che sar\u00e0 operato il luned\u00ec deve arrivare a Istanbul al pi\u00f9 tardi la domenica sera. Il paziente viene prelevato dall&#8217;aeroporto con un veicolo di trasferimento privato e lasciato in albergo, che si trova a un minuto a piedi dall&#8217;ospedale. Finch\u00e9 la pandemia continua, i nostri pazienti vengono sottoposti al test della PCR al momento dell&#8217;arrivo in albergo. Il test viene eseguito nella camera d&#8217;albergo del paziente in condizioni igieniche e il paziente non deve recarsi da nessuna parte. Il risultato del test PCR \u00e8 disponibile in circa 6 ore. Il paziente deve essere alimentato solo con liquidi per 24 ore prima dell&#8217;intervento. Al paziente viene detto di non mangiare n\u00e9 bere dopo le 24 di domenica sera. Il luned\u00ec, uno dei nostri collaboratori viene a prendere il paziente dall&#8217;hotel al mattino e lo ricovera in ospedale; lo stesso giorno viene eseguita una dettagliata ecografia pre-operatoria. Vengono eseguiti esami di cardiologia, radiologia, medicina interna e chirurgia generale, endoscopia, ecografia addominale, ecografia cardiaca ed ECG, prelievo di campioni di sangue e di urina da analizzare in laboratorio. Se i risultati non presentano ostacoli, l&#8217;intervento pu\u00f2 essere eseguito il giorno stesso<\/p>\n<p>Mentre potevamo fare i preparativi un giorno prima dell&#8217;operazione il giorno prima della pandemia, ora facciamo sia i preparativi che l&#8217;intervento nello stesso giorno per ridurre al minimo i rischi e i contatti dovuti alla pandemia<\/p>\n<p>L&#8217;operazione viene eseguita in anestesia generale e con metodo laparoscopico (chiuso). Si esegue con l&#8217;aiuto di una telecamera e di strumenti chirurgici manuali, entrando attraverso 4-6 fori di 1 cm o pi\u00f9 piccoli nell&#8217;area addominale con l&#8217;aiuto di trocars. La durata dell&#8217;operazione \u00e8 di 45-90 minuti<\/p>\n<p>Poco prima della fine dell&#8217;intervento, tutti i pazienti vengono esaminati con l&#8217;aiuto di un liquido chiamato blu di metilene per il &#8220;test delle perdite&#8221; e, dopo essersi assicurati che non ci siano problemi, l&#8217;intervento viene terminato posizionando un drenaggio per rimuovere i liquidi<\/p>\n<p>4-6 ore dopo l&#8217;intervento, il paziente viene rimosso dal letto e mobilizzato<\/p>\n<p>I pazienti che trascorrono il primo giorno e la notte (luned\u00ec) a riposo possono avvertire crampi o dolori dovuti al gas immesso nell&#8217;addome durante l&#8217;intervento. Il dolore pu\u00f2 essere tenuto sotto controllo con antidolorifici e si pu\u00f2 provvedere al comfort<\/p>\n<p>Il secondo giorno (marted\u00ec), il paziente inizia a bere acqua al mattino e si consiglia di camminare di pi\u00f9. Il processo di nutrizione liquida, che inizia con piccoli sorsi, \u00e8 accompagnato da succo di mela naturale lo stesso giorno<\/p>\n<p>A partire dalla mattina del terzo giorno (mercoled\u00ec), iniziamo a somministrare ai nostri pazienti liquidi come zuppe, latte, yogurt e t\u00e8. In questo periodo il nostro paziente si \u00e8 gi\u00e0 ripreso dal dolore. Lo stesso giorno il medico o l&#8217;infermiere chirurgico rimuove il drenaggio, dove osserviamo i liquidi post-operatori e la possibilit\u00e0 di perdite precoci. Il paziente pu\u00f2 fare la doccia dopo la rimozione del drenaggio<\/p>\n<p>I nostri pazienti, che rimangono in ospedale per un&#8217;altra notte, vengono solitamente dimessi dall&#8217;ospedale il 4\u00b0 giorno (gioved\u00ec)<\/p>\n<p>Anche se il rischio di perdite \u00e8 basso dopo questi interventi, continua fino al 5\u00b0 giorno. Pertanto, per la sicurezza del paziente, consigliamo a tutti i nostri pazienti di rimanere a Istanbul per 2-3 giorni dopo la dimissione<\/p>\n<p>I nostri pazienti provenienti dall&#8217;estero per turismo sanitario devono rimanere a Istanbul per 7-8 giorni per la sleeve gastrectomy<\/p>\n<p>Il nostro supporto dietologico e medico continua gratuitamente per 12 mesi dopo la dimissione. Chiediamo ai nostri pazienti di effettuare gli esami del sangue e delle urine, che vengono inviati da noi entro 1-3-6-9-12 mesi dalla data dell&#8217;intervento. Una volta ottenuti i risultati degli esami, forniamo le nostre raccomandazioni su alimentazione, farmaci e altri aspetti chiamando i nostri pazienti in video su Whatsapp<\/p>\n<p>Nei primi 3 mesi dopo l&#8217;intervento \u00e8 necessario utilizzare diversi farmaci e integratori. Questi prodotti vengono consegnati al paziente in un pacchetto speciale al momento della dimissione. I farmaci e gli integratori alimentari da utilizzare sono stabiliti dal medico e dal dietologo e il contenuto della confezione pu\u00f2 variare da paziente a paziente.<\/p>\n","protected":false},"excerpt":{"rendered":"<p>L&#8217;intervento di manica gastrica \u00e8 l&#8217;operazione di base della chirurgia dell&#8217;obesit\u00e0. La perdita di peso con questo intervento, facile da eseguire, \u00e8 molto confortevole e di successo Nella gastrectomia a manica, lo stomaco viene trasformato in un tubo sottile e lungo. l&#8217;80% dello stomaco viene tagliato per via laparoscopica, in altre parole con un intervento [&hellip;]<\/p>\n","protected":false},"author":1,"featured_media":0,"parent":0,"menu_order":0,"comment_status":"closed","ping_status":"closed","template":"","meta":{"footnotes":""},"class_list":["post-8545","page","type-page","status-publish","hentry"],"yoast_head":"<!-- This site is optimized with the Yoast SEO plugin v19.5.1 - https:\/\/yoast.com\/wordpress\/plugins\/seo\/ -->\n<title>Manicotto gastrico - Ayfa Clinic Istanbul Turkey<\/title>\n<meta name=\"robots\" content=\"index, follow, max-snippet:-1, max-image-preview:large, max-video-preview:-1\" \/>\n<link rel=\"canonical\" href=\"https:\/\/ayfaclinic.com\/it\/manicotto-gastrico\/\" \/>\n<meta property=\"og:locale\" content=\"tr_TR\" \/>\n<meta property=\"og:type\" content=\"article\" \/>\n<meta property=\"og:title\" content=\"Manicotto gastrico - Ayfa Clinic Istanbul Turkey\" \/>\n<meta property=\"og:description\" content=\"L&#8217;intervento di manica gastrica \u00e8 l&#8217;operazione di base della chirurgia dell&#8217;obesit\u00e0. La perdita di peso con questo intervento, facile da eseguire, \u00e8 molto confortevole e di successo Nella gastrectomia a manica, lo stomaco viene trasformato in un tubo sottile e lungo. l&#8217;80% dello stomaco viene tagliato per via laparoscopica, in altre parole con un intervento [&hellip;]\" \/>\n<meta property=\"og:url\" content=\"https:\/\/ayfaclinic.com\/it\/manicotto-gastrico\/\" \/>\n<meta property=\"og:site_name\" content=\"Ayfa Clinic - Health Starts Here\" \/>\n<meta property=\"article:modified_time\" content=\"2023-09-10T18:57:00+00:00\" \/>\n<meta name=\"twitter:card\" content=\"summary_large_image\" \/>\n<meta name=\"twitter:label1\" content=\"Tahmini okuma s\u00fcresi\" \/>\n\t<meta name=\"twitter:data1\" content=\"4 dakika\" \/>\n<script type=\"application\/ld+json\" class=\"yoast-schema-graph\">{\"@context\":\"https:\/\/schema.org\",\"@graph\":[{\"@type\":\"WebPage\",\"@id\":\"https:\/\/ayfaclinic.com\/it\/manicotto-gastrico\/\",\"url\":\"https:\/\/ayfaclinic.com\/it\/manicotto-gastrico\/\",\"name\":\"Manicotto gastrico - Ayfa Clinic Istanbul Turkey\",\"isPartOf\":{\"@id\":\"https:\/\/ayfaclinic.com\/it\/#website\"},\"datePublished\":\"2022-06-20T12:26:37+00:00\",\"dateModified\":\"2023-09-10T18:57:00+00:00\",\"breadcrumb\":{\"@id\":\"https:\/\/ayfaclinic.com\/it\/manicotto-gastrico\/#breadcrumb\"},\"inLanguage\":\"tr\",\"potentialAction\":[{\"@type\":\"ReadAction\",\"target\":[\"https:\/\/ayfaclinic.com\/it\/manicotto-gastrico\/\"]}]},{\"@type\":\"BreadcrumbList\",\"@id\":\"https:\/\/ayfaclinic.com\/it\/manicotto-gastrico\/#breadcrumb\",\"itemListElement\":[{\"@type\":\"ListItem\",\"position\":1,\"name\":\"Anasayfa\",\"item\":\"https:\/\/ayfaclinic.com\/it\/\"},{\"@type\":\"ListItem\",\"position\":2,\"name\":\"Manicotto gastrico\"}]},{\"@type\":\"WebSite\",\"@id\":\"https:\/\/ayfaclinic.com\/it\/#website\",\"url\":\"https:\/\/ayfaclinic.com\/it\/\",\"name\":\"Ayfa Clinic - Health Starts Here\",\"description\":\"Ayfa Clinic - Health Starts Here\",\"potentialAction\":[{\"@type\":\"SearchAction\",\"target\":{\"@type\":\"EntryPoint\",\"urlTemplate\":\"https:\/\/ayfaclinic.com\/it\/?s={search_term_string}\"},\"query-input\":\"required name=search_term_string\"}],\"inLanguage\":\"tr\"}]}<\/script>\n<!-- \/ Yoast SEO plugin. -->","yoast_head_json":{"title":"Manicotto gastrico - Ayfa Clinic Istanbul Turkey","robots":{"index":"index","follow":"follow","max-snippet":"max-snippet:-1","max-image-preview":"max-image-preview:large","max-video-preview":"max-video-preview:-1"},"canonical":"https:\/\/ayfaclinic.com\/it\/manicotto-gastrico\/","og_locale":"tr_TR","og_type":"article","og_title":"Manicotto gastrico - Ayfa Clinic Istanbul Turkey","og_description":"L&#8217;intervento di manica gastrica \u00e8 l&#8217;operazione di base della chirurgia dell&#8217;obesit\u00e0. La perdita di peso con questo intervento, facile da eseguire, \u00e8 molto confortevole e di successo Nella gastrectomia a manica, lo stomaco viene trasformato in un tubo sottile e lungo. l&#8217;80% dello stomaco viene tagliato per via laparoscopica, in altre parole con un intervento [&hellip;]","og_url":"https:\/\/ayfaclinic.com\/it\/manicotto-gastrico\/","og_site_name":"Ayfa Clinic - Health Starts Here","article_modified_time":"2023-09-10T18:57:00+00:00","twitter_card":"summary_large_image","twitter_misc":{"Tahmini okuma s\u00fcresi":"4 dakika"},"schema":{"@context":"https:\/\/schema.org","@graph":[{"@type":"WebPage","@id":"https:\/\/ayfaclinic.com\/it\/manicotto-gastrico\/","url":"https:\/\/ayfaclinic.com\/it\/manicotto-gastrico\/","name":"Manicotto gastrico - Ayfa Clinic Istanbul Turkey","isPartOf":{"@id":"https:\/\/ayfaclinic.com\/it\/#website"},"datePublished":"2022-06-20T12:26:37+00:00","dateModified":"2023-09-10T18:57:00+00:00","breadcrumb":{"@id":"https:\/\/ayfaclinic.com\/it\/manicotto-gastrico\/#breadcrumb"},"inLanguage":"tr","potentialAction":[{"@type":"ReadAction","target":["https:\/\/ayfaclinic.com\/it\/manicotto-gastrico\/"]}]},{"@type":"BreadcrumbList","@id":"https:\/\/ayfaclinic.com\/it\/manicotto-gastrico\/#breadcrumb","itemListElement":[{"@type":"ListItem","position":1,"name":"Anasayfa","item":"https:\/\/ayfaclinic.com\/it\/"},{"@type":"ListItem","position":2,"name":"Manicotto gastrico"}]},{"@type":"WebSite","@id":"https:\/\/ayfaclinic.com\/it\/#website","url":"https:\/\/ayfaclinic.com\/it\/","name":"Ayfa Clinic - Health Starts Here","description":"Ayfa Clinic - Health Starts Here","potentialAction":[{"@type":"SearchAction","target":{"@type":"EntryPoint","urlTemplate":"https:\/\/ayfaclinic.com\/it\/?s={search_term_string}"},"query-input":"required name=search_term_string"}],"inLanguage":"tr"}]}},"_links":{"self":[{"href":"https:\/\/ayfaclinic.com\/it\/wp-json\/wp\/v2\/pages\/8545","targetHints":{"allow":["GET"]}}],"collection":[{"href":"https:\/\/ayfaclinic.com\/it\/wp-json\/wp\/v2\/pages"}],"about":[{"href":"https:\/\/ayfaclinic.com\/it\/wp-json\/wp\/v2\/types\/page"}],"author":[{"embeddable":true,"href":"https:\/\/ayfaclinic.com\/it\/wp-json\/wp\/v2\/users\/1"}],"replies":[{"embeddable":true,"href":"https:\/\/ayfaclinic.com\/it\/wp-json\/wp\/v2\/comments?post=8545"}],"version-history":[{"count":3,"href":"https:\/\/ayfaclinic.com\/it\/wp-json\/wp\/v2\/pages\/8545\/revisions"}],"predecessor-version":[{"id":8848,"href":"https:\/\/ayfaclinic.com\/it\/wp-json\/wp\/v2\/pages\/8545\/revisions\/8848"}],"wp:attachment":[{"href":"https:\/\/ayfaclinic.com\/it\/wp-json\/wp\/v2\/media?parent=8545"}],"curies":[{"name":"wp","href":"https:\/\/api.w.org\/{rel}","templated":true}]}}