{"id":8551,"date":"2022-06-20T12:30:18","date_gmt":"2022-06-20T12:30:18","guid":{"rendered":"https:\/\/ayfaclinic.com\/it\/?page_id=8551"},"modified":"2023-09-08T09:03:41","modified_gmt":"2023-09-08T09:03:41","slug":"chirurgia-tumorali","status":"publish","type":"page","link":"https:\/\/ayfaclinic.com\/it\/chirurgia-tumorali\/","title":{"rendered":"Chirurgia Tumorali"},"content":{"rendered":"<h2>Informazioni Generali<\/h2>\n<p>Come branca della chirurgia generale, ci occupiamo di trattare i tipi di cancro legati a molti sistemi di tessuti e organi. Tra questi vi sono i tumori della tiroide, il cancro al seno, il cancro all&#8217;esofago, il cancro allo stomaco, il cancro al colon, il cancro al fegato-colecisti-vie biliari e il cancro al pancreas. Come in tutti i tumori di sistemi di organi e tessuti, la diagnosi e il trattamento precoci salvano vite nei tumori legati alla specialit\u00e0 della chirurgia generale.<\/p>\n<h2>A chi si aplica?<\/h2>\n<p>La chiave per un trattamento chirurgico efficace \u00e8 il riconoscimento precoce della malattia.<br \/>\nPertanto, in caso di recente insorgenza;<br \/>\nDiminuzione dell&#8217;appetito<br \/>\nPerdita di peso<br \/>\nDebolezza<br \/>\nN\u00e1usea<br \/>\nV\u00f3mito<br \/>\nDifficolt\u00e0 nella deglutizione<br \/>\nPresenza di una massa palpabile<br \/>\nIttero<br \/>\nDolore resistente agli analgesici (specialmente dolore addominale e dorsale) Sanguinamento rettale<br \/>\nGrande disturbo nell&#8217;ordine delle abluzioni (stipsi e soprattutto sentire la necessit\u00e0 di defecare frequentemente, sentire il bisogno di defecare e rilassarsi senza riuscirci) Se si riscontrano tali sintomi, \u00e8 importante rivolgersi a un&#8217;istituzione sanitaria senza perdere tempo. Ricorda che la diagnosi precoce salva vite. La chirurgia oncologica pu\u00f2 essere applicata a tutti i pazienti con una diagnosi di cancro. Esistono due opzioni per il trattamento chirurgico da applicare. Il primo di essi \u00e8 l&#8217;operazione di rimozione completa del tessuto canceroso, chiamato trattamento chirurgico curativo, senza tessuto canceroso visibile. La seconda alternativa nella chirurgia oncologica \u00e8 il trattamento chirurgico palliativo. Questo tipo di trattamento mira a lasciare una parte del tessuto tumorale che non pu\u00f2 essere rimosso e rimuovere il maggior quantitativo di tessuto tumorale possibile, se il tumore \u00e8 riconosciuto in una fase avanzata. Un trattamento chirurgico palliativo pu\u00f2 anche essere eseguito per alleviare o ridurre i sintomi (ostruzione intestinale, ittero, dolore, ecc.) causati dal tessuto tumorale che non pu\u00f2 essere rimosso. Il trattamento chirurgico curativo \u00e8 il metodo pi\u00f9 efficace per il controllo e la sopravvivenzadella malattia. L&#8217;intervento curativo pu\u00f2 essere eseguito solo se la malattia viene diagnosticata precocemente. Pertanto, \u00e8 importante rivolgersi a noi senza perdere tempo in presenza di sintomi che non erano presenti in precedenza, al fine di riconoscere tempestivamente ed efficacemente la tua malattia.<\/p>\n<p>Preparativi Prima dell&#8217;Intervento<br \/>\nUna condizione essenziale per un intervento chirurgico sicuro \u00e8 una valutazione completa e dettagliata del paziente prima dell&#8217;operazione.<br \/>\nPer farlo, la prima cosa da pianificare \u00e8 un dettagliato colloquio medico-paziente. Dopo questo colloquio, il tuo medico: Ha raccolto i tuoi dati fisici (altezza, peso, BMI, ecc.), Ha appreso le tue aspettative riguardo all&#8217;intervento, Ha conosciuto il danno fisico e psicologico causato dalle tue attuali lamentele, Ha una buona conoscenza dei tessuti e dei sistemi di organi correlati alle tue lamentele, Facendo un commento sul tuo stato di salute generale, avr\u00e0 deciso quali preparativi devono essere fatti per l&#8217;intervento pianificato. Il passo successivo \u00e8 eseguire una valutazione preoperatoria dettagliata in ospedale. In questa fase vengono effettuati studi sulla diagnosi della tua malattia (biopsia ed esame istopatologico), cos\u00ec come sulla prevalenza e stadiazione clinica. In ospedale: Vengono eseguiti esami del sangue dettagliati, Viene effettuata un&#8217;ecografia addominale, Viene eseguita una tomografia computerizzata (solitamente di tutto il corpo, generalmente somministrando farmaci per via orale e endovenosa per chiarire la presenza o l&#8217;assenza del tumore, la diffusione regionale e lo stato di metastasi), Viene eseguita un&#8217;endoscopia g\u00e1strica (se necessario), Viene eseguita una radiografia del torace, Vengono effettuati test di funzionalit\u00e0 respiratoria (se necessario)<\/p>\n","protected":false},"excerpt":{"rendered":"<p>Informazioni Generali Come branca della chirurgia generale, ci occupiamo di trattare i tipi di cancro legati a molti sistemi di tessuti e organi. Tra questi vi sono i tumori della tiroide, il cancro al seno, il cancro all&#8217;esofago, il cancro allo stomaco, il cancro al colon, il cancro al fegato-colecisti-vie biliari e il cancro al [&hellip;]<\/p>\n","protected":false},"author":1,"featured_media":0,"parent":0,"menu_order":0,"comment_status":"closed","ping_status":"closed","template":"","meta":{"footnotes":""},"class_list":["post-8551","page","type-page","status-publish","hentry"],"yoast_head":"<!-- This site is optimized with the Yoast SEO plugin v19.5.1 - https:\/\/yoast.com\/wordpress\/plugins\/seo\/ -->\n<title>Chirurgia Tumorali - Ayfa Clinic Istanbul Turkey<\/title>\n<meta name=\"robots\" content=\"index, follow, max-snippet:-1, max-image-preview:large, max-video-preview:-1\" \/>\n<link rel=\"canonical\" href=\"https:\/\/ayfaclinic.com\/it\/chirurgia-tumorali\/\" \/>\n<meta property=\"og:locale\" content=\"tr_TR\" \/>\n<meta property=\"og:type\" content=\"article\" \/>\n<meta property=\"og:title\" content=\"Chirurgia Tumorali - Ayfa Clinic Istanbul Turkey\" \/>\n<meta property=\"og:description\" content=\"Informazioni Generali Come branca della chirurgia generale, ci occupiamo di trattare i tipi di cancro legati a molti sistemi di tessuti e organi. Tra questi vi sono i tumori della tiroide, il cancro al seno, il cancro all&#8217;esofago, il cancro allo stomaco, il cancro al colon, il cancro al fegato-colecisti-vie biliari e il cancro al [&hellip;]\" \/>\n<meta property=\"og:url\" content=\"https:\/\/ayfaclinic.com\/it\/chirurgia-tumorali\/\" \/>\n<meta property=\"og:site_name\" content=\"Ayfa Clinic - Health Starts Here\" \/>\n<meta property=\"article:modified_time\" content=\"2023-09-08T09:03:41+00:00\" \/>\n<meta name=\"twitter:card\" content=\"summary_large_image\" \/>\n<meta name=\"twitter:label1\" content=\"Tahmini okuma s\u00fcresi\" \/>\n\t<meta name=\"twitter:data1\" content=\"3 dakika\" \/>\n<script type=\"application\/ld+json\" class=\"yoast-schema-graph\">{\"@context\":\"https:\/\/schema.org\",\"@graph\":[{\"@type\":\"WebPage\",\"@id\":\"https:\/\/ayfaclinic.com\/it\/chirurgia-tumorali\/\",\"url\":\"https:\/\/ayfaclinic.com\/it\/chirurgia-tumorali\/\",\"name\":\"Chirurgia Tumorali - Ayfa Clinic Istanbul Turkey\",\"isPartOf\":{\"@id\":\"https:\/\/ayfaclinic.com\/it\/#website\"},\"datePublished\":\"2022-06-20T12:30:18+00:00\",\"dateModified\":\"2023-09-08T09:03:41+00:00\",\"breadcrumb\":{\"@id\":\"https:\/\/ayfaclinic.com\/it\/chirurgia-tumorali\/#breadcrumb\"},\"inLanguage\":\"tr\",\"potentialAction\":[{\"@type\":\"ReadAction\",\"target\":[\"https:\/\/ayfaclinic.com\/it\/chirurgia-tumorali\/\"]}]},{\"@type\":\"BreadcrumbList\",\"@id\":\"https:\/\/ayfaclinic.com\/it\/chirurgia-tumorali\/#breadcrumb\",\"itemListElement\":[{\"@type\":\"ListItem\",\"position\":1,\"name\":\"Anasayfa\",\"item\":\"https:\/\/ayfaclinic.com\/it\/\"},{\"@type\":\"ListItem\",\"position\":2,\"name\":\"Chirurgia Tumorali\"}]},{\"@type\":\"WebSite\",\"@id\":\"https:\/\/ayfaclinic.com\/it\/#website\",\"url\":\"https:\/\/ayfaclinic.com\/it\/\",\"name\":\"Ayfa Clinic - Health Starts Here\",\"description\":\"Ayfa Clinic - Health Starts Here\",\"potentialAction\":[{\"@type\":\"SearchAction\",\"target\":{\"@type\":\"EntryPoint\",\"urlTemplate\":\"https:\/\/ayfaclinic.com\/it\/?s={search_term_string}\"},\"query-input\":\"required name=search_term_string\"}],\"inLanguage\":\"tr\"}]}<\/script>\n<!-- \/ Yoast SEO plugin. -->","yoast_head_json":{"title":"Chirurgia Tumorali - Ayfa Clinic Istanbul Turkey","robots":{"index":"index","follow":"follow","max-snippet":"max-snippet:-1","max-image-preview":"max-image-preview:large","max-video-preview":"max-video-preview:-1"},"canonical":"https:\/\/ayfaclinic.com\/it\/chirurgia-tumorali\/","og_locale":"tr_TR","og_type":"article","og_title":"Chirurgia Tumorali - Ayfa Clinic Istanbul Turkey","og_description":"Informazioni Generali Come branca della chirurgia generale, ci occupiamo di trattare i tipi di cancro legati a molti sistemi di tessuti e organi. Tra questi vi sono i tumori della tiroide, il cancro al seno, il cancro all&#8217;esofago, il cancro allo stomaco, il cancro al colon, il cancro al fegato-colecisti-vie biliari e il cancro al [&hellip;]","og_url":"https:\/\/ayfaclinic.com\/it\/chirurgia-tumorali\/","og_site_name":"Ayfa Clinic - Health Starts Here","article_modified_time":"2023-09-08T09:03:41+00:00","twitter_card":"summary_large_image","twitter_misc":{"Tahmini okuma s\u00fcresi":"3 dakika"},"schema":{"@context":"https:\/\/schema.org","@graph":[{"@type":"WebPage","@id":"https:\/\/ayfaclinic.com\/it\/chirurgia-tumorali\/","url":"https:\/\/ayfaclinic.com\/it\/chirurgia-tumorali\/","name":"Chirurgia Tumorali - Ayfa Clinic Istanbul Turkey","isPartOf":{"@id":"https:\/\/ayfaclinic.com\/it\/#website"},"datePublished":"2022-06-20T12:30:18+00:00","dateModified":"2023-09-08T09:03:41+00:00","breadcrumb":{"@id":"https:\/\/ayfaclinic.com\/it\/chirurgia-tumorali\/#breadcrumb"},"inLanguage":"tr","potentialAction":[{"@type":"ReadAction","target":["https:\/\/ayfaclinic.com\/it\/chirurgia-tumorali\/"]}]},{"@type":"BreadcrumbList","@id":"https:\/\/ayfaclinic.com\/it\/chirurgia-tumorali\/#breadcrumb","itemListElement":[{"@type":"ListItem","position":1,"name":"Anasayfa","item":"https:\/\/ayfaclinic.com\/it\/"},{"@type":"ListItem","position":2,"name":"Chirurgia Tumorali"}]},{"@type":"WebSite","@id":"https:\/\/ayfaclinic.com\/it\/#website","url":"https:\/\/ayfaclinic.com\/it\/","name":"Ayfa Clinic - Health Starts Here","description":"Ayfa Clinic - Health Starts Here","potentialAction":[{"@type":"SearchAction","target":{"@type":"EntryPoint","urlTemplate":"https:\/\/ayfaclinic.com\/it\/?s={search_term_string}"},"query-input":"required name=search_term_string"}],"inLanguage":"tr"}]}},"_links":{"self":[{"href":"https:\/\/ayfaclinic.com\/it\/wp-json\/wp\/v2\/pages\/8551","targetHints":{"allow":["GET"]}}],"collection":[{"href":"https:\/\/ayfaclinic.com\/it\/wp-json\/wp\/v2\/pages"}],"about":[{"href":"https:\/\/ayfaclinic.com\/it\/wp-json\/wp\/v2\/types\/page"}],"author":[{"embeddable":true,"href":"https:\/\/ayfaclinic.com\/it\/wp-json\/wp\/v2\/users\/1"}],"replies":[{"embeddable":true,"href":"https:\/\/ayfaclinic.com\/it\/wp-json\/wp\/v2\/comments?post=8551"}],"version-history":[{"count":3,"href":"https:\/\/ayfaclinic.com\/it\/wp-json\/wp\/v2\/pages\/8551\/revisions"}],"predecessor-version":[{"id":8822,"href":"https:\/\/ayfaclinic.com\/it\/wp-json\/wp\/v2\/pages\/8551\/revisions\/8822"}],"wp:attachment":[{"href":"https:\/\/ayfaclinic.com\/it\/wp-json\/wp\/v2\/media?parent=8551"}],"curies":[{"name":"wp","href":"https:\/\/api.w.org\/{rel}","templated":true}]}}