{"id":8707,"date":"2022-08-19T11:59:44","date_gmt":"2022-08-19T11:59:44","guid":{"rendered":"https:\/\/ayfaclinic.com\/it\/?page_id=8707"},"modified":"2023-09-10T18:58:22","modified_gmt":"2023-09-10T18:58:22","slug":"ortodonzia","status":"publish","type":"page","link":"https:\/\/ayfaclinic.com\/it\/ortodonzia\/","title":{"rendered":"Ortodonzia"},"content":{"rendered":"<p>L&#8217;<strong>ortodonzia<\/strong> \u00e8 un trattamento volto a correggere i denti storti, a chiudere lo spazio tra i denti e a eliminare il disallineamento dovuto alle differenze di crescita tra le arcate. \u00c8 conosciuta colloquialmente come trattamento con apparecchi dentali. Gli apparecchi metallici, gli apparecchi di porcellana e le placche trasparenti sono le tecniche di trattamento pi\u00f9 comunemente applicate. Il trattamento ortodontico dura in media 1,5-2 anni. Sebbene l&#8217;et\u00e0 ideale per iniziare il trattamento sia indicata a 12 anni, \u00e8 necessario intervenire prima nei pazienti con alcuni problemi di crescita della mascella (casi in cui la mascella superiore o inferiore \u00e8 posizionata in avanti o indietro). Il mancato intervento tempestivo in questi pazienti pu\u00f2 rendere necessario un futuro intervento chirurgico (chirurgia ortognatica)<\/p>\n<p><strong>Apparecchi metallici:<\/strong> Sono gli apparecchi pi\u00f9 utilizzati nel trattamento ortodontico da molti anni. Sebbene sia l&#8217;apparecchio preferito dai medici, non \u00e8 preferito da alcuni pazienti a causa del suo aspetto grigio. Con questi sistemi di apparecchi, il trattamento pu\u00f2 essere eseguito in modo rapido e conveniente<\/p>\n<p>Negli ultimi anni gli <strong>apparecchi ortodontici in porcellana<\/strong> sono stati preferiti a quelli in metallo per i loro vantaggi estetici, come il colore bianco e la minore evidenza durante il trattamento. Il trattamento con brackets in porcellana durava in media 6 mesi in pi\u00f9 rispetto a quello con brackets metallici, ma oggi non c&#8217;\u00e8 molta differenza tra le durate dei trattamenti grazie allo sviluppo della tecnologia<\/p>\n<p><strong>Placche trasparenti:<\/strong> Ai pazienti che non si sentono a proprio agio con la presenza di brackets in metallo e porcellana sui denti pu\u00f2 essere proposto il trattamento con placche trasparenti. Anche se non \u00e8 adatta a tutti i pazienti, oggi \u00e8 una buona opzione di trattamento per molti pazienti. Nella nostra clinica, viene solitamente applicata ai pazienti che ricevono un trattamento ortodontico senza estrazione dentale. Le condizioni intraorali dei pazienti vengono scansionate con sistemi di misurazione e telecamere intraorali e le placche personalizzate vengono prodotte digitalmente. Sebbene la durata del trattamento vari da persona a persona, non \u00e8 molto diversa da quella del trattamento ortodontico applicato con un normale apparecchio.<\/p>\n","protected":false},"excerpt":{"rendered":"<p>L&#8217;ortodonzia \u00e8 un trattamento volto a correggere i denti storti, a chiudere lo spazio tra i denti e a eliminare il disallineamento dovuto alle differenze di crescita tra le arcate. \u00c8 conosciuta colloquialmente come trattamento con apparecchi dentali. Gli apparecchi metallici, gli apparecchi di porcellana e le placche trasparenti sono le tecniche di trattamento pi\u00f9 [&hellip;]<\/p>\n","protected":false},"author":1,"featured_media":0,"parent":0,"menu_order":0,"comment_status":"closed","ping_status":"closed","template":"","meta":{"footnotes":""},"class_list":["post-8707","page","type-page","status-publish","hentry"],"yoast_head":"<!-- This site is optimized with the Yoast SEO plugin v19.5.1 - https:\/\/yoast.com\/wordpress\/plugins\/seo\/ -->\n<title>Ortodonzia - Ayfa Clinic Istanbul Turkey<\/title>\n<meta name=\"robots\" content=\"index, follow, max-snippet:-1, max-image-preview:large, max-video-preview:-1\" \/>\n<link rel=\"canonical\" href=\"https:\/\/ayfaclinic.com\/it\/ortodonzia\/\" \/>\n<meta property=\"og:locale\" content=\"tr_TR\" \/>\n<meta property=\"og:type\" content=\"article\" \/>\n<meta property=\"og:title\" content=\"Ortodonzia - Ayfa Clinic Istanbul Turkey\" \/>\n<meta property=\"og:description\" content=\"L&#8217;ortodonzia \u00e8 un trattamento volto a correggere i denti storti, a chiudere lo spazio tra i denti e a eliminare il disallineamento dovuto alle differenze di crescita tra le arcate. \u00c8 conosciuta colloquialmente come trattamento con apparecchi dentali. Gli apparecchi metallici, gli apparecchi di porcellana e le placche trasparenti sono le tecniche di trattamento pi\u00f9 [&hellip;]\" \/>\n<meta property=\"og:url\" content=\"https:\/\/ayfaclinic.com\/it\/ortodonzia\/\" \/>\n<meta property=\"og:site_name\" content=\"Ayfa Clinic - Health Starts Here\" \/>\n<meta property=\"article:modified_time\" content=\"2023-09-10T18:58:22+00:00\" \/>\n<meta name=\"twitter:card\" content=\"summary_large_image\" \/>\n<meta name=\"twitter:label1\" content=\"Tahmini okuma s\u00fcresi\" \/>\n\t<meta name=\"twitter:data1\" content=\"2 dakika\" \/>\n<script type=\"application\/ld+json\" class=\"yoast-schema-graph\">{\"@context\":\"https:\/\/schema.org\",\"@graph\":[{\"@type\":\"WebPage\",\"@id\":\"https:\/\/ayfaclinic.com\/it\/ortodonzia\/\",\"url\":\"https:\/\/ayfaclinic.com\/it\/ortodonzia\/\",\"name\":\"Ortodonzia - Ayfa Clinic Istanbul Turkey\",\"isPartOf\":{\"@id\":\"https:\/\/ayfaclinic.com\/it\/#website\"},\"datePublished\":\"2022-08-19T11:59:44+00:00\",\"dateModified\":\"2023-09-10T18:58:22+00:00\",\"breadcrumb\":{\"@id\":\"https:\/\/ayfaclinic.com\/it\/ortodonzia\/#breadcrumb\"},\"inLanguage\":\"tr\",\"potentialAction\":[{\"@type\":\"ReadAction\",\"target\":[\"https:\/\/ayfaclinic.com\/it\/ortodonzia\/\"]}]},{\"@type\":\"BreadcrumbList\",\"@id\":\"https:\/\/ayfaclinic.com\/it\/ortodonzia\/#breadcrumb\",\"itemListElement\":[{\"@type\":\"ListItem\",\"position\":1,\"name\":\"Anasayfa\",\"item\":\"https:\/\/ayfaclinic.com\/it\/\"},{\"@type\":\"ListItem\",\"position\":2,\"name\":\"Ortodonzia\"}]},{\"@type\":\"WebSite\",\"@id\":\"https:\/\/ayfaclinic.com\/it\/#website\",\"url\":\"https:\/\/ayfaclinic.com\/it\/\",\"name\":\"Ayfa Clinic - Health Starts Here\",\"description\":\"Ayfa Clinic - Health Starts Here\",\"potentialAction\":[{\"@type\":\"SearchAction\",\"target\":{\"@type\":\"EntryPoint\",\"urlTemplate\":\"https:\/\/ayfaclinic.com\/it\/?s={search_term_string}\"},\"query-input\":\"required name=search_term_string\"}],\"inLanguage\":\"tr\"}]}<\/script>\n<!-- \/ Yoast SEO plugin. -->","yoast_head_json":{"title":"Ortodonzia - Ayfa Clinic Istanbul Turkey","robots":{"index":"index","follow":"follow","max-snippet":"max-snippet:-1","max-image-preview":"max-image-preview:large","max-video-preview":"max-video-preview:-1"},"canonical":"https:\/\/ayfaclinic.com\/it\/ortodonzia\/","og_locale":"tr_TR","og_type":"article","og_title":"Ortodonzia - Ayfa Clinic Istanbul Turkey","og_description":"L&#8217;ortodonzia \u00e8 un trattamento volto a correggere i denti storti, a chiudere lo spazio tra i denti e a eliminare il disallineamento dovuto alle differenze di crescita tra le arcate. \u00c8 conosciuta colloquialmente come trattamento con apparecchi dentali. Gli apparecchi metallici, gli apparecchi di porcellana e le placche trasparenti sono le tecniche di trattamento pi\u00f9 [&hellip;]","og_url":"https:\/\/ayfaclinic.com\/it\/ortodonzia\/","og_site_name":"Ayfa Clinic - Health Starts Here","article_modified_time":"2023-09-10T18:58:22+00:00","twitter_card":"summary_large_image","twitter_misc":{"Tahmini okuma s\u00fcresi":"2 dakika"},"schema":{"@context":"https:\/\/schema.org","@graph":[{"@type":"WebPage","@id":"https:\/\/ayfaclinic.com\/it\/ortodonzia\/","url":"https:\/\/ayfaclinic.com\/it\/ortodonzia\/","name":"Ortodonzia - Ayfa Clinic Istanbul Turkey","isPartOf":{"@id":"https:\/\/ayfaclinic.com\/it\/#website"},"datePublished":"2022-08-19T11:59:44+00:00","dateModified":"2023-09-10T18:58:22+00:00","breadcrumb":{"@id":"https:\/\/ayfaclinic.com\/it\/ortodonzia\/#breadcrumb"},"inLanguage":"tr","potentialAction":[{"@type":"ReadAction","target":["https:\/\/ayfaclinic.com\/it\/ortodonzia\/"]}]},{"@type":"BreadcrumbList","@id":"https:\/\/ayfaclinic.com\/it\/ortodonzia\/#breadcrumb","itemListElement":[{"@type":"ListItem","position":1,"name":"Anasayfa","item":"https:\/\/ayfaclinic.com\/it\/"},{"@type":"ListItem","position":2,"name":"Ortodonzia"}]},{"@type":"WebSite","@id":"https:\/\/ayfaclinic.com\/it\/#website","url":"https:\/\/ayfaclinic.com\/it\/","name":"Ayfa Clinic - Health Starts Here","description":"Ayfa Clinic - Health Starts Here","potentialAction":[{"@type":"SearchAction","target":{"@type":"EntryPoint","urlTemplate":"https:\/\/ayfaclinic.com\/it\/?s={search_term_string}"},"query-input":"required name=search_term_string"}],"inLanguage":"tr"}]}},"_links":{"self":[{"href":"https:\/\/ayfaclinic.com\/it\/wp-json\/wp\/v2\/pages\/8707","targetHints":{"allow":["GET"]}}],"collection":[{"href":"https:\/\/ayfaclinic.com\/it\/wp-json\/wp\/v2\/pages"}],"about":[{"href":"https:\/\/ayfaclinic.com\/it\/wp-json\/wp\/v2\/types\/page"}],"author":[{"embeddable":true,"href":"https:\/\/ayfaclinic.com\/it\/wp-json\/wp\/v2\/users\/1"}],"replies":[{"embeddable":true,"href":"https:\/\/ayfaclinic.com\/it\/wp-json\/wp\/v2\/comments?post=8707"}],"version-history":[{"count":3,"href":"https:\/\/ayfaclinic.com\/it\/wp-json\/wp\/v2\/pages\/8707\/revisions"}],"predecessor-version":[{"id":8866,"href":"https:\/\/ayfaclinic.com\/it\/wp-json\/wp\/v2\/pages\/8707\/revisions\/8866"}],"wp:attachment":[{"href":"https:\/\/ayfaclinic.com\/it\/wp-json\/wp\/v2\/media?parent=8707"}],"curies":[{"name":"wp","href":"https:\/\/api.w.org\/{rel}","templated":true}]}}