{"id":8711,"date":"2022-08-19T12:01:20","date_gmt":"2022-08-19T12:01:20","guid":{"rendered":"https:\/\/ayfaclinic.com\/it\/?page_id=8711"},"modified":"2023-09-10T18:58:29","modified_gmt":"2023-09-10T18:58:29","slug":"periodontology","status":"publish","type":"page","link":"https:\/\/ayfaclinic.com\/it\/periodontology\/","title":{"rendered":"Periodontology"},"content":{"rendered":"<p>La parodontologia \u00e8 il settore dell&#8217;odontoiatria che si occupa del trattamento dei denti e dei tessuti che li circondano. Le malattie parodontali sono generalmente suddivise in due categorie: gengivite e parodontite (malattie infiammatorie accompagnate da perdita di osso insieme alla gengivite). Le malattie parodontali sono la causa del 70% della perdita di denti negli adulti. Nella gengivite sono colpite solo le gengive. In questo periodo le gengive sanguinano, si arrossano e si gonfiano. La gengivite pu\u00f2 essere curata con una regolare igiene orale e pulizia dentale. Se la semplice infiammazione delle gengive progredisce, pu\u00f2 causare una malattia gengivale chiamata &#8220;parodontite&#8221;, che porta alla perdita dell&#8217;osso mascellare. Anche il fumo, i fattori genetici, i cambiamenti ormonali, lo stress, l&#8217;uso di farmaci, il bruxismo, alcune malattie sistemiche, la malnutrizione e i restauri eseguiti in modo improprio sono cause della malattia parodontale<\/p>\n<p><strong>Tipi di trattamento parodontale <\/strong><\/p>\n<p><strong>Scaling<\/strong><\/p>\n<p>\u00c8 il processo di pulizia del tartaro, del tartaro dentale e di altri residui simili sui denti. Durante la procedura, il tartaro dentale e le macchie sulla superficie dei denti vengono rimossi e il paziente viene istruito sull&#8217;igiene orale. In casi particolari, si raccomanda di eseguire una pulizia del tartaro dentale ogni 6 mesi<\/p>\n<p><strong>Scaling e root planing<\/strong><\/p>\n<p>Se il tartaro dentale e i tessuti infiammatori ricoprono la gengiva e la radice del dente, la gengiva viene anestetizzata con anestesia locale e l&#8217;area viene curata. Il tartaro dentale e i tessuti infiammatori sulla superficie della radice dentale vengono rimossi, si attende il rimodellamento della gengiva sopra la superficie della radice<\/p>\n<p><strong>Operazione con lembo<\/strong><\/p>\n<p>La profondit\u00e0 della tasca gengivale in una gengiva sana \u00e8 di circa 1-2 mm. Nei casi in cui l&#8217;infiammazione delle gengive progredisce, la profondit\u00e0 della tasca aumenta. Se queste tasche non possono essere ridotte con altri metodi, la gengiva che forma la tasca viene rimossa chirurgicamente. La gengiva viene rimossa nella sua interezza e sotto di essa vengono eseguite le necessarie operazioni di raddrizzamento della superficie radicolare, quindi viene chiusa e fissata in posizione con punti di sutura. Se in questa fase \u00e8 necessario sostenere l&#8217;osso perso o si pensa che possa formarsi dell&#8217;osso in quest&#8217;area, nella regione del difetto vengono inseriti innesti di tessuto duro o particelle ossee ottenute dai tessuti del paziente stesso per cercare di ripristinare il tessuto perso<\/p>\n<p><strong>Innesti di tessuto<\/strong><\/p>\n<p><strong>Innesti di tessuto molle<\/strong><br \/>\nSono procedure di copertura delle recessioni gengivali dovute a uso improprio dello spazzolino, malattie gengivali o bruxismo (digrignamento dei denti) in un dente o in pi\u00f9 denti con un pezzo di tessuto estratto da un&#8217;altra regione della bocca (di solito il palato). Di solito viene eseguito a scopo estetico o, in alcuni casi, a scopo preventivo per evitare che la malattia gengivale progredisca<\/p>\n<p><strong>Innesti di tessuto duro<\/strong><br \/>\nLa costruzione dell&#8217;osso \u00e8 stimolata da applicazioni di farina d&#8217;osso artificiale o naturale in regioni con perdita ossea avanzata<\/p>\n<p><strong>Gengivectomia e gengivoplastica<\/strong><\/p>\n<p>Si osserva una crescita gengivale dovuta a motivi infiammatori, indotti da farmaci o ereditari. Per eliminare queste crescite gengivali, possiamo asportare ed estrarre la parete di tessuto molle della tasca tra il dente e la gengiva. Questa procedura \u00e8 chiamata gengivectomia. Dopo questo intervento, di solito si esegue una gengivoplastica per ripristinare la normale fisionomia correggendo le gengive con metodi chirurgici<\/p>\n<p><strong>Trattamento dell&#8217;alito cattivo (alitosi)<\/strong><\/p>\n<p>Sebbene la maggior parte (90%) dell&#8217;alito cattivo sia dovuta a un motivo intraorale, una parte di esso pu\u00f2 avere origine anche da fonti extraorali. Infezioni orali, composti solforati formati da batteri che vivono nella cavit\u00e0 dentale, malattie gengivali avanzate o batteri che si depositano in residui di cibo lasciati all&#8217;interno della bocca per ore possono causare un certo odore<\/p>\n<p>Altri problemi sistemici che causano l&#8217;alito cattivo sono: la sinusite, il diabete (odore di acetone), le malattie gastrointestinali, l&#8217;insufficienza renale (odore di erba appena tagliata), lo scarico postnasale, i disturbi epatici e metabolici. Prima di tutto, \u00e8 necessario diagnosticare la causa dell&#8217;alito cattivo e trattarla di conseguenza. L&#8217;alitosi pu\u00f2 essere prevenuta con il trattamento delle malattie gengivali e l&#8217;estrazione dei denti che necessitano di estrazione, il cambio dei restauri che devono essere rinnovati e una maggiore igiene orale.<\/p>\n","protected":false},"excerpt":{"rendered":"<p>La parodontologia \u00e8 il settore dell&#8217;odontoiatria che si occupa del trattamento dei denti e dei tessuti che li circondano. Le malattie parodontali sono generalmente suddivise in due categorie: gengivite e parodontite (malattie infiammatorie accompagnate da perdita di osso insieme alla gengivite). Le malattie parodontali sono la causa del 70% della perdita di denti negli adulti. [&hellip;]<\/p>\n","protected":false},"author":1,"featured_media":0,"parent":0,"menu_order":0,"comment_status":"closed","ping_status":"closed","template":"","meta":{"footnotes":""},"class_list":["post-8711","page","type-page","status-publish","hentry"],"yoast_head":"<!-- This site is optimized with the Yoast SEO plugin v19.5.1 - https:\/\/yoast.com\/wordpress\/plugins\/seo\/ -->\n<title>Periodontology - Ayfa Clinic Istanbul Turkey<\/title>\n<meta name=\"robots\" content=\"index, follow, max-snippet:-1, max-image-preview:large, max-video-preview:-1\" \/>\n<link rel=\"canonical\" href=\"https:\/\/ayfaclinic.com\/it\/periodontology\/\" \/>\n<meta property=\"og:locale\" content=\"tr_TR\" \/>\n<meta property=\"og:type\" content=\"article\" \/>\n<meta property=\"og:title\" content=\"Periodontology - Ayfa Clinic Istanbul Turkey\" \/>\n<meta property=\"og:description\" content=\"La parodontologia \u00e8 il settore dell&#8217;odontoiatria che si occupa del trattamento dei denti e dei tessuti che li circondano. Le malattie parodontali sono generalmente suddivise in due categorie: gengivite e parodontite (malattie infiammatorie accompagnate da perdita di osso insieme alla gengivite). Le malattie parodontali sono la causa del 70% della perdita di denti negli adulti. [&hellip;]\" \/>\n<meta property=\"og:url\" content=\"https:\/\/ayfaclinic.com\/it\/periodontology\/\" \/>\n<meta property=\"og:site_name\" content=\"Ayfa Clinic - Health Starts Here\" \/>\n<meta property=\"article:modified_time\" content=\"2023-09-10T18:58:29+00:00\" \/>\n<meta name=\"twitter:card\" content=\"summary_large_image\" \/>\n<meta name=\"twitter:label1\" content=\"Tahmini okuma s\u00fcresi\" \/>\n\t<meta name=\"twitter:data1\" content=\"4 dakika\" \/>\n<script type=\"application\/ld+json\" class=\"yoast-schema-graph\">{\"@context\":\"https:\/\/schema.org\",\"@graph\":[{\"@type\":\"WebPage\",\"@id\":\"https:\/\/ayfaclinic.com\/it\/periodontology\/\",\"url\":\"https:\/\/ayfaclinic.com\/it\/periodontology\/\",\"name\":\"Periodontology - Ayfa Clinic Istanbul Turkey\",\"isPartOf\":{\"@id\":\"https:\/\/ayfaclinic.com\/it\/#website\"},\"datePublished\":\"2022-08-19T12:01:20+00:00\",\"dateModified\":\"2023-09-10T18:58:29+00:00\",\"breadcrumb\":{\"@id\":\"https:\/\/ayfaclinic.com\/it\/periodontology\/#breadcrumb\"},\"inLanguage\":\"tr\",\"potentialAction\":[{\"@type\":\"ReadAction\",\"target\":[\"https:\/\/ayfaclinic.com\/it\/periodontology\/\"]}]},{\"@type\":\"BreadcrumbList\",\"@id\":\"https:\/\/ayfaclinic.com\/it\/periodontology\/#breadcrumb\",\"itemListElement\":[{\"@type\":\"ListItem\",\"position\":1,\"name\":\"Anasayfa\",\"item\":\"https:\/\/ayfaclinic.com\/it\/\"},{\"@type\":\"ListItem\",\"position\":2,\"name\":\"Periodontology\"}]},{\"@type\":\"WebSite\",\"@id\":\"https:\/\/ayfaclinic.com\/it\/#website\",\"url\":\"https:\/\/ayfaclinic.com\/it\/\",\"name\":\"Ayfa Clinic - Health Starts Here\",\"description\":\"Ayfa Clinic - Health Starts Here\",\"potentialAction\":[{\"@type\":\"SearchAction\",\"target\":{\"@type\":\"EntryPoint\",\"urlTemplate\":\"https:\/\/ayfaclinic.com\/it\/?s={search_term_string}\"},\"query-input\":\"required name=search_term_string\"}],\"inLanguage\":\"tr\"}]}<\/script>\n<!-- \/ Yoast SEO plugin. -->","yoast_head_json":{"title":"Periodontology - Ayfa Clinic Istanbul Turkey","robots":{"index":"index","follow":"follow","max-snippet":"max-snippet:-1","max-image-preview":"max-image-preview:large","max-video-preview":"max-video-preview:-1"},"canonical":"https:\/\/ayfaclinic.com\/it\/periodontology\/","og_locale":"tr_TR","og_type":"article","og_title":"Periodontology - Ayfa Clinic Istanbul Turkey","og_description":"La parodontologia \u00e8 il settore dell&#8217;odontoiatria che si occupa del trattamento dei denti e dei tessuti che li circondano. Le malattie parodontali sono generalmente suddivise in due categorie: gengivite e parodontite (malattie infiammatorie accompagnate da perdita di osso insieme alla gengivite). Le malattie parodontali sono la causa del 70% della perdita di denti negli adulti. [&hellip;]","og_url":"https:\/\/ayfaclinic.com\/it\/periodontology\/","og_site_name":"Ayfa Clinic - Health Starts Here","article_modified_time":"2023-09-10T18:58:29+00:00","twitter_card":"summary_large_image","twitter_misc":{"Tahmini okuma s\u00fcresi":"4 dakika"},"schema":{"@context":"https:\/\/schema.org","@graph":[{"@type":"WebPage","@id":"https:\/\/ayfaclinic.com\/it\/periodontology\/","url":"https:\/\/ayfaclinic.com\/it\/periodontology\/","name":"Periodontology - Ayfa Clinic Istanbul Turkey","isPartOf":{"@id":"https:\/\/ayfaclinic.com\/it\/#website"},"datePublished":"2022-08-19T12:01:20+00:00","dateModified":"2023-09-10T18:58:29+00:00","breadcrumb":{"@id":"https:\/\/ayfaclinic.com\/it\/periodontology\/#breadcrumb"},"inLanguage":"tr","potentialAction":[{"@type":"ReadAction","target":["https:\/\/ayfaclinic.com\/it\/periodontology\/"]}]},{"@type":"BreadcrumbList","@id":"https:\/\/ayfaclinic.com\/it\/periodontology\/#breadcrumb","itemListElement":[{"@type":"ListItem","position":1,"name":"Anasayfa","item":"https:\/\/ayfaclinic.com\/it\/"},{"@type":"ListItem","position":2,"name":"Periodontology"}]},{"@type":"WebSite","@id":"https:\/\/ayfaclinic.com\/it\/#website","url":"https:\/\/ayfaclinic.com\/it\/","name":"Ayfa Clinic - Health Starts Here","description":"Ayfa Clinic - Health Starts Here","potentialAction":[{"@type":"SearchAction","target":{"@type":"EntryPoint","urlTemplate":"https:\/\/ayfaclinic.com\/it\/?s={search_term_string}"},"query-input":"required name=search_term_string"}],"inLanguage":"tr"}]}},"_links":{"self":[{"href":"https:\/\/ayfaclinic.com\/it\/wp-json\/wp\/v2\/pages\/8711","targetHints":{"allow":["GET"]}}],"collection":[{"href":"https:\/\/ayfaclinic.com\/it\/wp-json\/wp\/v2\/pages"}],"about":[{"href":"https:\/\/ayfaclinic.com\/it\/wp-json\/wp\/v2\/types\/page"}],"author":[{"embeddable":true,"href":"https:\/\/ayfaclinic.com\/it\/wp-json\/wp\/v2\/users\/1"}],"replies":[{"embeddable":true,"href":"https:\/\/ayfaclinic.com\/it\/wp-json\/wp\/v2\/comments?post=8711"}],"version-history":[{"count":3,"href":"https:\/\/ayfaclinic.com\/it\/wp-json\/wp\/v2\/pages\/8711\/revisions"}],"predecessor-version":[{"id":8868,"href":"https:\/\/ayfaclinic.com\/it\/wp-json\/wp\/v2\/pages\/8711\/revisions\/8868"}],"wp:attachment":[{"href":"https:\/\/ayfaclinic.com\/it\/wp-json\/wp\/v2\/media?parent=8711"}],"curies":[{"name":"wp","href":"https:\/\/api.w.org\/{rel}","templated":true}]}}