{"id":8727,"date":"2022-08-19T12:55:20","date_gmt":"2022-08-19T12:55:20","guid":{"rendered":"https:\/\/ayfaclinic.com\/it\/?page_id=8727"},"modified":"2023-09-10T18:57:04","modified_gmt":"2023-09-10T18:57:04","slug":"estetica-genitale","status":"publish","type":"page","link":"https:\/\/ayfaclinic.com\/it\/estetica-genitale\/","title":{"rendered":"Estetica genitale"},"content":{"rendered":"<p>L&#8217;estetica genitale \u00e8 uno degli interventi estetici pi\u00f9 richiesti oggi. Un bell&#8217;aspetto \u00e8 un fattore importante che fa sentire le donne sicure, felici e attraenti. A questo proposito, l&#8217;insoddisfazione delle donne per la loro area genitale e il suo aspetto portano a una diminuzione della qualit\u00e0 della vita sessuale<\/p>\n<p>Va notato che non esiste una percezione specifica e standard della bellezza dell&#8217;area genitale. Tuttavia, se alcuni problemi disturbano la paziente, si possono eseguire interventi chirurgici abbastanza semplici per correggerli<\/p>\n<p>Alcuni problemi estetici genitali possono anche portare a problemi di salute funzionali. Ad esempio, se il paziente presenta labbra interne pi\u00f9 grandi del solito, pu\u00f2 causare insoddisfazione per l&#8217;aspetto e dolore durante i rapporti sessuali<\/p>\n<p>La correzione di questo problema con semplici interventi di estetica genitale pu\u00f2 consentire alle donne di avere molta pi\u00f9 fiducia nella loro vita sessuale e quotidiana<\/p>\n<p><strong>Che cos&#8217;\u00e8 la labiaplastica?<\/strong><\/p>\n<p>Per labiaplastica si intendono le procedure estetiche per le grandi e piccole labbra ai lati dell&#8217;area genitale. Per labio si intendono le labbra che compongono la struttura genitale esterna. La correzione delle labbra interne ed esterne mediante interventi estetici viene eseguita con la labioplastica<\/p>\n<p>L&#8217;et\u00e0 avanzata e i parti difficili possono portare a questi problemi nel tempo. Oltre ai rapporti sessuali, l&#8217;asimmetria, le dimensioni o il prolasso delle labbra interne ed esterne possono causare un aspetto indesiderato quando si indossano costumi da bagno o collant<\/p>\n<p><strong>Quanto dura l&#8217;intervento di prolasso delle labbra interne?<\/strong><\/p>\n<p>La riduzione delle labbra interne viene eseguita in anestesia locale o generale. L&#8217;intervento viene completato in circa 30 minuti. L&#8217;intervento viene eseguito dopo l&#8217;intorpidimento delle piccole labbra. Il paziente pu\u00f2 essere dimesso il giorno stesso se non insorgono complicazioni postoperatorie<\/p>\n<p>Durante l&#8217;intervento vengono utilizzati punti di sutura dissolvibili. Pertanto, i punti di sutura si dissolvono in 2-3 settimane. Il paziente pu\u00f2 tornare all&#8217;attivit\u00e0 sessuale entro un mese. Non si formano cicatrici da intervento. Tuttavia, la paziente pu\u00f2 avvertire sensibilit\u00e0 nell&#8217;area<\/p>\n<p><strong>Che cos&#8217;\u00e8 la vaginoplastica?<\/strong><\/p>\n<p>La vaginoplastica \u00e8 un intervento per stringere la vagina. La vagina pu\u00f2 dilatarsi a causa del parto, della genetica o dell&#8217;et\u00e0 avanzata. A causa delle deformazioni, possono verificarsi gravi problemi durante i rapporti sessuali<\/p>\n<p>Nella vaginoplastica si rimuove il tessuto in eccesso e si eseguono procedure di restringimento. Con questo processo si ottiene anche un ringiovanimento dei tessuti. L&#8217;intervento viene eseguito in anestesia generale. Si conclude in circa 30-45 minuti<\/p>\n<p><strong>Trattamento delle cicatrici post-partum<\/strong><\/p>\n<p>Durante il parto normale pu\u00f2 essere necessaria un&#8217;episiotomia. In questo processo possono essere necessarie alcune incisioni<\/p>\n<p>Se eseguite male, possono avere un aspetto esteticamente indesiderato nella zona genitale. I tessuti cicatriziali possono essere riparati semplicemente utilizzando l&#8217;anestesia locale in questa fase<\/p>\n<p><strong>Imenoplastica &#8211; Ricostruzione dell&#8217;imene<\/strong><\/p>\n<p>Anche la ricostruzione dell&#8217;imene viene eseguita nell&#8217;ambito dell&#8217;estetica genitale. L&#8217;imenoplastica \u00e8 il processo di ripristino chirurgico dell&#8217;imene. Non si tratta di una procedura applicata per motivi estetici. La ricostruzione dell&#8217;imene \u00e8 possibile a condizione che non manchino le parti lacerate dell&#8217;imene<\/p>\n","protected":false},"excerpt":{"rendered":"<p>L&#8217;estetica genitale \u00e8 uno degli interventi estetici pi\u00f9 richiesti oggi. Un bell&#8217;aspetto \u00e8 un fattore importante che fa sentire le donne sicure, felici e attraenti. A questo proposito, l&#8217;insoddisfazione delle donne per la loro area genitale e il suo aspetto portano a una diminuzione della qualit\u00e0 della vita sessuale Va notato che non esiste una [&hellip;]<\/p>\n","protected":false},"author":1,"featured_media":0,"parent":0,"menu_order":0,"comment_status":"closed","ping_status":"closed","template":"","meta":{"footnotes":""},"class_list":["post-8727","page","type-page","status-publish","hentry"],"yoast_head":"<!-- This site is optimized with the Yoast SEO plugin v19.5.1 - https:\/\/yoast.com\/wordpress\/plugins\/seo\/ -->\n<title>Estetica genitale - Ayfa Clinic Istanbul Turkey<\/title>\n<meta name=\"robots\" content=\"index, follow, max-snippet:-1, max-image-preview:large, max-video-preview:-1\" \/>\n<link rel=\"canonical\" href=\"https:\/\/ayfaclinic.com\/it\/estetica-genitale\/\" \/>\n<meta property=\"og:locale\" content=\"tr_TR\" \/>\n<meta property=\"og:type\" content=\"article\" \/>\n<meta property=\"og:title\" content=\"Estetica genitale - Ayfa Clinic Istanbul Turkey\" \/>\n<meta property=\"og:description\" content=\"L&#8217;estetica genitale \u00e8 uno degli interventi estetici pi\u00f9 richiesti oggi. Un bell&#8217;aspetto \u00e8 un fattore importante che fa sentire le donne sicure, felici e attraenti. A questo proposito, l&#8217;insoddisfazione delle donne per la loro area genitale e il suo aspetto portano a una diminuzione della qualit\u00e0 della vita sessuale Va notato che non esiste una [&hellip;]\" \/>\n<meta property=\"og:url\" content=\"https:\/\/ayfaclinic.com\/it\/estetica-genitale\/\" \/>\n<meta property=\"og:site_name\" content=\"Ayfa Clinic - Health Starts Here\" \/>\n<meta property=\"article:modified_time\" content=\"2023-09-10T18:57:04+00:00\" \/>\n<meta name=\"twitter:card\" content=\"summary_large_image\" \/>\n<meta name=\"twitter:label1\" content=\"Tahmini okuma s\u00fcresi\" \/>\n\t<meta name=\"twitter:data1\" content=\"3 dakika\" \/>\n<script type=\"application\/ld+json\" class=\"yoast-schema-graph\">{\"@context\":\"https:\/\/schema.org\",\"@graph\":[{\"@type\":\"WebPage\",\"@id\":\"https:\/\/ayfaclinic.com\/it\/estetica-genitale\/\",\"url\":\"https:\/\/ayfaclinic.com\/it\/estetica-genitale\/\",\"name\":\"Estetica genitale - Ayfa Clinic Istanbul Turkey\",\"isPartOf\":{\"@id\":\"https:\/\/ayfaclinic.com\/it\/#website\"},\"datePublished\":\"2022-08-19T12:55:20+00:00\",\"dateModified\":\"2023-09-10T18:57:04+00:00\",\"breadcrumb\":{\"@id\":\"https:\/\/ayfaclinic.com\/it\/estetica-genitale\/#breadcrumb\"},\"inLanguage\":\"tr\",\"potentialAction\":[{\"@type\":\"ReadAction\",\"target\":[\"https:\/\/ayfaclinic.com\/it\/estetica-genitale\/\"]}]},{\"@type\":\"BreadcrumbList\",\"@id\":\"https:\/\/ayfaclinic.com\/it\/estetica-genitale\/#breadcrumb\",\"itemListElement\":[{\"@type\":\"ListItem\",\"position\":1,\"name\":\"Anasayfa\",\"item\":\"https:\/\/ayfaclinic.com\/it\/\"},{\"@type\":\"ListItem\",\"position\":2,\"name\":\"Estetica genitale\"}]},{\"@type\":\"WebSite\",\"@id\":\"https:\/\/ayfaclinic.com\/it\/#website\",\"url\":\"https:\/\/ayfaclinic.com\/it\/\",\"name\":\"Ayfa Clinic - Health Starts Here\",\"description\":\"Ayfa Clinic - Health Starts Here\",\"potentialAction\":[{\"@type\":\"SearchAction\",\"target\":{\"@type\":\"EntryPoint\",\"urlTemplate\":\"https:\/\/ayfaclinic.com\/it\/?s={search_term_string}\"},\"query-input\":\"required name=search_term_string\"}],\"inLanguage\":\"tr\"}]}<\/script>\n<!-- \/ Yoast SEO plugin. -->","yoast_head_json":{"title":"Estetica genitale - Ayfa Clinic Istanbul Turkey","robots":{"index":"index","follow":"follow","max-snippet":"max-snippet:-1","max-image-preview":"max-image-preview:large","max-video-preview":"max-video-preview:-1"},"canonical":"https:\/\/ayfaclinic.com\/it\/estetica-genitale\/","og_locale":"tr_TR","og_type":"article","og_title":"Estetica genitale - Ayfa Clinic Istanbul Turkey","og_description":"L&#8217;estetica genitale \u00e8 uno degli interventi estetici pi\u00f9 richiesti oggi. Un bell&#8217;aspetto \u00e8 un fattore importante che fa sentire le donne sicure, felici e attraenti. A questo proposito, l&#8217;insoddisfazione delle donne per la loro area genitale e il suo aspetto portano a una diminuzione della qualit\u00e0 della vita sessuale Va notato che non esiste una [&hellip;]","og_url":"https:\/\/ayfaclinic.com\/it\/estetica-genitale\/","og_site_name":"Ayfa Clinic - Health Starts Here","article_modified_time":"2023-09-10T18:57:04+00:00","twitter_card":"summary_large_image","twitter_misc":{"Tahmini okuma s\u00fcresi":"3 dakika"},"schema":{"@context":"https:\/\/schema.org","@graph":[{"@type":"WebPage","@id":"https:\/\/ayfaclinic.com\/it\/estetica-genitale\/","url":"https:\/\/ayfaclinic.com\/it\/estetica-genitale\/","name":"Estetica genitale - Ayfa Clinic Istanbul Turkey","isPartOf":{"@id":"https:\/\/ayfaclinic.com\/it\/#website"},"datePublished":"2022-08-19T12:55:20+00:00","dateModified":"2023-09-10T18:57:04+00:00","breadcrumb":{"@id":"https:\/\/ayfaclinic.com\/it\/estetica-genitale\/#breadcrumb"},"inLanguage":"tr","potentialAction":[{"@type":"ReadAction","target":["https:\/\/ayfaclinic.com\/it\/estetica-genitale\/"]}]},{"@type":"BreadcrumbList","@id":"https:\/\/ayfaclinic.com\/it\/estetica-genitale\/#breadcrumb","itemListElement":[{"@type":"ListItem","position":1,"name":"Anasayfa","item":"https:\/\/ayfaclinic.com\/it\/"},{"@type":"ListItem","position":2,"name":"Estetica genitale"}]},{"@type":"WebSite","@id":"https:\/\/ayfaclinic.com\/it\/#website","url":"https:\/\/ayfaclinic.com\/it\/","name":"Ayfa Clinic - Health Starts Here","description":"Ayfa Clinic - Health Starts Here","potentialAction":[{"@type":"SearchAction","target":{"@type":"EntryPoint","urlTemplate":"https:\/\/ayfaclinic.com\/it\/?s={search_term_string}"},"query-input":"required name=search_term_string"}],"inLanguage":"tr"}]}},"_links":{"self":[{"href":"https:\/\/ayfaclinic.com\/it\/wp-json\/wp\/v2\/pages\/8727","targetHints":{"allow":["GET"]}}],"collection":[{"href":"https:\/\/ayfaclinic.com\/it\/wp-json\/wp\/v2\/pages"}],"about":[{"href":"https:\/\/ayfaclinic.com\/it\/wp-json\/wp\/v2\/types\/page"}],"author":[{"embeddable":true,"href":"https:\/\/ayfaclinic.com\/it\/wp-json\/wp\/v2\/users\/1"}],"replies":[{"embeddable":true,"href":"https:\/\/ayfaclinic.com\/it\/wp-json\/wp\/v2\/comments?post=8727"}],"version-history":[{"count":4,"href":"https:\/\/ayfaclinic.com\/it\/wp-json\/wp\/v2\/pages\/8727\/revisions"}],"predecessor-version":[{"id":8849,"href":"https:\/\/ayfaclinic.com\/it\/wp-json\/wp\/v2\/pages\/8727\/revisions\/8849"}],"wp:attachment":[{"href":"https:\/\/ayfaclinic.com\/it\/wp-json\/wp\/v2\/media?parent=8727"}],"curies":[{"name":"wp","href":"https:\/\/api.w.org\/{rel}","templated":true}]}}