{"id":8732,"date":"2022-08-19T12:57:07","date_gmt":"2022-08-19T12:57:07","guid":{"rendered":"https:\/\/ayfaclinic.com\/it\/?page_id=8732"},"modified":"2023-09-10T18:58:04","modified_gmt":"2023-09-10T18:58:04","slug":"isteroscopia","status":"publish","type":"page","link":"https:\/\/ayfaclinic.com\/it\/isteroscopia\/","title":{"rendered":"Isteroscopia"},"content":{"rendered":"<p><strong>Che cos&#8217;\u00e8 l&#8217;isteroscopia?<\/strong><\/p>\n<p>L&#8217;isteroscopia \u00e8 uno degli strumenti diagnostici pi\u00f9 preziosi per le malattie ginecologiche. L&#8217;isteroscopia consiste nel monitorare l&#8217;utero con un tubo illuminato. L&#8217;isteroscopia diagnostica non richiede l&#8217;anestesia generale<\/p>\n<p>Tuttavia, l&#8217;anestesia generale deve essere somministrata quando l&#8217;isteroscopia \u00e8 applicata a scopo terapeutico. L&#8217;isteroscopia viene eseguita dopo il periodo mestruale. L&#8217;isteroscopia pu\u00f2 essere utile per le seguenti condizioni<\/p>\n<ul>\n<li>Diagnosi e trattamento del setto nasale,<\/li>\n<li>Polipectomia,<\/li>\n<li>Miomectomia,<\/li>\n<li>Aderenze uterine.<\/li>\n<\/ul>\n<p><strong>Come viene eseguita l&#8217;isteroscopia?<\/strong><\/p>\n<p>L&#8217;isteroscopia pu\u00f2 essere applicata a scopo diagnostico e terapeutico. Quando viene applicata a scopo terapeutico, \u00e8 sufficiente somministrare una leggera dose di anestetico generale. L&#8217;isteroscopia \u00e8 generalmente una procedura indolore<\/p>\n<p>Un dispositivo isteroscopico tubolare viene inserito nell&#8217;utero. Il sistema ottico e la telecamera del dispositivo consentono di osservare l&#8217;interno dell&#8217;utero in dettaglio. Il fluido viene introdotto nell&#8217;utero in modo che l&#8217;utero si allarghi e possa essere monitorato in modo pi\u00f9 dettagliato. Quindi si procede con le procedure necessarie<\/p>\n<p><strong>Quali sono i rischi dell&#8217;isteroscopia?<\/strong><\/p>\n<p>L&#8217;isteroscopia \u00e8 una procedura che comporta rischi accettabili. Tutti i trattamenti e le procedure mediche comportano dei rischi. L&#8217;esperienza e la competenza del medico sono molto importanti nell&#8217;isteroscopia<\/p>\n<p>In caso contrario, i rischi possono aumentare. Gli effetti collaterali che si possono riscontrare in isteroscopia sono<\/p>\n<ul>\n<li>Puntura dell&#8217;utero,<\/li>\n<li>Lesione della cervice,<\/li>\n<li>Sanguinamento eccessivo,<\/li>\n<li>Infezione uterina.<\/li>\n<\/ul>\n<p><strong>Quando si esegue l&#8217;isteroscopia?<\/strong><\/p>\n<p>L&#8217;isteroscopia deve essere eseguita dopo il periodo mestruale. Tuttavia, il medico deve decidere il giorno dell&#8217;intervento<\/p>\n<p>L&#8217;isteroscopia viene eseguita in regime ambulatoriale. Non \u00e8 necessario il ricovero in ospedale. La paziente viene dimessa dopo l&#8217;intervento<\/p>\n<p><strong>Che cos&#8217;\u00e8 l&#8217;isteroscopia diagnostica?<\/strong><\/p>\n<p>L&#8217;isteroscopia diagnostica viene utilizzata per diagnosticare eventuali problemi dell&#8217;utero. Durante il processo, la cervice viene innanzitutto dilatata fino a consentire il passaggio dell&#8217;isteroscopio. Quindi l&#8217;isteroscopio viene inserito nella vagina attraverso il canale cervicale<\/p>\n<p>Durante questo processo vengono iniettati nell&#8217;utero anidride carbonica o liquidi speciali. In questo modo, le pareti dell&#8217;utero si separano l&#8217;una dall&#8217;altra. L&#8217;isteroscopia diagnostica pu\u00f2 rivelare miomi sottomucosi, lesioni uterine e aderenze<\/p>\n<p>Inoltre, l&#8217;isteroscopia diagnostica pu\u00f2 essere utile per rilevare l&#8217;infertilit\u00e0 e gli aborti ricorrenti<\/p>\n<p><strong>Che cos&#8217;\u00e8 l&#8217;isteroscopia operativa?<\/strong><\/p>\n<p>L&#8217;isteroscopia operativa viene eseguita a scopo terapeutico, quando necessario. L&#8217;isteroscopia operativa consente di trattare aderenze uterine, miomi e strutture anomale<\/p>\n<p>L&#8217;isteroscopia terapeutica pu\u00f2 essere applicata anche durante l&#8217;isteroscopia diagnostica. Durante questa procedura \u00e8 possibile rimuovere miomi e polipi. Questo processo consente di completare le procedure correttive nella cavit\u00e0 uterina in modo sano e confortevole<\/p>\n<p><strong>Quali sono i vantaggi dell&#8217;isteroscopia?<\/strong><\/p>\n<p>L&#8217;isteroscopia \u00e8 uno strumento diagnostico molto importante per i problemi di infertilit\u00e0 inspiegabili. Consente di individuare e trattare i problemi ginecologici che le donne riscontrano frequentemente<\/p>\n<p>Dopo la procedura, \u00e8 sufficiente che la paziente riposi per qualche ora. Eventuali problemi nella cavit\u00e0 uterina possono essere osservati direttamente con l&#8217;isteroscopia. In questo modo si ottengono maggiori possibilit\u00e0 di successo nel trattamento di eventuali problemi di salute che possono impedire una gravidanza.<\/p>\n","protected":false},"excerpt":{"rendered":"<p>Che cos&#8217;\u00e8 l&#8217;isteroscopia? L&#8217;isteroscopia \u00e8 uno degli strumenti diagnostici pi\u00f9 preziosi per le malattie ginecologiche. L&#8217;isteroscopia consiste nel monitorare l&#8217;utero con un tubo illuminato. L&#8217;isteroscopia diagnostica non richiede l&#8217;anestesia generale Tuttavia, l&#8217;anestesia generale deve essere somministrata quando l&#8217;isteroscopia \u00e8 applicata a scopo terapeutico. L&#8217;isteroscopia viene eseguita dopo il periodo mestruale. L&#8217;isteroscopia pu\u00f2 essere utile per [&hellip;]<\/p>\n","protected":false},"author":1,"featured_media":0,"parent":0,"menu_order":0,"comment_status":"closed","ping_status":"closed","template":"","meta":{"footnotes":""},"class_list":["post-8732","page","type-page","status-publish","hentry"],"yoast_head":"<!-- This site is optimized with the Yoast SEO plugin v19.5.1 - https:\/\/yoast.com\/wordpress\/plugins\/seo\/ -->\n<title>Isteroscopia - Ayfa Clinic Istanbul Turkey<\/title>\n<meta name=\"robots\" content=\"index, follow, max-snippet:-1, max-image-preview:large, max-video-preview:-1\" \/>\n<link rel=\"canonical\" href=\"https:\/\/ayfaclinic.com\/it\/isteroscopia\/\" \/>\n<meta property=\"og:locale\" content=\"tr_TR\" \/>\n<meta property=\"og:type\" content=\"article\" \/>\n<meta property=\"og:title\" content=\"Isteroscopia - Ayfa Clinic Istanbul Turkey\" \/>\n<meta property=\"og:description\" content=\"Che cos&#8217;\u00e8 l&#8217;isteroscopia? L&#8217;isteroscopia \u00e8 uno degli strumenti diagnostici pi\u00f9 preziosi per le malattie ginecologiche. L&#8217;isteroscopia consiste nel monitorare l&#8217;utero con un tubo illuminato. L&#8217;isteroscopia diagnostica non richiede l&#8217;anestesia generale Tuttavia, l&#8217;anestesia generale deve essere somministrata quando l&#8217;isteroscopia \u00e8 applicata a scopo terapeutico. L&#8217;isteroscopia viene eseguita dopo il periodo mestruale. L&#8217;isteroscopia pu\u00f2 essere utile per [&hellip;]\" \/>\n<meta property=\"og:url\" content=\"https:\/\/ayfaclinic.com\/it\/isteroscopia\/\" \/>\n<meta property=\"og:site_name\" content=\"Ayfa Clinic - Health Starts Here\" \/>\n<meta property=\"article:modified_time\" content=\"2023-09-10T18:58:04+00:00\" \/>\n<meta name=\"twitter:card\" content=\"summary_large_image\" \/>\n<meta name=\"twitter:label1\" content=\"Tahmini okuma s\u00fcresi\" \/>\n\t<meta name=\"twitter:data1\" content=\"3 dakika\" \/>\n<script type=\"application\/ld+json\" class=\"yoast-schema-graph\">{\"@context\":\"https:\/\/schema.org\",\"@graph\":[{\"@type\":\"WebPage\",\"@id\":\"https:\/\/ayfaclinic.com\/it\/isteroscopia\/\",\"url\":\"https:\/\/ayfaclinic.com\/it\/isteroscopia\/\",\"name\":\"Isteroscopia - Ayfa Clinic Istanbul Turkey\",\"isPartOf\":{\"@id\":\"https:\/\/ayfaclinic.com\/it\/#website\"},\"datePublished\":\"2022-08-19T12:57:07+00:00\",\"dateModified\":\"2023-09-10T18:58:04+00:00\",\"breadcrumb\":{\"@id\":\"https:\/\/ayfaclinic.com\/it\/isteroscopia\/#breadcrumb\"},\"inLanguage\":\"tr\",\"potentialAction\":[{\"@type\":\"ReadAction\",\"target\":[\"https:\/\/ayfaclinic.com\/it\/isteroscopia\/\"]}]},{\"@type\":\"BreadcrumbList\",\"@id\":\"https:\/\/ayfaclinic.com\/it\/isteroscopia\/#breadcrumb\",\"itemListElement\":[{\"@type\":\"ListItem\",\"position\":1,\"name\":\"Anasayfa\",\"item\":\"https:\/\/ayfaclinic.com\/it\/\"},{\"@type\":\"ListItem\",\"position\":2,\"name\":\"Isteroscopia\"}]},{\"@type\":\"WebSite\",\"@id\":\"https:\/\/ayfaclinic.com\/it\/#website\",\"url\":\"https:\/\/ayfaclinic.com\/it\/\",\"name\":\"Ayfa Clinic - Health Starts Here\",\"description\":\"Ayfa Clinic - Health Starts Here\",\"potentialAction\":[{\"@type\":\"SearchAction\",\"target\":{\"@type\":\"EntryPoint\",\"urlTemplate\":\"https:\/\/ayfaclinic.com\/it\/?s={search_term_string}\"},\"query-input\":\"required name=search_term_string\"}],\"inLanguage\":\"tr\"}]}<\/script>\n<!-- \/ Yoast SEO plugin. -->","yoast_head_json":{"title":"Isteroscopia - Ayfa Clinic Istanbul Turkey","robots":{"index":"index","follow":"follow","max-snippet":"max-snippet:-1","max-image-preview":"max-image-preview:large","max-video-preview":"max-video-preview:-1"},"canonical":"https:\/\/ayfaclinic.com\/it\/isteroscopia\/","og_locale":"tr_TR","og_type":"article","og_title":"Isteroscopia - Ayfa Clinic Istanbul Turkey","og_description":"Che cos&#8217;\u00e8 l&#8217;isteroscopia? L&#8217;isteroscopia \u00e8 uno degli strumenti diagnostici pi\u00f9 preziosi per le malattie ginecologiche. L&#8217;isteroscopia consiste nel monitorare l&#8217;utero con un tubo illuminato. L&#8217;isteroscopia diagnostica non richiede l&#8217;anestesia generale Tuttavia, l&#8217;anestesia generale deve essere somministrata quando l&#8217;isteroscopia \u00e8 applicata a scopo terapeutico. L&#8217;isteroscopia viene eseguita dopo il periodo mestruale. L&#8217;isteroscopia pu\u00f2 essere utile per [&hellip;]","og_url":"https:\/\/ayfaclinic.com\/it\/isteroscopia\/","og_site_name":"Ayfa Clinic - Health Starts Here","article_modified_time":"2023-09-10T18:58:04+00:00","twitter_card":"summary_large_image","twitter_misc":{"Tahmini okuma s\u00fcresi":"3 dakika"},"schema":{"@context":"https:\/\/schema.org","@graph":[{"@type":"WebPage","@id":"https:\/\/ayfaclinic.com\/it\/isteroscopia\/","url":"https:\/\/ayfaclinic.com\/it\/isteroscopia\/","name":"Isteroscopia - Ayfa Clinic Istanbul Turkey","isPartOf":{"@id":"https:\/\/ayfaclinic.com\/it\/#website"},"datePublished":"2022-08-19T12:57:07+00:00","dateModified":"2023-09-10T18:58:04+00:00","breadcrumb":{"@id":"https:\/\/ayfaclinic.com\/it\/isteroscopia\/#breadcrumb"},"inLanguage":"tr","potentialAction":[{"@type":"ReadAction","target":["https:\/\/ayfaclinic.com\/it\/isteroscopia\/"]}]},{"@type":"BreadcrumbList","@id":"https:\/\/ayfaclinic.com\/it\/isteroscopia\/#breadcrumb","itemListElement":[{"@type":"ListItem","position":1,"name":"Anasayfa","item":"https:\/\/ayfaclinic.com\/it\/"},{"@type":"ListItem","position":2,"name":"Isteroscopia"}]},{"@type":"WebSite","@id":"https:\/\/ayfaclinic.com\/it\/#website","url":"https:\/\/ayfaclinic.com\/it\/","name":"Ayfa Clinic - Health Starts Here","description":"Ayfa Clinic - Health Starts Here","potentialAction":[{"@type":"SearchAction","target":{"@type":"EntryPoint","urlTemplate":"https:\/\/ayfaclinic.com\/it\/?s={search_term_string}"},"query-input":"required name=search_term_string"}],"inLanguage":"tr"}]}},"_links":{"self":[{"href":"https:\/\/ayfaclinic.com\/it\/wp-json\/wp\/v2\/pages\/8732","targetHints":{"allow":["GET"]}}],"collection":[{"href":"https:\/\/ayfaclinic.com\/it\/wp-json\/wp\/v2\/pages"}],"about":[{"href":"https:\/\/ayfaclinic.com\/it\/wp-json\/wp\/v2\/types\/page"}],"author":[{"embeddable":true,"href":"https:\/\/ayfaclinic.com\/it\/wp-json\/wp\/v2\/users\/1"}],"replies":[{"embeddable":true,"href":"https:\/\/ayfaclinic.com\/it\/wp-json\/wp\/v2\/comments?post=8732"}],"version-history":[{"count":3,"href":"https:\/\/ayfaclinic.com\/it\/wp-json\/wp\/v2\/pages\/8732\/revisions"}],"predecessor-version":[{"id":8861,"href":"https:\/\/ayfaclinic.com\/it\/wp-json\/wp\/v2\/pages\/8732\/revisions\/8861"}],"wp:attachment":[{"href":"https:\/\/ayfaclinic.com\/it\/wp-json\/wp\/v2\/media?parent=8732"}],"curies":[{"name":"wp","href":"https:\/\/api.w.org\/{rel}","templated":true}]}}