{"id":8734,"date":"2022-08-19T12:57:57","date_gmt":"2022-08-19T12:57:57","guid":{"rendered":"https:\/\/ayfaclinic.com\/it\/?page_id=8734"},"modified":"2023-09-10T18:58:11","modified_gmt":"2023-09-10T18:58:11","slug":"monitoraggio-dellinfertilita","status":"publish","type":"page","link":"https:\/\/ayfaclinic.com\/it\/monitoraggio-dellinfertilita\/","title":{"rendered":"Monitoraggio dell&#8217;infertilit\u00e0"},"content":{"rendered":"<p><strong>Come si esegue il monitoraggio dell&#8217;infertilit\u00e0?<\/strong><\/p>\n<p>L&#8217;infertilit\u00e0 \u00e8 un problema di salute definito come il mancato concepimento nonostante i rapporti sessuali non protetti per un anno. Esistono molti problemi di salute che possono impedire una gravidanza<\/p>\n<p>Questi problemi possono verificarsi sia negli uomini che nelle donne. L&#8217;80% dei problemi di salute che possono portare all&#8217;infertilit\u00e0 sono curabili con la tecnologia odierna. L&#8217;infertilit\u00e0 si manifesta in venti coppie su cento. Condizioni come lo stress, il matrimonio tardivo, i problemi genetici, l&#8217;inquinamento atmosferico, l&#8217;aumento dei problemi di salute e le abitudini malsane come il fumo aumentano il rischio di infertilit\u00e0<\/p>\n<p>Anche l&#8217;et\u00e0 avanzata aumenta il rischio di infertilit\u00e0. L&#8217;infertilit\u00e0 pu\u00f2 essere causata da un unico motivo o da diversi motivi. Avere un bambino \u00e8 un processo molto complicato. Tutte le fasi devono essere completate con successo. Per avere un bambino<\/p>\n<ul>\n<li>La futura madre deve avere una produzione ovarica sana.<\/li>\n<li>D&#8217;altra parte, l&#8217;uomo deve avere una produzione di spermatozoi di qualit\u00e0.<\/li>\n<li>Le tube di Falloppio, che aiutano lo sperma a raggiungere l&#8217;ovulo, devono essere sane.<\/li>\n<li>Lo sperma deve essere in grado di fecondare l&#8217;ovulo.<\/li>\n<li>Gli ovuli fecondati devono essere abbastanza sani da poter essere conservati nell&#8217;utero.<\/li>\n<li>Per l&#8217;instaurazione di una gravidanza sono necessari embrioni di qualit\u00e0.<\/li>\n<\/ul>\n<p>Qualsiasi problema di salute che si verifichi durante queste fasi impedir\u00e0 la gravidanza. In questo caso, gli individui devono optare per i metodi di trattamento dell&#8217;infertilit\u00e0<\/p>\n<p><strong>Quali sono le cause dell&#8217;infertilit\u00e0 nelle donne?<\/strong><\/p>\n<p>Le cause dell&#8217;infertilit\u00e0 nelle donne sono le seguenti<\/p>\n<ul>\n<li>Problemi di ovulazione<\/li>\n<li>Problemi anatomici congeniti<\/li>\n<li>Infezioni e interventi chirurgici intra-addominali<\/li>\n<li>Problemi del sistema immunitario<\/li>\n<li>Diminuzione della fertilit\u00e0 con l&#8217;avanzare dell&#8217;et\u00e0<\/li>\n<li>Menopausa precoce<\/li>\n<li>Sindrome dell&#8217;ovaio policistico<\/li>\n<li>Fibromi uterini<\/li>\n<li>Aderenze nell&#8217;addome e nelle tube di Falloppio<\/li>\n<li>Danno o blocco delle tube<\/li>\n<li>Cicli mestruali irregolari<\/li>\n<li>Eccessivo consumo di fumo, alcol e caffeina<\/li>\n<li>Obesit\u00e0<\/li>\n<li>Problemi alla tiroide<\/li>\n<li>Trattamenti antitumorali<\/li>\n<li>Alti livelli di prolattina<\/li>\n<\/ul>\n<p><strong>Quali sono le cause dell&#8217;infertilit\u00e0 maschile?<\/strong><\/p>\n<p>Le cause dell&#8217;infertilit\u00e0 maschile sono le seguenti<\/p>\n<ul>\n<li>Problemi nella produzione di sperma<\/li>\n<li>Diminuzione del movimento degli spermatozoi<\/li>\n<li>Funzione anomala degli spermatozoi<\/li>\n<li>Assenza di spermatozoi nel liquido seminale (azoospermia)<\/li>\n<li>Varicocele (dilatazione dei vasi testicolari)<\/li>\n<li>Ostruzione dei canali<\/li>\n<li>Disturbi ormonali e malattie genetiche<\/li>\n<li>Forma anomala degli spermatozoi (morfologia)<\/li>\n<li>Problemi anatomici congeniti (testicolo non sceso, ecc.)<\/li>\n<li>Problemi del sistema immunitario<\/li>\n<li>Diabete<\/li>\n<li>Disfunzioni sessuali (come disturbi erettili ed eiaculazione precoce)<\/li>\n<li>Infezioni<\/li>\n<li>Alcune malattie febbrili nell&#8217;infanzia e nell&#8217;adolescenza<\/li>\n<li>Precedenti trattamenti antitumorali<\/li>\n<li>Stress<\/li>\n<li>Uso di droghe<\/li>\n<li>Eccessivo consumo di fumo, alcol e caffeina<\/li>\n<\/ul>\n<p><strong>Che cos&#8217;\u00e8 il trattamento dell&#8217;infertilit\u00e0?<\/strong><\/p>\n<p>Il paziente riceve un trattamento di fertilit\u00e0 personalizzato. I problemi di salute che impediscono la gravidanza devono essere esaminati sia per gli uomini che per le donne. \u00c8 importante diagnosticare correttamente i problemi e attuare un trattamento corretto e di successo. Pertanto, il trattamento dell&#8217;infertilit\u00e0 deve essere applicato individualmente<\/p>\n<p>Per il trattamento si pu\u00f2 ricorrere alla FIV, alla vaccinazione o a metodi chirurgici. Tuttavia, il processo di trattamento viene determinato in base ai problemi di salute attuali. La FIVET \u00e8 il metodo di trattamento pi\u00f9 popolare e di successo nel trattamento dell&#8217;infertilit\u00e0<\/p>\n<p>Tuttavia, il metodo pi\u00f9 adatto alla coppia viene deciso in base ai test di infertilit\u00e0 e alle caratteristiche della coppia (quanto tempo hanno aspettato una gravidanza, caratteristiche genetiche, et\u00e0, ecc.)<\/p>\n","protected":false},"excerpt":{"rendered":"<p>Come si esegue il monitoraggio dell&#8217;infertilit\u00e0? L&#8217;infertilit\u00e0 \u00e8 un problema di salute definito come il mancato concepimento nonostante i rapporti sessuali non protetti per un anno. Esistono molti problemi di salute che possono impedire una gravidanza Questi problemi possono verificarsi sia negli uomini che nelle donne. L&#8217;80% dei problemi di salute che possono portare all&#8217;infertilit\u00e0 [&hellip;]<\/p>\n","protected":false},"author":1,"featured_media":0,"parent":0,"menu_order":0,"comment_status":"closed","ping_status":"closed","template":"","meta":{"footnotes":""},"class_list":["post-8734","page","type-page","status-publish","hentry"],"yoast_head":"<!-- This site is optimized with the Yoast SEO plugin v19.5.1 - https:\/\/yoast.com\/wordpress\/plugins\/seo\/ -->\n<title>Monitoraggio dell&#039;infertilit\u00e0 - Ayfa Clinic Istanbul Turkey<\/title>\n<meta name=\"robots\" content=\"index, follow, max-snippet:-1, max-image-preview:large, max-video-preview:-1\" \/>\n<link rel=\"canonical\" href=\"https:\/\/ayfaclinic.com\/it\/monitoraggio-dellinfertilita\/\" \/>\n<meta property=\"og:locale\" content=\"tr_TR\" \/>\n<meta property=\"og:type\" content=\"article\" \/>\n<meta property=\"og:title\" content=\"Monitoraggio dell&#039;infertilit\u00e0 - Ayfa Clinic Istanbul Turkey\" \/>\n<meta property=\"og:description\" content=\"Come si esegue il monitoraggio dell&#8217;infertilit\u00e0? L&#8217;infertilit\u00e0 \u00e8 un problema di salute definito come il mancato concepimento nonostante i rapporti sessuali non protetti per un anno. Esistono molti problemi di salute che possono impedire una gravidanza Questi problemi possono verificarsi sia negli uomini che nelle donne. L&#8217;80% dei problemi di salute che possono portare all&#8217;infertilit\u00e0 [&hellip;]\" \/>\n<meta property=\"og:url\" content=\"https:\/\/ayfaclinic.com\/it\/monitoraggio-dellinfertilita\/\" \/>\n<meta property=\"og:site_name\" content=\"Ayfa Clinic - Health Starts Here\" \/>\n<meta property=\"article:modified_time\" content=\"2023-09-10T18:58:11+00:00\" \/>\n<meta name=\"twitter:card\" content=\"summary_large_image\" \/>\n<meta name=\"twitter:label1\" content=\"Tahmini okuma s\u00fcresi\" \/>\n\t<meta name=\"twitter:data1\" content=\"3 dakika\" \/>\n<script type=\"application\/ld+json\" class=\"yoast-schema-graph\">{\"@context\":\"https:\/\/schema.org\",\"@graph\":[{\"@type\":\"WebPage\",\"@id\":\"https:\/\/ayfaclinic.com\/it\/monitoraggio-dellinfertilita\/\",\"url\":\"https:\/\/ayfaclinic.com\/it\/monitoraggio-dellinfertilita\/\",\"name\":\"Monitoraggio dell'infertilit\u00e0 - Ayfa Clinic Istanbul Turkey\",\"isPartOf\":{\"@id\":\"https:\/\/ayfaclinic.com\/it\/#website\"},\"datePublished\":\"2022-08-19T12:57:57+00:00\",\"dateModified\":\"2023-09-10T18:58:11+00:00\",\"breadcrumb\":{\"@id\":\"https:\/\/ayfaclinic.com\/it\/monitoraggio-dellinfertilita\/#breadcrumb\"},\"inLanguage\":\"tr\",\"potentialAction\":[{\"@type\":\"ReadAction\",\"target\":[\"https:\/\/ayfaclinic.com\/it\/monitoraggio-dellinfertilita\/\"]}]},{\"@type\":\"BreadcrumbList\",\"@id\":\"https:\/\/ayfaclinic.com\/it\/monitoraggio-dellinfertilita\/#breadcrumb\",\"itemListElement\":[{\"@type\":\"ListItem\",\"position\":1,\"name\":\"Anasayfa\",\"item\":\"https:\/\/ayfaclinic.com\/it\/\"},{\"@type\":\"ListItem\",\"position\":2,\"name\":\"Monitoraggio dell&#8217;infertilit\u00e0\"}]},{\"@type\":\"WebSite\",\"@id\":\"https:\/\/ayfaclinic.com\/it\/#website\",\"url\":\"https:\/\/ayfaclinic.com\/it\/\",\"name\":\"Ayfa Clinic - Health Starts Here\",\"description\":\"Ayfa Clinic - Health Starts Here\",\"potentialAction\":[{\"@type\":\"SearchAction\",\"target\":{\"@type\":\"EntryPoint\",\"urlTemplate\":\"https:\/\/ayfaclinic.com\/it\/?s={search_term_string}\"},\"query-input\":\"required name=search_term_string\"}],\"inLanguage\":\"tr\"}]}<\/script>\n<!-- \/ Yoast SEO plugin. -->","yoast_head_json":{"title":"Monitoraggio dell'infertilit\u00e0 - Ayfa Clinic Istanbul Turkey","robots":{"index":"index","follow":"follow","max-snippet":"max-snippet:-1","max-image-preview":"max-image-preview:large","max-video-preview":"max-video-preview:-1"},"canonical":"https:\/\/ayfaclinic.com\/it\/monitoraggio-dellinfertilita\/","og_locale":"tr_TR","og_type":"article","og_title":"Monitoraggio dell'infertilit\u00e0 - Ayfa Clinic Istanbul Turkey","og_description":"Come si esegue il monitoraggio dell&#8217;infertilit\u00e0? L&#8217;infertilit\u00e0 \u00e8 un problema di salute definito come il mancato concepimento nonostante i rapporti sessuali non protetti per un anno. Esistono molti problemi di salute che possono impedire una gravidanza Questi problemi possono verificarsi sia negli uomini che nelle donne. L&#8217;80% dei problemi di salute che possono portare all&#8217;infertilit\u00e0 [&hellip;]","og_url":"https:\/\/ayfaclinic.com\/it\/monitoraggio-dellinfertilita\/","og_site_name":"Ayfa Clinic - Health Starts Here","article_modified_time":"2023-09-10T18:58:11+00:00","twitter_card":"summary_large_image","twitter_misc":{"Tahmini okuma s\u00fcresi":"3 dakika"},"schema":{"@context":"https:\/\/schema.org","@graph":[{"@type":"WebPage","@id":"https:\/\/ayfaclinic.com\/it\/monitoraggio-dellinfertilita\/","url":"https:\/\/ayfaclinic.com\/it\/monitoraggio-dellinfertilita\/","name":"Monitoraggio dell'infertilit\u00e0 - Ayfa Clinic Istanbul Turkey","isPartOf":{"@id":"https:\/\/ayfaclinic.com\/it\/#website"},"datePublished":"2022-08-19T12:57:57+00:00","dateModified":"2023-09-10T18:58:11+00:00","breadcrumb":{"@id":"https:\/\/ayfaclinic.com\/it\/monitoraggio-dellinfertilita\/#breadcrumb"},"inLanguage":"tr","potentialAction":[{"@type":"ReadAction","target":["https:\/\/ayfaclinic.com\/it\/monitoraggio-dellinfertilita\/"]}]},{"@type":"BreadcrumbList","@id":"https:\/\/ayfaclinic.com\/it\/monitoraggio-dellinfertilita\/#breadcrumb","itemListElement":[{"@type":"ListItem","position":1,"name":"Anasayfa","item":"https:\/\/ayfaclinic.com\/it\/"},{"@type":"ListItem","position":2,"name":"Monitoraggio dell&#8217;infertilit\u00e0"}]},{"@type":"WebSite","@id":"https:\/\/ayfaclinic.com\/it\/#website","url":"https:\/\/ayfaclinic.com\/it\/","name":"Ayfa Clinic - Health Starts Here","description":"Ayfa Clinic - Health Starts Here","potentialAction":[{"@type":"SearchAction","target":{"@type":"EntryPoint","urlTemplate":"https:\/\/ayfaclinic.com\/it\/?s={search_term_string}"},"query-input":"required name=search_term_string"}],"inLanguage":"tr"}]}},"_links":{"self":[{"href":"https:\/\/ayfaclinic.com\/it\/wp-json\/wp\/v2\/pages\/8734","targetHints":{"allow":["GET"]}}],"collection":[{"href":"https:\/\/ayfaclinic.com\/it\/wp-json\/wp\/v2\/pages"}],"about":[{"href":"https:\/\/ayfaclinic.com\/it\/wp-json\/wp\/v2\/types\/page"}],"author":[{"embeddable":true,"href":"https:\/\/ayfaclinic.com\/it\/wp-json\/wp\/v2\/users\/1"}],"replies":[{"embeddable":true,"href":"https:\/\/ayfaclinic.com\/it\/wp-json\/wp\/v2\/comments?post=8734"}],"version-history":[{"count":3,"href":"https:\/\/ayfaclinic.com\/it\/wp-json\/wp\/v2\/pages\/8734\/revisions"}],"predecessor-version":[{"id":8863,"href":"https:\/\/ayfaclinic.com\/it\/wp-json\/wp\/v2\/pages\/8734\/revisions\/8863"}],"wp:attachment":[{"href":"https:\/\/ayfaclinic.com\/it\/wp-json\/wp\/v2\/media?parent=8734"}],"curies":[{"name":"wp","href":"https:\/\/api.w.org\/{rel}","templated":true}]}}