{"id":8736,"date":"2022-08-19T12:58:22","date_gmt":"2022-08-19T12:58:22","guid":{"rendered":"https:\/\/ayfaclinic.com\/it\/?page_id=8736"},"modified":"2023-09-10T18:58:15","modified_gmt":"2023-09-10T18:58:15","slug":"laparoscopia","status":"publish","type":"page","link":"https:\/\/ayfaclinic.com\/it\/laparoscopia\/","title":{"rendered":"Laparoscopia"},"content":{"rendered":"<p>La laparoscopia \u00e8 un tipo di procedura chirurgica applicata con una tecnica chiusa. La laparoscopia consente al chirurgo di visualizzare gli organi addominali attraverso una telecamera inserita dall&#8217;ombelico. Durante la procedura \u00e8 possibile effettuare sia la diagnosi che il trattamento<\/p>\n<p>Soprattutto il 90% delle malattie ginecologiche pu\u00f2 essere operato con metodi laparoscopici. La laparoscopia viene eseguita in anestesia generale. Il tempo di recupero \u00e8 molto breve, poich\u00e9 viene eseguita con una tecnica chiusa<\/p>\n<p>La paziente si riprende in pochi giorni. I metodi laparoscopici consentono di completare l&#8217;intero processo operatorio con incisioni di 3-5 mm dall&#8217;ombelico e dall&#8217;addome inferiore<\/p>\n<p><strong>Quando vengono eseguiti i metodi laparoscopici?<\/strong><\/p>\n<p>La laparoscopia pu\u00f2 essere eseguita in circa il 90% delle patologie riscontrate nelle donne. Alcuni esempi sono<\/p>\n<ul>\n<li>Cisti ovariche,<\/li>\n<li>Gravidanza ectopica<\/li>\n<li>Mioma,<\/li>\n<li>Trattamento dell&#8217;infertilit\u00e0,<\/li>\n<li>Cisti di cioccolato,<\/li>\n<li>Rimozione dell&#8217;utero,<\/li>\n<li>Prolasso uterino,<\/li>\n<li>Tipi di cancro ginecologico, ecc.<\/li>\n<\/ul>\n<p><strong>Quali sono i vantaggi degli interventi ginecologici eseguiti in laparoscopia?<\/strong><\/p>\n<p>Il metodo laparoscopico \u00e8 molto pi\u00f9 vantaggioso della chirurgia aperta. Infatti, la tecnica pi\u00f9 adatta allo stato della malattia \u00e8 la pi\u00f9 vantaggiosa per la paziente<\/p>\n<p>Tuttavia, se le condizioni mediche attuali del paziente sono adatte sia al metodo laparoscopico che a quello aperto, si dovrebbe optare per il metodo laparoscopico. Alcuni di questi vantaggi sono<\/p>\n<ul>\n<li>Degenza ospedaliera pi\u00f9 breve,<\/li>\n<li>Meno dolore post-operatorio<\/li>\n<li>Tempi di recupero molto pi\u00f9 brevi, poich\u00e9 l&#8217;intervento viene eseguito attraverso incisioni molto piccole,<\/li>\n<li>I pazienti che non hanno avuto precedenti di parto presentano un tasso minore di aderenze intra-addominali dopo un intervento a cielo aperto e sperimentano meno frequentemente i problemi di salute associati a queste aderenze.<\/li>\n<li>I pazienti hanno meno problemi estetici rispetto alla chirurgia aperta.<\/li>\n<li>Rispetto agli interventi a cielo aperto, la laparoscopia presenta un rischio molto pi\u00f9 basso di complicazioni associate a grandi incisioni.<\/li>\n<\/ul>\n<p><strong>Chi \u00e8 adatto agli interventi di chirurgia ginecologica laparoscopica?<\/strong><\/p>\n<p>La chirurgia ginecologica laparoscopica \u00e8 adatta a molte pazienti. Tuttavia, le condizioni di salute di alcune pazienti possono essere pi\u00f9 adatte alla chirurgia aperta. Il medico decide se la paziente \u00e8 adatta all&#8217;intervento in base alle sue condizioni di salute nell&#8217;ambito della chirurgia laparoscopica. Gruppi di pazienti adatti alla laparoscopia<\/p>\n<ul>\n<li>Pazienti con diagnosi di malattia infiammatoria pelvica,<\/li>\n<li>Pazienti con dolore o sanguinamento eccessivo durante il periodo mestruale,<\/li>\n<li>Pazienti con endometriosi,<\/li>\n<li>Pazienti con sospetta cisti ovarica,<\/li>\n<li>Pazienti che devono ricevere un trattamento per una gravidanza ectopica,<\/li>\n<li>Pazienti con cisti o tumori addominali,<\/li>\n<li>Pazienti che richiedono la rimozione della cistifellea,<\/li>\n<li>Pazienti che richiedono l&#8217;asportazione dell&#8217;utero,<\/li>\n<li>Pazienti che richiedono l&#8217;asportazione dell&#8217;utero, delle tube di Falloppio o delle ovaie per vari motivi,<\/li>\n<li>Pazienti che richiedono l&#8217;asportazione di organi colpiti da vari tipi di cancro.<\/li>\n<\/ul>\n<p><strong>Quali sono i tipi di laparoscopia?<\/strong><\/p>\n<p>La laparoscopia viene eseguita per due scopi. Si tratta della laparoscopia diagnostica e di quella terapeutica. La laparoscopia diagnostica viene applicata per diagnosticare malattie di cui non si conosce la causa. La chirurgia laparoscopica viene eseguita anche a scopo terapeutico<\/p>\n<p>Il trattamento \u00e8 possibile durante la procedura. Viene spesso applicata per la diagnosi e il trattamento di problemi alle ovaie, alle tube di Falloppio e all&#8217;utero. Viene eseguita anche per patologie addominali e pelviche le cui cause non possono essere determinate.<\/p>\n","protected":false},"excerpt":{"rendered":"<p>La laparoscopia \u00e8 un tipo di procedura chirurgica applicata con una tecnica chiusa. La laparoscopia consente al chirurgo di visualizzare gli organi addominali attraverso una telecamera inserita dall&#8217;ombelico. Durante la procedura \u00e8 possibile effettuare sia la diagnosi che il trattamento Soprattutto il 90% delle malattie ginecologiche pu\u00f2 essere operato con metodi laparoscopici. La laparoscopia viene [&hellip;]<\/p>\n","protected":false},"author":1,"featured_media":0,"parent":0,"menu_order":0,"comment_status":"closed","ping_status":"closed","template":"","meta":{"footnotes":""},"class_list":["post-8736","page","type-page","status-publish","hentry"],"yoast_head":"<!-- This site is optimized with the Yoast SEO plugin v19.5.1 - https:\/\/yoast.com\/wordpress\/plugins\/seo\/ -->\n<title>Laparoscopia - Ayfa Clinic Istanbul Turkey<\/title>\n<meta name=\"robots\" content=\"index, follow, max-snippet:-1, max-image-preview:large, max-video-preview:-1\" \/>\n<link rel=\"canonical\" href=\"https:\/\/ayfaclinic.com\/it\/laparoscopia\/\" \/>\n<meta property=\"og:locale\" content=\"tr_TR\" \/>\n<meta property=\"og:type\" content=\"article\" \/>\n<meta property=\"og:title\" content=\"Laparoscopia - Ayfa Clinic Istanbul Turkey\" \/>\n<meta property=\"og:description\" content=\"La laparoscopia \u00e8 un tipo di procedura chirurgica applicata con una tecnica chiusa. La laparoscopia consente al chirurgo di visualizzare gli organi addominali attraverso una telecamera inserita dall&#8217;ombelico. Durante la procedura \u00e8 possibile effettuare sia la diagnosi che il trattamento Soprattutto il 90% delle malattie ginecologiche pu\u00f2 essere operato con metodi laparoscopici. La laparoscopia viene [&hellip;]\" \/>\n<meta property=\"og:url\" content=\"https:\/\/ayfaclinic.com\/it\/laparoscopia\/\" \/>\n<meta property=\"og:site_name\" content=\"Ayfa Clinic - Health Starts Here\" \/>\n<meta property=\"article:modified_time\" content=\"2023-09-10T18:58:15+00:00\" \/>\n<meta name=\"twitter:card\" content=\"summary_large_image\" \/>\n<meta name=\"twitter:label1\" content=\"Tahmini okuma s\u00fcresi\" \/>\n\t<meta name=\"twitter:data1\" content=\"3 dakika\" \/>\n<script type=\"application\/ld+json\" class=\"yoast-schema-graph\">{\"@context\":\"https:\/\/schema.org\",\"@graph\":[{\"@type\":\"WebPage\",\"@id\":\"https:\/\/ayfaclinic.com\/it\/laparoscopia\/\",\"url\":\"https:\/\/ayfaclinic.com\/it\/laparoscopia\/\",\"name\":\"Laparoscopia - Ayfa Clinic Istanbul Turkey\",\"isPartOf\":{\"@id\":\"https:\/\/ayfaclinic.com\/it\/#website\"},\"datePublished\":\"2022-08-19T12:58:22+00:00\",\"dateModified\":\"2023-09-10T18:58:15+00:00\",\"breadcrumb\":{\"@id\":\"https:\/\/ayfaclinic.com\/it\/laparoscopia\/#breadcrumb\"},\"inLanguage\":\"tr\",\"potentialAction\":[{\"@type\":\"ReadAction\",\"target\":[\"https:\/\/ayfaclinic.com\/it\/laparoscopia\/\"]}]},{\"@type\":\"BreadcrumbList\",\"@id\":\"https:\/\/ayfaclinic.com\/it\/laparoscopia\/#breadcrumb\",\"itemListElement\":[{\"@type\":\"ListItem\",\"position\":1,\"name\":\"Anasayfa\",\"item\":\"https:\/\/ayfaclinic.com\/it\/\"},{\"@type\":\"ListItem\",\"position\":2,\"name\":\"Laparoscopia\"}]},{\"@type\":\"WebSite\",\"@id\":\"https:\/\/ayfaclinic.com\/it\/#website\",\"url\":\"https:\/\/ayfaclinic.com\/it\/\",\"name\":\"Ayfa Clinic - Health Starts Here\",\"description\":\"Ayfa Clinic - Health Starts Here\",\"potentialAction\":[{\"@type\":\"SearchAction\",\"target\":{\"@type\":\"EntryPoint\",\"urlTemplate\":\"https:\/\/ayfaclinic.com\/it\/?s={search_term_string}\"},\"query-input\":\"required name=search_term_string\"}],\"inLanguage\":\"tr\"}]}<\/script>\n<!-- \/ Yoast SEO plugin. -->","yoast_head_json":{"title":"Laparoscopia - Ayfa Clinic Istanbul Turkey","robots":{"index":"index","follow":"follow","max-snippet":"max-snippet:-1","max-image-preview":"max-image-preview:large","max-video-preview":"max-video-preview:-1"},"canonical":"https:\/\/ayfaclinic.com\/it\/laparoscopia\/","og_locale":"tr_TR","og_type":"article","og_title":"Laparoscopia - Ayfa Clinic Istanbul Turkey","og_description":"La laparoscopia \u00e8 un tipo di procedura chirurgica applicata con una tecnica chiusa. La laparoscopia consente al chirurgo di visualizzare gli organi addominali attraverso una telecamera inserita dall&#8217;ombelico. Durante la procedura \u00e8 possibile effettuare sia la diagnosi che il trattamento Soprattutto il 90% delle malattie ginecologiche pu\u00f2 essere operato con metodi laparoscopici. La laparoscopia viene [&hellip;]","og_url":"https:\/\/ayfaclinic.com\/it\/laparoscopia\/","og_site_name":"Ayfa Clinic - Health Starts Here","article_modified_time":"2023-09-10T18:58:15+00:00","twitter_card":"summary_large_image","twitter_misc":{"Tahmini okuma s\u00fcresi":"3 dakika"},"schema":{"@context":"https:\/\/schema.org","@graph":[{"@type":"WebPage","@id":"https:\/\/ayfaclinic.com\/it\/laparoscopia\/","url":"https:\/\/ayfaclinic.com\/it\/laparoscopia\/","name":"Laparoscopia - Ayfa Clinic Istanbul Turkey","isPartOf":{"@id":"https:\/\/ayfaclinic.com\/it\/#website"},"datePublished":"2022-08-19T12:58:22+00:00","dateModified":"2023-09-10T18:58:15+00:00","breadcrumb":{"@id":"https:\/\/ayfaclinic.com\/it\/laparoscopia\/#breadcrumb"},"inLanguage":"tr","potentialAction":[{"@type":"ReadAction","target":["https:\/\/ayfaclinic.com\/it\/laparoscopia\/"]}]},{"@type":"BreadcrumbList","@id":"https:\/\/ayfaclinic.com\/it\/laparoscopia\/#breadcrumb","itemListElement":[{"@type":"ListItem","position":1,"name":"Anasayfa","item":"https:\/\/ayfaclinic.com\/it\/"},{"@type":"ListItem","position":2,"name":"Laparoscopia"}]},{"@type":"WebSite","@id":"https:\/\/ayfaclinic.com\/it\/#website","url":"https:\/\/ayfaclinic.com\/it\/","name":"Ayfa Clinic - Health Starts Here","description":"Ayfa Clinic - Health Starts Here","potentialAction":[{"@type":"SearchAction","target":{"@type":"EntryPoint","urlTemplate":"https:\/\/ayfaclinic.com\/it\/?s={search_term_string}"},"query-input":"required name=search_term_string"}],"inLanguage":"tr"}]}},"_links":{"self":[{"href":"https:\/\/ayfaclinic.com\/it\/wp-json\/wp\/v2\/pages\/8736","targetHints":{"allow":["GET"]}}],"collection":[{"href":"https:\/\/ayfaclinic.com\/it\/wp-json\/wp\/v2\/pages"}],"about":[{"href":"https:\/\/ayfaclinic.com\/it\/wp-json\/wp\/v2\/types\/page"}],"author":[{"embeddable":true,"href":"https:\/\/ayfaclinic.com\/it\/wp-json\/wp\/v2\/users\/1"}],"replies":[{"embeddable":true,"href":"https:\/\/ayfaclinic.com\/it\/wp-json\/wp\/v2\/comments?post=8736"}],"version-history":[{"count":3,"href":"https:\/\/ayfaclinic.com\/it\/wp-json\/wp\/v2\/pages\/8736\/revisions"}],"predecessor-version":[{"id":8864,"href":"https:\/\/ayfaclinic.com\/it\/wp-json\/wp\/v2\/pages\/8736\/revisions\/8864"}],"wp:attachment":[{"href":"https:\/\/ayfaclinic.com\/it\/wp-json\/wp\/v2\/media?parent=8736"}],"curies":[{"name":"wp","href":"https:\/\/api.w.org\/{rel}","templated":true}]}}